{"id":11548,"date":"2023-10-26T19:12:35","date_gmt":"2023-10-26T19:12:35","guid":{"rendered":"https:\/\/alimentacion.conahcyt.mx\/produccionsinglifosato\/faros-agroecologicos\/"},"modified":"2024-09-03T09:45:50","modified_gmt":"2024-09-03T15:45:50","slug":"faros-agroecologicos","status":"publish","type":"page","link":"https:\/\/alimentacion.conahcyt.mx\/produccionsinglifosato\/faros-agroecologicos\/","title":{"rendered":"Faros"},"content":{"rendered":"\n<div style=\"height:40px\" aria-hidden=\"true\" class=\"wp-block-spacer\"><\/div>\n\n\n\n<h1 class=\"wp-block-heading\">Faros agroecol\u00f3gicos<\/h1>\n\n\n\n<div style=\"height:10px\" aria-hidden=\"true\" class=\"wp-block-spacer\"><\/div>\n\n\n\n<p style=\"font-size:18px\">Son <strong>espacios de<\/strong> <strong>validaci\u00f3n cient\u00edfica y aprendizaje colectivo<\/strong> para la transformaci\u00f3n de la agricultura en M\u00e9xico, a trav\u00e9s de la recuperaci\u00f3n y validaci\u00f3n del uso de pr\u00e1cticas agroecol\u00f3gicas tradicionales y ancestrales, y la redignificaci\u00f3n de las personas campesinas.&nbsp;<\/p>\n\n\n\n<figure class=\"wp-block-image size-large is-resized\"><img loading=\"lazy\" decoding=\"async\" width=\"1024\" height=\"623\" src=\"https:\/\/alimentacion.conahcyt.mx\/produccionsinglifosato\/wp-content\/uploads\/2024\/04\/image-1-1024x623.png\" alt=\"\" class=\"wp-image-16651\" style=\"width:759px;height:auto\" srcset=\"https:\/\/alimentacion.conahcyt.mx\/produccionsinglifosato\/wp-content\/uploads\/2024\/04\/image-1-1024x623.png 1024w, https:\/\/alimentacion.conahcyt.mx\/produccionsinglifosato\/wp-content\/uploads\/2024\/04\/image-1-300x182.png 300w, https:\/\/alimentacion.conahcyt.mx\/produccionsinglifosato\/wp-content\/uploads\/2024\/04\/image-1-768x467.png 768w, https:\/\/alimentacion.conahcyt.mx\/produccionsinglifosato\/wp-content\/uploads\/2024\/04\/image-1.png 1255w\" sizes=\"(max-width: 1024px) 100vw, 1024px\" \/><\/figure>\n\n\n<style>.wp-block-kadence-spacer.kt-block-spacer-11548_c42662-b6 .kt-block-spacer{height:31px;}.wp-block-kadence-spacer.kt-block-spacer-11548_c42662-b6 .kt-divider{border-top-width:2px;border-top-color:#621132;width:80%;border-top-style:solid;}<\/style>\n<div class=\"wp-block-kadence-spacer aligncenter kt-block-spacer-11548_c42662-b6\"><div class=\"kt-block-spacer kt-block-spacer-halign-center\"><hr class=\"kt-divider\"\/><\/div><\/div>\n\n\n\n<p style=\"font-size:18px\">A trav\u00e9s de los proyectos apoyados por el Conahcyt, al d\u00eda de hoy se han establecido faros agroecol\u00f3gicos en: <\/p>\n\n\n\n<div class=\"wp-block-columns are-vertically-aligned-center is-layout-flex wp-container-core-columns-layout-1 wp-block-columns-is-layout-flex\">\n<div class=\"wp-block-column is-vertically-aligned-center is-layout-flow wp-block-column-is-layout-flow\"><style>.kb-count-up-11548_a8c990-52 .kb-count-up-title{text-align:center;}.kb-count-up-11548_a8c990-52 .kb-count-up-number{font-size:50px;}.kb-count-up-11548_a8c990-52 .kb-count-up-number{text-align:center;}<\/style>\n<div class=\"wp-block-kadence-countup kb-count-up-11548_a8c990-52 kb-count-up\" data-start=\"0\" data-end=\"22\" data-prefix=\"\" data-suffix=\"\" data-duration=\"2\" data-separator=\"\"><div class=\"kb-count-up-process kb-count-up-number\"><\/div><h4 class=\"kb-count-up-title\"><strong>Estados de la rep\u00fablica mexicana<\/strong><\/h4><\/div>\n<\/div>\n\n\n\n<div class=\"wp-block-column is-layout-flow wp-block-column-is-layout-flow\"><style>.kb-count-up-11548_1728d9-c1 .kb-count-up-title{text-align:center;}.kb-count-up-11548_1728d9-c1 .kb-count-up-number{font-size:50px;}.kb-count-up-11548_1728d9-c1 .kb-count-up-number{text-align:center;}<\/style>\n<div class=\"wp-block-kadence-countup kb-count-up-11548_1728d9-c1 kb-count-up\" data-start=\"0\" data-end=\"253\" data-prefix=\"\" data-suffix=\"\" data-duration=\"2\" data-separator=\"\"><div class=\"kb-count-up-process kb-count-up-number\"><\/div><h4 class=\"kb-count-up-title\"><strong>Localidades<\/strong><\/h4><\/div>\n<\/div>\n\n\n\n<div class=\"wp-block-column is-layout-flow wp-block-column-is-layout-flow\"><style>.kb-count-up-11548_21b6c9-15 .kb-count-up-title{text-align:center;}.kb-count-up-11548_21b6c9-15 .kb-count-up-number{font-size:50px;}.kb-count-up-11548_21b6c9-15 .kb-count-up-number{text-align:center;}<\/style>\n<div class=\"wp-block-kadence-countup kb-count-up-11548_21b6c9-15 kb-count-up\" data-start=\"0\" data-end=\"24000\" data-prefix=\"\" data-suffix=\"\" data-duration=\"2\" data-separator=\"\"><div class=\"kb-count-up-process kb-count-up-number\"><\/div><h4 class=\"kb-count-up-title\"><strong>Ha en transici\u00f3n agroecol\u00f3gica<\/strong><\/h4><\/div>\n<\/div>\n<\/div>\n\n\n\n<div style=\"height:20px\" aria-hidden=\"true\" class=\"wp-block-spacer\"><\/div>\n\n\n\n<p style=\"font-size:18px\">En estos espacios, se report\u00f3 la implementaci\u00f3n de diversas <strong>pr\u00e1cticas agroecol\u00f3gicas<\/strong>, mismas que fueron agrupadas en <strong>15 clasificaciones<\/strong> de acuerdo con su naturaleza, y aplicadas en <strong>m\u00e1s de 500 combinaciones<\/strong>, incluyendo el uso de <strong>bioinsumos <\/strong>en funci\u00f3n de las necesidades del cultivo por etapa fenol\u00f3gica. Lo anterior, permiti\u00f3 la elaboraci\u00f3n de <strong>planes de manejo<\/strong> espec\u00edficos, ejecutados por las personas productoras capacitadas para ello.<\/p>\n\n\n<style>.wp-block-kadence-spacer.kt-block-spacer-11548_5629d4-29 .kt-block-spacer{height:31px;}.wp-block-kadence-spacer.kt-block-spacer-11548_5629d4-29 .kt-divider{border-top-width:2px;border-top-color:#621132;width:80%;border-top-style:solid;}<\/style>\n<div class=\"wp-block-kadence-spacer aligncenter kt-block-spacer-11548_5629d4-29\"><div class=\"kt-block-spacer kt-block-spacer-halign-center\"><hr class=\"kt-divider\"\/><\/div><\/div>\n\n\n\n<div style=\"height:10px\" aria-hidden=\"true\" class=\"wp-block-spacer\"><\/div>\n\n\n\n<div class=\"wp-block-buttons is-content-justification-center is-layout-flex wp-container-core-buttons-layout-1 wp-block-buttons-is-layout-flex\">\n<div class=\"wp-block-button\"><a class=\"wp-block-button__link has-background wp-element-button\" href=\"https:\/\/gema.conahcyt.mx\/visualizador?capas=soal_faros_agroecologicos_21_24_xy_p,,1#map=5\/23.6254\/-102.5378\" style=\"background-color:#621132\">Visita la capa de informaci\u00f3n en Gema<\/a><\/div>\n<\/div>\n\n\n\n<div style=\"height:10px\" aria-hidden=\"true\" class=\"wp-block-spacer\"><\/div>\n\n\n<style>.wp-block-kadence-spacer.kt-block-spacer-11548_6a11b4-d0 .kt-block-spacer{height:60px;}.wp-block-kadence-spacer.kt-block-spacer-11548_6a11b4-d0 .kt-divider{border-top-width:2px;border-top-color:#621132;width:80%;border-top-style:solid;}<\/style>\n<div class=\"wp-block-kadence-spacer aligncenter kt-block-spacer-11548_6a11b4-d0\"><div class=\"kt-block-spacer kt-block-spacer-halign-center\"><hr class=\"kt-divider\"\/><\/div><\/div>\n\n\n\n<div style=\"height:40px\" aria-hidden=\"true\" class=\"wp-block-spacer\"><\/div>\n\n\n\n<p class=\"has-text-align-center has-black-color has-text-color has-link-color wp-elements-440c35619b40894388cb78a4b36b064c\" style=\"font-size:25px\"><strong>Conoce los faros agroecol\u00f3gicos:<\/strong><\/p>\n\n\n\n<div class=\"wp-block-buttons is-content-justification-center is-layout-flex wp-container-core-buttons-layout-2 wp-block-buttons-is-layout-flex\">\n<div class=\"wp-block-button is-style-fill\"><a class=\"wp-block-button__link has-background has-text-align-center wp-element-button\" href=\"https:\/\/alimentacion.conahcyt.mx\/produccionsinglifosato\/casos-de-exito\/\" style=\"background-color:#b38e5d\">Ver casos de \u00e9xito<\/a><\/div>\n<\/div>\n\n\n\n<div style=\"height:15px\" aria-hidden=\"true\" class=\"wp-block-spacer\"><\/div>\n\n\n\n<div class=\"wp-block-buttons is-content-justification-center is-layout-flex wp-container-core-buttons-layout-3 wp-block-buttons-is-layout-flex\">\n<div class=\"wp-block-button\"><a class=\"wp-block-button__link has-white-color has-text-color has-link-color wp-element-button\" href=\"https:\/\/farosagroecologicos.ciad.mx\/\">Ma\u00edz<\/a><\/div>\n\n\n\n<div class=\"wp-block-button\"><a class=\"wp-block-button__link has-white-color has-text-color has-link-color wp-element-button\" href=\"https:\/\/www.facebook.com\/Proyectonaranjaglifosato\/?_rdr\">Naranja<\/a><\/div>\n\n\n\n<div class=\"wp-block-button\"><a class=\"wp-block-button__link wp-element-button\" href=\"https:\/\/www.anec.org.mx\/\">Otros sitios de inter\u00e9s<\/a><\/div>\n<\/div>\n\n\n\n<div style=\"height:40px\" aria-hidden=\"true\" class=\"wp-block-spacer\"><\/div>\n\n\n<style>.wp-block-kadence-spacer.kt-block-spacer-11548_b279fe-cd .kt-block-spacer{height:60px;}.wp-block-kadence-spacer.kt-block-spacer-11548_b279fe-cd .kt-divider{border-top-width:2px;border-top-color:#621132;width:80%;border-top-style:solid;}<\/style>\n<div class=\"wp-block-kadence-spacer aligncenter kt-block-spacer-11548_b279fe-cd\"><div class=\"kt-block-spacer kt-block-spacer-halign-center\"><hr class=\"kt-divider\"\/><\/div><\/div>\n\n\n\n<p class=\"has-text-color has-link-color has-small-font-size wp-elements-e5f890223b6f689cf2291478e097a682\" style=\"color:#8c8c8c\"><strong><em>La informaci\u00f3n contenida en la presente plataforma deriva de los avances y resultados presentados en los proyectos apoyados por el Consejo Nacional de Humanidades Ciencias y Tecnolog\u00edas. Su uso deber\u00e1 realizarse con estricta responsabilidad y en apego a lo dispuesto en la Ley Federal del Derecho de Autor.<\/em><\/strong><\/p>\n","protected":false},"excerpt":{"rendered":"<p>Faros agroecol\u00f3gicos Son espacios de validaci\u00f3n cient\u00edfica y aprendizaje colectivo para la transformaci\u00f3n de la agricultura en M\u00e9xico, a trav\u00e9s de la recuperaci\u00f3n y validaci\u00f3n del uso de pr\u00e1cticas agroecol\u00f3gicas tradicionales y ancestrales, y la redignificaci\u00f3n de las personas campesinas.&nbsp; A trav\u00e9s de los proyectos apoyados por el Conahcyt, al d\u00eda de hoy se han [&hellip;]<\/p>\n","protected":false},"author":1,"featured_media":11563,"parent":0,"menu_order":0,"comment_status":"open","ping_status":"open","template":"","meta":{"ocean_post_layout":"left-sidebar","ocean_both_sidebars_style":"","ocean_both_sidebars_content_width":0,"ocean_both_sidebars_sidebars_width":0,"ocean_sidebar":"ocs-sidebar-02-faros-agroecologicos","ocean_second_sidebar":"","ocean_disable_margins":"enable","ocean_add_body_class":"","ocean_shortcode_before_top_bar":"","ocean_shortcode_after_top_bar":"","ocean_shortcode_before_header":"","ocean_shortcode_after_header":"","ocean_has_shortcode":"","ocean_shortcode_after_title":"","ocean_shortcode_before_footer_widgets":"","ocean_shortcode_after_footer_widgets":"","ocean_shortcode_before_footer_bottom":"","ocean_shortcode_after_footer_bottom":"","ocean_display_top_bar":"default","ocean_display_header":"default","ocean_header_style":"","ocean_center_header_left_menu":"","ocean_custom_header_template":"","ocean_custom_logo":0,"ocean_custom_retina_logo":0,"ocean_custom_logo_max_width":0,"ocean_custom_logo_tablet_max_width":0,"ocean_custom_logo_mobile_max_width":0,"ocean_custom_logo_max_height":0,"ocean_custom_logo_tablet_max_height":0,"ocean_custom_logo_mobile_max_height":0,"ocean_header_custom_menu":"","ocean_menu_typo_font_family":"","ocean_menu_typo_font_subset":"","ocean_menu_typo_font_size":0,"ocean_menu_typo_font_size_tablet":0,"ocean_menu_typo_font_size_mobile":0,"ocean_menu_typo_font_size_unit":"px","ocean_menu_typo_font_weight":"","ocean_menu_typo_font_weight_tablet":"","ocean_menu_typo_font_weight_mobile":"","ocean_menu_typo_transform":"","ocean_menu_typo_transform_tablet":"","ocean_menu_typo_transform_mobile":"","ocean_menu_typo_line_height":0,"ocean_menu_typo_line_height_tablet":0,"ocean_menu_typo_line_height_mobile":0,"ocean_menu_typo_line_height_unit":"","ocean_menu_typo_spacing":0,"ocean_menu_typo_spacing_tablet":0,"ocean_menu_typo_spacing_mobile":0,"ocean_menu_typo_spacing_unit":"","ocean_menu_link_color":"","ocean_menu_link_color_hover":"","ocean_menu_link_color_active":"","ocean_menu_link_background":"","ocean_menu_link_hover_background":"","ocean_menu_link_active_background":"","ocean_menu_social_links_bg":"","ocean_menu_social_hover_links_bg":"","ocean_menu_social_links_color":"","ocean_menu_social_hover_links_color":"","ocean_disable_title":"on","ocean_disable_heading":"default","ocean_post_title":"","ocean_post_subheading":"","ocean_post_title_style":"","ocean_post_title_background_color":"","ocean_post_title_background":0,"ocean_post_title_bg_image_position":"","ocean_post_title_bg_image_attachment":"","ocean_post_title_bg_image_repeat":"","ocean_post_title_bg_image_size":"","ocean_post_title_height":0,"ocean_post_title_bg_overlay":0.5,"ocean_post_title_bg_overlay_color":"","ocean_disable_breadcrumbs":"default","ocean_breadcrumbs_color":"","ocean_breadcrumbs_separator_color":"","ocean_breadcrumbs_links_color":"","ocean_breadcrumbs_links_hover_color":"","ocean_display_footer_widgets":"default","ocean_display_footer_bottom":"default","ocean_custom_footer_template":"","footnotes":""},"aioseo_notices":[],"_links":{"self":[{"href":"https:\/\/alimentacion.conahcyt.mx\/produccionsinglifosato\/wp-json\/wp\/v2\/pages\/11548"}],"collection":[{"href":"https:\/\/alimentacion.conahcyt.mx\/produccionsinglifosato\/wp-json\/wp\/v2\/pages"}],"about":[{"href":"https:\/\/alimentacion.conahcyt.mx\/produccionsinglifosato\/wp-json\/wp\/v2\/types\/page"}],"author":[{"embeddable":true,"href":"https:\/\/alimentacion.conahcyt.mx\/produccionsinglifosato\/wp-json\/wp\/v2\/users\/1"}],"replies":[{"embeddable":true,"href":"https:\/\/alimentacion.conahcyt.mx\/produccionsinglifosato\/wp-json\/wp\/v2\/comments?post=11548"}],"version-history":[{"count":41,"href":"https:\/\/alimentacion.conahcyt.mx\/produccionsinglifosato\/wp-json\/wp\/v2\/pages\/11548\/revisions"}],"predecessor-version":[{"id":17982,"href":"https:\/\/alimentacion.conahcyt.mx\/produccionsinglifosato\/wp-json\/wp\/v2\/pages\/11548\/revisions\/17982"}],"wp:featuredmedia":[{"embeddable":true,"href":"https:\/\/alimentacion.conahcyt.mx\/produccionsinglifosato\/wp-json\/wp\/v2\/media\/11563"}],"wp:attachment":[{"href":"https:\/\/alimentacion.conahcyt.mx\/produccionsinglifosato\/wp-json\/wp\/v2\/media?parent=11548"}],"curies":[{"name":"wp","href":"https:\/\/api.w.org\/{rel}","templated":true}]}}