{"id":11665,"date":"2023-10-26T19:12:35","date_gmt":"2023-10-26T19:12:35","guid":{"rendered":"https:\/\/alimentacion.conahcyt.mx\/produccionsinglifosato\/bioinsumos\/bioherbicidas-conahcyt\/"},"modified":"2024-09-24T17:29:09","modified_gmt":"2024-09-24T23:29:09","slug":"bioherbicidas-conahcyt","status":"publish","type":"page","link":"https:\/\/alimentacion.conahcyt.mx\/produccionsinglifosato\/decreto_glifosato_y_maiz_2020\/bioherbicidas-conahcyt\/","title":{"rendered":"Bioherbicidas Conahcyt"},"content":{"rendered":"\n<div style=\"height:40px\" aria-hidden=\"true\" class=\"wp-block-spacer\"><\/div>\n\n\n\n<h1 class=\"wp-block-heading\">Bioherbicidas Conahcyt<\/h1>\n\n\n\n<div style=\"height:11px\" aria-hidden=\"true\" class=\"wp-block-spacer\"><\/div>\n\n\n\n<p style=\"font-size:18px\">Conahcyt ha impulsado de manera decidida el desarrollo de bioherbicidas que aumenten las alternativas al glifosato a trav\u00e9s del financiamiento de 8 desarrollos, de los cuales 3 mostraron ser productos seguros y con acci\u00f3n bioherbicida eficaz, probados en unidades experimentales, en 13 estados de la Rep\u00fablica. <\/p>\n\n\n\n<p style=\"font-size:18px\">Actualmente, estos desarrollos se encuentran en etapa de escalamiento y en proceso de integrar su registro ante la Comisi\u00f3n Federal para la Protecci\u00f3n contra Riesgos Sanitarios (Cofepris).&nbsp;<\/p>\n\n\n<style>.kb-image11665_bcb2f4-b0.kb-image-is-ratio-size, .kb-image11665_bcb2f4-b0 .kb-image-is-ratio-size{max-width:415px;width:100%;}.wp-block-kadence-column > .kt-inside-inner-col > .kb-image11665_bcb2f4-b0.kb-image-is-ratio-size, .wp-block-kadence-column > .kt-inside-inner-col > .kb-image11665_bcb2f4-b0 .kb-image-is-ratio-size{align-self:unset;}.kb-image11665_bcb2f4-b0 figure{max-width:415px;}.kb-image11665_bcb2f4-b0 .image-is-svg, .kb-image11665_bcb2f4-b0 .image-is-svg img{width:100%;}.kb-image11665_bcb2f4-b0 .kb-image-has-overlay:after{opacity:0.3;}<\/style>\n<div class=\"wp-block-kadence-image kb-image11665_bcb2f4-b0\"><figure class=\"aligncenter size-full\"><img loading=\"lazy\" decoding=\"async\" width=\"419\" height=\"312\" src=\"https:\/\/alimentacion.conahcyt.mx\/produccionsinglifosato\/wp-content\/uploads\/2024\/03\/Semillas-4.jpg\" alt=\"\" class=\"kb-img wp-image-13609\" srcset=\"https:\/\/alimentacion.conahcyt.mx\/produccionsinglifosato\/wp-content\/uploads\/2024\/03\/Semillas-4.jpg 419w, https:\/\/alimentacion.conahcyt.mx\/produccionsinglifosato\/wp-content\/uploads\/2024\/03\/Semillas-4-300x223.jpg 300w\" sizes=\"(max-width: 419px) 100vw, 419px\" \/><\/figure><\/div>\n\n\n\n<div style=\"height:18px\" aria-hidden=\"true\" class=\"wp-block-spacer\"><\/div>\n\n\n<style>.wp-block-kadence-advancedheading.kt-adv-heading11665_7818dd-32, .wp-block-kadence-advancedheading.kt-adv-heading11665_7818dd-32[data-kb-block=\"kb-adv-heading11665_7818dd-32\"]{text-align:center;font-style:normal;background-color:#285c4d;}.wp-block-kadence-advancedheading.kt-adv-heading11665_7818dd-32 mark.kt-highlight, .wp-block-kadence-advancedheading.kt-adv-heading11665_7818dd-32[data-kb-block=\"kb-adv-heading11665_7818dd-32\"] mark.kt-highlight{font-style:normal;color:#f76a0c;-webkit-box-decoration-break:clone;box-decoration-break:clone;padding-top:0px;padding-right:0px;padding-bottom:0px;padding-left:0px;}<\/style>\n<h2 class=\"kt-adv-heading11665_7818dd-32 wp-block-kadence-advancedheading has-very-light-gray-color has-text-color\" data-kb-block=\"kb-adv-heading11665_7818dd-32\">Bioherbicidas novedosos cien por ciento mexicanos&nbsp;<\/h2>\n\n\n<style>.kb-row-layout-id11665_a78050-04 > .kt-row-column-wrap{align-content:start;}:where(.kb-row-layout-id11665_a78050-04 > .kt-row-column-wrap) > .wp-block-kadence-column{justify-content:start;}.kb-row-layout-id11665_a78050-04 > .kt-row-column-wrap{column-gap:var(--global-kb-gap-md, 2rem);row-gap:var(--global-kb-gap-md, 2rem);padding-top:var(--global-kb-spacing-sm, 1.5rem);padding-bottom:var(--global-kb-spacing-sm, 1.5rem);grid-template-columns:minmax(0, 1fr);}.kb-row-layout-id11665_a78050-04 > .kt-row-layout-overlay{opacity:0.30;}.kb-row-layout-id11665_a78050-04 .kt-row-layout-bottom-sep{height:30px;}.kb-row-layout-id11665_a78050-04 .kt-row-layout-bottom-sep svg{width:100%;}.kb-row-layout-id11665_a78050-04 .kt-row-layout-bottom-sep svg{fill:rgba(40,92,77,0.3)!important;}@media all and (max-width: 1024px){.kb-row-layout-id11665_a78050-04 > .kt-row-column-wrap{grid-template-columns:minmax(0, 1fr);}}@media all and (max-width: 1024px){.kb-row-layout-id11665_a78050-04 .kt-row-layout-bottom-sep{height:px;}}@media all and (max-width: 1024px){.kb-row-layout-id11665_a78050-04 .kt-row-layout-bottom-sep svg{width:%;}}@media all and (max-width: 767px){.kb-row-layout-id11665_a78050-04 > .kt-row-column-wrap{grid-template-columns:minmax(0, 1fr);}.kb-row-layout-id11665_a78050-04 .kt-row-layout-bottom-sep{height:px;}.kb-row-layout-id11665_a78050-04 .kt-row-layout-bottom-sep svg{width:%;}}<\/style><div class=\"kb-row-layout-wrap kb-row-layout-id11665_a78050-04 alignnone wp-block-kadence-rowlayout\"><div class=\"kt-row-layout-bottom-sep kt-row-sep-type-littrii\"><svg viewBox=\"0 0 1000 100\" preserveAspectRatio=\"none\"><path d=\"M1000,100l-1000,0l0,-100l475,0l25,98l25,-98l475,0l0,100Z\" \/><\/svg><\/div><div class=\"kt-row-column-wrap kt-has-1-columns kt-row-layout-equal kt-tab-layout-inherit kt-mobile-layout-row kt-row-valign-top\">\n<style>.kadence-column11665_62f303-c4 > .kt-inside-inner-col,.kadence-column11665_62f303-c4 > .kt-inside-inner-col:before{border-top-left-radius:0px;border-top-right-radius:0px;border-bottom-right-radius:0px;border-bottom-left-radius:0px;}.kadence-column11665_62f303-c4 > .kt-inside-inner-col{column-gap:var(--global-kb-gap-sm, 1rem);}.kadence-column11665_62f303-c4 > .kt-inside-inner-col{flex-direction:column;}.kadence-column11665_62f303-c4 > .kt-inside-inner-col > .aligncenter{width:100%;}.kadence-column11665_62f303-c4 > .kt-inside-inner-col:before{opacity:0.3;}.kadence-column11665_62f303-c4{position:relative;}@media all and (max-width: 1024px){.kadence-column11665_62f303-c4 > .kt-inside-inner-col{flex-direction:column;}}@media all and (max-width: 767px){.kadence-column11665_62f303-c4 > .kt-inside-inner-col{flex-direction:column;}}<\/style>\n<div class=\"wp-block-kadence-column kadence-column11665_62f303-c4\"><div class=\"kt-inside-inner-col\"><\/div><\/div>\n\n<\/div><\/div>\n\n\n<figure class=\"wp-block-table is-style-stripes\"><table><tbody><tr><td><strong>Producto desarrollado<\/strong>&nbsp;<\/td><td><strong>Desarrollador<\/strong>&nbsp;<\/td><td><strong>Usos<\/strong>&nbsp;<\/td><\/tr><tr><td>Contronat<\/td><td>Promotora T\u00e9cnica e industrial, S.A. de C.V.&nbsp;<\/td><td>Post emergente&nbsp;<\/td><\/tr><tr><td>Bioarvex Control<\/td><td>Universidad Aut\u00f3noma de Coahuila&nbsp;<\/td><td>Pre emergente&nbsp;<\/td><\/tr><tr><td>NanoSEC<\/td><td>Corporativo de Desarrollo Sustentable S.A. de C.V.&nbsp;<\/td><td>Post emergente&nbsp;<\/td><\/tr><\/tbody><\/table><\/figure>\n\n\n<style>.kb-image11665_2f9f03-f5 .kb-image-has-overlay:after{opacity:0.3;}<\/style>\n<figure class=\"wp-block-kadence-image kb-image11665_2f9f03-f5 alignwide size-full\"><img loading=\"lazy\" decoding=\"async\" width=\"791\" height=\"307\" src=\"https:\/\/alimentacion.conahcyt.mx\/produccionsinglifosato\/wp-content\/uploads\/2024\/03\/Invivo-1.jpg\" alt=\"\" class=\"kb-img wp-image-13603\" srcset=\"https:\/\/alimentacion.conahcyt.mx\/produccionsinglifosato\/wp-content\/uploads\/2024\/03\/Invivo-1.jpg 791w, https:\/\/alimentacion.conahcyt.mx\/produccionsinglifosato\/wp-content\/uploads\/2024\/03\/Invivo-1-300x116.jpg 300w, https:\/\/alimentacion.conahcyt.mx\/produccionsinglifosato\/wp-content\/uploads\/2024\/03\/Invivo-1-768x298.jpg 768w\" sizes=\"(max-width: 791px) 100vw, 791px\" \/><\/figure>\n\n\n\n<div class=\"wp-block-buttons is-content-justification-center is-layout-flex wp-container-core-buttons-layout-1 wp-block-buttons-is-layout-flex\">\n<div class=\"wp-block-button\"><a class=\"wp-block-button__link has-kb-palette-3-background-color has-background wp-element-button\" href=\"https:\/\/alimentacion.conahcyt.mx\/produccionsinglifosato\/biblioteca\/#bioherbicidas-conahcyt\">Consulta los proyectos apoyados por el Conahcyt en la biblioteca<\/a><\/div>\n<\/div>\n\n\n<style>.wp-block-kadence-spacer.kt-block-spacer-11665_944b60-79 .kt-block-spacer{height:60px;}.wp-block-kadence-spacer.kt-block-spacer-11665_944b60-79 .kt-divider{border-top-width:1px;height:1px;border-top-color:#eee;width:80%;border-top-style:solid;}<\/style>\n<div class=\"wp-block-kadence-spacer aligncenter kt-block-spacer-11665_944b60-79\"><div class=\"kt-block-spacer kt-block-spacer-halign-center\"><hr class=\"kt-divider\"\/><\/div><\/div>\n\n\n\n<p class=\"has-text-color has-link-color has-small-font-size wp-elements-e51c9ac8db2f9b4b15c31e9592817d5a\" style=\"color:#8c8c8c\"><strong><em>La informaci\u00f3n contenida en la presente plataforma deriva de los avances y resultados presentados en los proyectos apoyados por el Consejo Nacional de Humanidades Ciencias y Tecnolog\u00edas. Su uso deber\u00e1 realizarse con estricta responsabilidad y en apego a lo dispuesto en la Ley Federal del Derecho de Autor.<\/em><\/strong><\/p>\n","protected":false},"excerpt":{"rendered":"<p>Bioherbicidas Conahcyt Conahcyt ha impulsado de manera decidida el desarrollo de bioherbicidas que aumenten las alternativas al glifosato a trav\u00e9s del financiamiento de 8 desarrollos, de los cuales 3 mostraron ser productos seguros y con acci\u00f3n bioherbicida eficaz, probados en unidades experimentales, en 13 estados de la Rep\u00fablica. Actualmente, estos desarrollos se encuentran en etapa [&hellip;]<\/p>\n","protected":false},"author":1,"featured_media":11668,"parent":11635,"menu_order":0,"comment_status":"open","ping_status":"open","template":"","meta":{"ocean_post_layout":"left-sidebar","ocean_both_sidebars_style":"","ocean_both_sidebars_content_width":0,"ocean_both_sidebars_sidebars_width":0,"ocean_sidebar":"ocs-sidebar-03-bioinsumos","ocean_second_sidebar":"","ocean_disable_margins":"enable","ocean_add_body_class":"","ocean_shortcode_before_top_bar":"","ocean_shortcode_after_top_bar":"","ocean_shortcode_before_header":"","ocean_shortcode_after_header":"","ocean_has_shortcode":"","ocean_shortcode_after_title":"","ocean_shortcode_before_footer_widgets":"","ocean_shortcode_after_footer_widgets":"","ocean_shortcode_before_footer_bottom":"","ocean_shortcode_after_footer_bottom":"","ocean_display_top_bar":"default","ocean_display_header":"default","ocean_header_style":"","ocean_center_header_left_menu":"","ocean_custom_header_template":"","ocean_custom_logo":0,"ocean_custom_retina_logo":0,"ocean_custom_logo_max_width":0,"ocean_custom_logo_tablet_max_width":0,"ocean_custom_logo_mobile_max_width":0,"ocean_custom_logo_max_height":0,"ocean_custom_logo_tablet_max_height":0,"ocean_custom_logo_mobile_max_height":0,"ocean_header_custom_menu":"","ocean_menu_typo_font_family":"","ocean_menu_typo_font_subset":"","ocean_menu_typo_font_size":0,"ocean_menu_typo_font_size_tablet":0,"ocean_menu_typo_font_size_mobile":0,"ocean_menu_typo_font_size_unit":"px","ocean_menu_typo_font_weight":"","ocean_menu_typo_font_weight_tablet":"","ocean_menu_typo_font_weight_mobile":"","ocean_menu_typo_transform":"","ocean_menu_typo_transform_tablet":"","ocean_menu_typo_transform_mobile":"","ocean_menu_typo_line_height":0,"ocean_menu_typo_line_height_tablet":0,"ocean_menu_typo_line_height_mobile":0,"ocean_menu_typo_line_height_unit":"","ocean_menu_typo_spacing":0,"ocean_menu_typo_spacing_tablet":0,"ocean_menu_typo_spacing_mobile":0,"ocean_menu_typo_spacing_unit":"","ocean_menu_link_color":"","ocean_menu_link_color_hover":"","ocean_menu_link_color_active":"","ocean_menu_link_background":"","ocean_menu_link_hover_background":"","ocean_menu_link_active_background":"","ocean_menu_social_links_bg":"","ocean_menu_social_hover_links_bg":"","ocean_menu_social_links_color":"","ocean_menu_social_hover_links_color":"","ocean_disable_title":"on","ocean_disable_heading":"default","ocean_post_title":"","ocean_post_subheading":"","ocean_post_title_style":"","ocean_post_title_background_color":"","ocean_post_title_background":0,"ocean_post_title_bg_image_position":"","ocean_post_title_bg_image_attachment":"","ocean_post_title_bg_image_repeat":"","ocean_post_title_bg_image_size":"","ocean_post_title_height":0,"ocean_post_title_bg_overlay":0.5,"ocean_post_title_bg_overlay_color":"","ocean_disable_breadcrumbs":"default","ocean_breadcrumbs_color":"","ocean_breadcrumbs_separator_color":"","ocean_breadcrumbs_links_color":"","ocean_breadcrumbs_links_hover_color":"","ocean_display_footer_widgets":"default","ocean_display_footer_bottom":"default","ocean_custom_footer_template":"","footnotes":""},"aioseo_notices":[],"_links":{"self":[{"href":"https:\/\/alimentacion.conahcyt.mx\/produccionsinglifosato\/wp-json\/wp\/v2\/pages\/11665"}],"collection":[{"href":"https:\/\/alimentacion.conahcyt.mx\/produccionsinglifosato\/wp-json\/wp\/v2\/pages"}],"about":[{"href":"https:\/\/alimentacion.conahcyt.mx\/produccionsinglifosato\/wp-json\/wp\/v2\/types\/page"}],"author":[{"embeddable":true,"href":"https:\/\/alimentacion.conahcyt.mx\/produccionsinglifosato\/wp-json\/wp\/v2\/users\/1"}],"replies":[{"embeddable":true,"href":"https:\/\/alimentacion.conahcyt.mx\/produccionsinglifosato\/wp-json\/wp\/v2\/comments?post=11665"}],"version-history":[{"count":18,"href":"https:\/\/alimentacion.conahcyt.mx\/produccionsinglifosato\/wp-json\/wp\/v2\/pages\/11665\/revisions"}],"predecessor-version":[{"id":18242,"href":"https:\/\/alimentacion.conahcyt.mx\/produccionsinglifosato\/wp-json\/wp\/v2\/pages\/11665\/revisions\/18242"}],"up":[{"embeddable":true,"href":"https:\/\/alimentacion.conahcyt.mx\/produccionsinglifosato\/wp-json\/wp\/v2\/media\/11635"}],"wp:featuredmedia":[{"embeddable":true,"href":"https:\/\/alimentacion.conahcyt.mx\/produccionsinglifosato\/wp-json\/wp\/v2\/media\/11668"}],"wp:attachment":[{"href":"https:\/\/alimentacion.conahcyt.mx\/produccionsinglifosato\/wp-json\/wp\/v2\/media?parent=11665"}],"curies":[{"name":"wp","href":"https:\/\/api.w.org\/{rel}","templated":true}]}}