{"id":11677,"date":"2023-10-26T19:12:35","date_gmt":"2023-10-26T19:12:35","guid":{"rendered":"https:\/\/alimentacion.conahcyt.mx\/produccionsinglifosato\/bioinsumos\/bioherbicidas-comerciales\/"},"modified":"2024-10-10T18:54:54","modified_gmt":"2024-10-11T00:54:54","slug":"bioherbicidas-comerciales","status":"publish","type":"page","link":"https:\/\/alimentacion.conahcyt.mx\/produccionsinglifosato\/decreto_glifosato_y_maiz_2020\/bioherbicidas-comerciales\/","title":{"rendered":"Bioherbicidas comerciales"},"content":{"rendered":"\n<div style=\"height:40px\" aria-hidden=\"true\" class=\"wp-block-spacer\"><\/div>\n\n\n\n<h1 class=\"wp-block-heading\">Bioherbicidas comerciales<\/h1>\n\n\n\n<div style=\"height:8px\" aria-hidden=\"true\" class=\"wp-block-spacer\"><\/div>\n\n\n<style>.wp-block-kadence-advancedheading.kt-adv-heading11677_851e55-0e, .wp-block-kadence-advancedheading.kt-adv-heading11677_851e55-0e[data-kb-block=\"kb-adv-heading11677_851e55-0e\"]{font-style:normal;}.wp-block-kadence-advancedheading.kt-adv-heading11677_851e55-0e mark.kt-highlight, .wp-block-kadence-advancedheading.kt-adv-heading11677_851e55-0e[data-kb-block=\"kb-adv-heading11677_851e55-0e\"] mark.kt-highlight{font-style:normal;color:#f76a0c;-webkit-box-decoration-break:clone;box-decoration-break:clone;padding-top:0px;padding-right:0px;padding-bottom:0px;padding-left:0px;}<\/style>\n<h2 class=\"kt-adv-heading11677_851e55-0e wp-block-kadence-advancedheading\" data-kb-block=\"kb-adv-heading11677_851e55-0e\">Disponibles en M\u00e9xico<\/h2>\n\n\n\n<p style=\"font-size:18px\">En M\u00e9xico hay varias empresas que han generado formulaciones bioherbicidas y actualmente se cuenta con <strong>3 bioherbicidas mexicanos que est\u00e1n comercialmente disponibles. <\/strong>Estos bioherbicidas <strong>son una alternativa inmediata para producir alimentos libres de glifosato<\/strong>. El volumen de producci\u00f3n a nivel nacional es de 3 600 000 de litros anuales, los cuales pueden ser escalables. Su comercializaci\u00f3n se realiza por peque\u00f1as y medianas empresas mexicanas.&nbsp;&nbsp;&nbsp;&nbsp;&nbsp;<\/p>\n\n\n\n<p style=\"font-size:24px\"><strong>Bioherbicidas mexicanos comercialmente disponibles&nbsp;<\/strong><\/p>\n\n\n<style>.kb-row-layout-id11677_f569ba-c4 > .kt-row-column-wrap{align-content:start;}:where(.kb-row-layout-id11677_f569ba-c4 > .kt-row-column-wrap) > .wp-block-kadence-column{justify-content:start;}.kb-row-layout-id11677_f569ba-c4 > .kt-row-column-wrap{column-gap:var(--global-kb-gap-md, 2rem);row-gap:var(--global-kb-gap-sm, 1rem);padding-top:var(--global-kb-spacing-sm, 1.5rem);padding-bottom:var(--global-kb-spacing-sm, 1.5rem);grid-template-columns:minmax(0, 1fr);}.kb-row-layout-id11677_f569ba-c4 > .kt-row-layout-overlay{opacity:0.30;}.kb-row-layout-id11677_f569ba-c4 .kt-row-layout-bottom-sep{height:30px;}.kb-row-layout-id11677_f569ba-c4 .kt-row-layout-bottom-sep svg{width:100%;}.kb-row-layout-id11677_f569ba-c4 .kt-row-layout-bottom-sep svg{fill:rgba(40,92,77,0.5)!important;}@media all and (max-width: 1024px){.kb-row-layout-id11677_f569ba-c4 > .kt-row-column-wrap{grid-template-columns:minmax(0, 1fr);}}@media all and (max-width: 1024px){.kb-row-layout-id11677_f569ba-c4 .kt-row-layout-bottom-sep{height:px;}}@media all and (max-width: 1024px){.kb-row-layout-id11677_f569ba-c4 .kt-row-layout-bottom-sep svg{width:%;}}@media all and (max-width: 767px){.kb-row-layout-id11677_f569ba-c4 > .kt-row-column-wrap{grid-template-columns:minmax(0, 1fr);}.kb-row-layout-id11677_f569ba-c4 .kt-row-layout-bottom-sep{height:px;}.kb-row-layout-id11677_f569ba-c4 .kt-row-layout-bottom-sep svg{width:%;}}<\/style><div class=\"kb-row-layout-wrap kb-row-layout-id11677_f569ba-c4 alignnone wp-block-kadence-rowlayout\"><div class=\"kt-row-layout-bottom-sep kt-row-sep-type-littrii\"><svg viewBox=\"0 0 1000 100\" preserveAspectRatio=\"none\"><path d=\"M1000,100l-1000,0l0,-100l475,0l25,98l25,-98l475,0l0,100Z\" \/><\/svg><\/div><div class=\"kt-row-column-wrap kt-has-1-columns kt-row-layout-equal kt-tab-layout-inherit kt-mobile-layout-row kt-row-valign-top\">\n<style>.kadence-column11677_47d4fb-04 > .kt-inside-inner-col,.kadence-column11677_47d4fb-04 > .kt-inside-inner-col:before{border-top-left-radius:0px;border-top-right-radius:0px;border-bottom-right-radius:0px;border-bottom-left-radius:0px;}.kadence-column11677_47d4fb-04 > .kt-inside-inner-col{column-gap:var(--global-kb-gap-sm, 1rem);}.kadence-column11677_47d4fb-04 > .kt-inside-inner-col{flex-direction:column;}.kadence-column11677_47d4fb-04 > .kt-inside-inner-col > .aligncenter{width:100%;}.kadence-column11677_47d4fb-04 > .kt-inside-inner-col:before{opacity:0.3;}.kadence-column11677_47d4fb-04{position:relative;}@media all and (max-width: 1024px){.kadence-column11677_47d4fb-04 > .kt-inside-inner-col{flex-direction:column;}}@media all and (max-width: 767px){.kadence-column11677_47d4fb-04 > .kt-inside-inner-col{flex-direction:column;}}<\/style>\n<div class=\"wp-block-kadence-column kadence-column11677_47d4fb-04\"><div class=\"kt-inside-inner-col\"><\/div><\/div>\n\n<\/div><\/div>\n\n\n<figure class=\"wp-block-table is-style-stripes\"><table><tbody><tr><td><strong>Nombre comercial<\/strong>&nbsp;<\/td><td><strong>Empresa&nbsp;<\/strong>&nbsp;<\/td><td><strong>Ingredientes activos<\/strong>&nbsp;<\/td><td><strong>Tipo de arvenses asociados a cultivos de:<\/strong><\/td><\/tr><tr><td><a href=\"https:\/\/alimentacion.conahcyt.mx\/produccionsinglifosato\/wp-content\/uploads\/2024\/09\/Herbitech_ficha_tec_Biotech-Mexico_240924.pdf\" title=\"\">Herbitech<\/a>&nbsp;<\/td><td><a href=\"https:\/\/biotechmexico.com\/\" title=\"\">Biotech&nbsp;<\/a><\/td><td>Extracto de callistemon y aceite de eucalipto.<\/td><td>Hoja ancha y hoja angosta.<\/td><\/tr><tr><td><a href=\"https:\/\/alimentacion.conahcyt.mx\/produccionsinglifosato\/wp-content\/uploads\/2024\/10\/Ficha-Tecnica-Kill-Herbs.pdf\" target=\"_blank\" rel=\"noopener\" title=\"\">Kill herbs\u00a0<\/a><\/td><td><a href=\"https:\/\/seragram.com.mx\/\" title=\"\">Seragram&nbsp;<\/a><\/td><td>Aceite de coco, toxinas de puccina sp., \u00e1cido org\u00e1nico, extractos alelop\u00e1ticos de plantas silvestres, enzimas protol\u00edticas de origen marino.<\/td><td>Hoja ancha, hoja angosta, arbustos y musgos.<\/td><\/tr><tr><td><a href=\"https:\/\/decreto-glifosato.conacyt.mx\/wp-content\/uploads\/bioinsumos\/4_bioherbicidas_comerciales\/ligas_paginas_y_fichas_seguridad_y_tecnica\/Zekatryn-Ficha%20T%C3%A9cnica.pdf\" title=\"\">Zekatryn&nbsp;<\/a>&nbsp;<\/td><td><a href=\"https:\/\/www.megainsumos.com.mx\/\" title=\"\">Megainsumos&nbsp;<\/a><\/td><td>Lixiviado de fermento ac\u00e9tico, aceites escenciales de plantas arom\u00e1ticas, sales pot\u00e1sicas de aceites vegetales.<\/td><td>Control de arbustos y pastos.<\/td><\/tr><\/tbody><\/table><figcaption class=\"wp-element-caption\">Los nombres comerciales y nombres de las empresas direccionan a las fichas t\u00e9cnicas y sus sitios web, respectivamente<\/figcaption><\/figure>\n\n\n\n<div style=\"height:20px\" aria-hidden=\"true\" class=\"wp-block-spacer\"><\/div>\n\n\n<style>.wp-block-kadence-spacer.kt-block-spacer-11677_d2b4fe-c8 .kt-block-spacer{height:53px;}.wp-block-kadence-spacer.kt-block-spacer-11677_d2b4fe-c8 .kt-divider{border-top-width:1px;height:1px;border-top-color:rgba(40, 92, 77, 0.80);width:80%;border-top-style:solid;}<\/style>\n<div class=\"wp-block-kadence-spacer aligncenter kt-block-spacer-11677_d2b4fe-c8\"><div class=\"kt-block-spacer kt-block-spacer-halign-center\"><hr class=\"kt-divider\"\/><\/div><\/div>\n\n\n\n<div style=\"height:20px\" aria-hidden=\"true\" class=\"wp-block-spacer\"><\/div>\n\n\n<style>.wp-block-kadence-advancedheading.kt-adv-heading11677_1dbb04-49, .wp-block-kadence-advancedheading.kt-adv-heading11677_1dbb04-49[data-kb-block=\"kb-adv-heading11677_1dbb04-49\"]{font-style:normal;}.wp-block-kadence-advancedheading.kt-adv-heading11677_1dbb04-49 mark.kt-highlight, .wp-block-kadence-advancedheading.kt-adv-heading11677_1dbb04-49[data-kb-block=\"kb-adv-heading11677_1dbb04-49\"] mark.kt-highlight{font-style:normal;color:#f76a0c;-webkit-box-decoration-break:clone;box-decoration-break:clone;padding-top:0px;padding-right:0px;padding-bottom:0px;padding-left:0px;}<\/style>\n<h2 class=\"kt-adv-heading11677_1dbb04-49 wp-block-kadence-advancedheading\" data-kb-block=\"kb-adv-heading11677_1dbb04-49\">Disponibles internacionalmente<\/h2>\n\n\n\n<p style=\"font-size:18px\">A nivel mundial ya se cuenta con diversos productos bioherbicidas comercialmente disponibles, se han identificado al menos 3 alternativas aprobadas para su venta en la Uni\u00f3n Europea y en los Estados Unidos, de las cuales se ha probado su efectividad. <\/p>\n\n\n\n<p style=\"font-size:24px\"><strong>Bioherbicidas internacionales comercialmente disponibles<\/strong><\/p>\n\n\n<style>.kb-row-layout-id11677_93ba7e-23 > .kt-row-column-wrap{align-content:start;}:where(.kb-row-layout-id11677_93ba7e-23 > .kt-row-column-wrap) > .wp-block-kadence-column{justify-content:start;}.kb-row-layout-id11677_93ba7e-23 > .kt-row-column-wrap{column-gap:var(--global-kb-gap-md, 2rem);row-gap:var(--global-kb-gap-sm, 1rem);padding-top:var(--global-kb-spacing-sm, 1.5rem);padding-bottom:var(--global-kb-spacing-sm, 1.5rem);grid-template-columns:minmax(0, 1fr);}.kb-row-layout-id11677_93ba7e-23 > .kt-row-layout-overlay{opacity:0.30;}.kb-row-layout-id11677_93ba7e-23 .kt-row-layout-bottom-sep{height:30px;}.kb-row-layout-id11677_93ba7e-23 .kt-row-layout-bottom-sep svg{width:100%;}.kb-row-layout-id11677_93ba7e-23 .kt-row-layout-bottom-sep svg{fill:rgba(40,92,77,0.5)!important;}@media all and (max-width: 1024px){.kb-row-layout-id11677_93ba7e-23 > .kt-row-column-wrap{grid-template-columns:minmax(0, 1fr);}}@media all and (max-width: 1024px){.kb-row-layout-id11677_93ba7e-23 .kt-row-layout-bottom-sep{height:px;}}@media all and (max-width: 1024px){.kb-row-layout-id11677_93ba7e-23 .kt-row-layout-bottom-sep svg{width:%;}}@media all and (max-width: 767px){.kb-row-layout-id11677_93ba7e-23 > .kt-row-column-wrap{grid-template-columns:minmax(0, 1fr);}.kb-row-layout-id11677_93ba7e-23 .kt-row-layout-bottom-sep{height:px;}.kb-row-layout-id11677_93ba7e-23 .kt-row-layout-bottom-sep svg{width:%;}}<\/style><div class=\"kb-row-layout-wrap kb-row-layout-id11677_93ba7e-23 alignnone wp-block-kadence-rowlayout\"><div class=\"kt-row-layout-bottom-sep kt-row-sep-type-littrii\"><svg viewBox=\"0 0 1000 100\" preserveAspectRatio=\"none\"><path d=\"M1000,100l-1000,0l0,-100l475,0l25,98l25,-98l475,0l0,100Z\" \/><\/svg><\/div><div class=\"kt-row-column-wrap kt-has-1-columns kt-row-layout-equal kt-tab-layout-inherit kt-mobile-layout-row kt-row-valign-top\">\n<style>.kadence-column11677_3a26fa-6b > .kt-inside-inner-col,.kadence-column11677_3a26fa-6b > .kt-inside-inner-col:before{border-top-left-radius:0px;border-top-right-radius:0px;border-bottom-right-radius:0px;border-bottom-left-radius:0px;}.kadence-column11677_3a26fa-6b > .kt-inside-inner-col{column-gap:var(--global-kb-gap-sm, 1rem);}.kadence-column11677_3a26fa-6b > .kt-inside-inner-col{flex-direction:column;}.kadence-column11677_3a26fa-6b > .kt-inside-inner-col > .aligncenter{width:100%;}.kadence-column11677_3a26fa-6b > .kt-inside-inner-col:before{opacity:0.3;}.kadence-column11677_3a26fa-6b{position:relative;}@media all and (max-width: 1024px){.kadence-column11677_3a26fa-6b > .kt-inside-inner-col{flex-direction:column;}}@media all and (max-width: 767px){.kadence-column11677_3a26fa-6b > .kt-inside-inner-col{flex-direction:column;}}<\/style>\n<div class=\"wp-block-kadence-column kadence-column11677_3a26fa-6b\"><div class=\"kt-inside-inner-col\"><\/div><\/div>\n\n<\/div><\/div>\n\n\n<figure class=\"wp-block-table is-style-stripes\"><table><tbody><tr><td><strong>Nombre comercial<\/strong><\/td><td><strong>Empresa<\/strong><\/td><td><strong>Ingredientes activos<\/strong><\/td><td><strong>Tipo de arvenses asociados a cultivos de:<\/strong><\/td><\/tr><tr><td><a href=\"https:\/\/alimentacion.conahcyt.mx\/produccionsinglifosato\/wp-content\/uploads\/2024\/04\/Beloukha-Ficha-Tecnica.pdf\" target=\"_blank\" rel=\"noopener\" title=\"\">Beloukha&nbsp;<\/a><\/td><td><a href=\"https:\/\/belchim.es\/\" target=\"_blank\" rel=\"noopener\" title=\"\">Belchim Crop Protection&nbsp;<\/a><\/td><td>\u00c1cido nonanoico <br>\u00c1cido pelarg\u00f3nico &nbsp;<\/td><td>C\u00edtricos, frutales, vi\u00f1edos, fresa y berries&nbsp;<\/td><\/tr><tr><td><a href=\"https:\/\/alimentacion.conahcyt.mx\/produccionsinglifosato\/wp-content\/uploads\/2024\/04\/Captain-Jacks-Ficha-Tecnica.pdf\" target=\"_blank\" rel=\"noopener\" title=\"\">Captain Jack&#8217;s <br>Deadweed Brew (Burn Out II)\u202f&nbsp;<\/a><\/td><td><a href=\"https:\/\/bonide.com\/\" target=\"_blank\" rel=\"noopener\" title=\"\">Bonide Products Inc.&nbsp;<\/a><\/td><td>\u00c1cido c\u00e1prico&nbsp;&nbsp; <br>\u00c1cido capr\u00edlico&nbsp; &nbsp;<\/td><td>Hoja ancha&nbsp;<\/td><\/tr><tr><td><a href=\"https:\/\/alimentacion.conahcyt.mx\/produccionsinglifosato\/wp-content\/uploads\/2024\/04\/Weed-Zap-Ficha-Tecnica.pdf\" target=\"_blank\" rel=\"noopener\" title=\"\">Weed zap\u202f&nbsp;<\/a><\/td><td><a href=\"https:\/\/jhbiotech.com\/\" target=\"_blank\" rel=\"noopener\" title=\"\">JH Biotech<\/a> Inc.&nbsp;<\/td><td>Aceites esenciales de clavo y canela<\/td><td>Hoja ancha&nbsp;<\/td><\/tr><\/tbody><\/table><figcaption class=\"wp-element-caption\">Los nombres comerciales y nombres de las empresas direccionan a las fichas t\u00e9cnicas y sus sitios web, respectivamente<\/figcaption><\/figure>\n\n\n<style>.wp-block-kadence-spacer.kt-block-spacer-11677_c58e09-8b .kt-block-spacer{height:53px;}.wp-block-kadence-spacer.kt-block-spacer-11677_c58e09-8b .kt-divider{border-top-width:1px;height:1px;border-top-color:rgba(40, 92, 77, 0.80);width:80%;border-top-style:solid;}<\/style>\n<div class=\"wp-block-kadence-spacer aligncenter kt-block-spacer-11677_c58e09-8b\"><div class=\"kt-block-spacer kt-block-spacer-halign-center\"><hr class=\"kt-divider\"\/><\/div><\/div>\n\n\n\n<div style=\"height:20px\" aria-hidden=\"true\" class=\"wp-block-spacer\"><\/div>\n\n\n\n<div style=\"height:20px\" aria-hidden=\"true\" class=\"wp-block-spacer\"><\/div>\n\n\n\n<p class=\"has-text-color has-link-color has-small-font-size wp-elements-1d2537a518c756bb3778d7fe20c0a8e0\" style=\"color:#8c8c8c\"><strong><em>La informaci\u00f3n contenida en la presente plataforma deriva de los avances y resultados presentados en los proyectos apoyados por el Consejo Nacional de Humanidades Ciencias y Tecnolog\u00edas. Su uso deber\u00e1 realizarse con estricta responsabilidad y apego a lo dispuesto en la <strong>Ley<\/strong> Federal de Protecci\u00f3n a la Propiedad Industrial y la Ley Federal del Derecho de Autor.<\/em><\/strong><\/p>\n","protected":false},"excerpt":{"rendered":"<p>Bioherbicidas comerciales Disponibles en M\u00e9xico En M\u00e9xico hay varias empresas que han generado formulaciones bioherbicidas y actualmente se cuenta con 3 bioherbicidas mexicanos que est\u00e1n comercialmente disponibles. Estos bioherbicidas son una alternativa inmediata para producir alimentos libres de glifosato. El volumen de producci\u00f3n a nivel nacional es de 3 600 000 de litros anuales, los [&hellip;]<\/p>\n","protected":false},"author":1,"featured_media":0,"parent":11635,"menu_order":0,"comment_status":"open","ping_status":"open","template":"","meta":{"ocean_post_layout":"left-sidebar","ocean_both_sidebars_style":"","ocean_both_sidebars_content_width":0,"ocean_both_sidebars_sidebars_width":0,"ocean_sidebar":"ocs-sidebar-03-bioinsumos","ocean_second_sidebar":"","ocean_disable_margins":"enable","ocean_add_body_class":"","ocean_shortcode_before_top_bar":"","ocean_shortcode_after_top_bar":"","ocean_shortcode_before_header":"","ocean_shortcode_after_header":"","ocean_has_shortcode":"","ocean_shortcode_after_title":"","ocean_shortcode_before_footer_widgets":"","ocean_shortcode_after_footer_widgets":"","ocean_shortcode_before_footer_bottom":"","ocean_shortcode_after_footer_bottom":"","ocean_display_top_bar":"default","ocean_display_header":"default","ocean_header_style":"","ocean_center_header_left_menu":"","ocean_custom_header_template":"","ocean_custom_logo":0,"ocean_custom_retina_logo":0,"ocean_custom_logo_max_width":0,"ocean_custom_logo_tablet_max_width":0,"ocean_custom_logo_mobile_max_width":0,"ocean_custom_logo_max_height":0,"ocean_custom_logo_tablet_max_height":0,"ocean_custom_logo_mobile_max_height":0,"ocean_header_custom_menu":"","ocean_menu_typo_font_family":"","ocean_menu_typo_font_subset":"","ocean_menu_typo_font_size":0,"ocean_menu_typo_font_size_tablet":0,"ocean_menu_typo_font_size_mobile":0,"ocean_menu_typo_font_size_unit":"px","ocean_menu_typo_font_weight":"","ocean_menu_typo_font_weight_tablet":"","ocean_menu_typo_font_weight_mobile":"","ocean_menu_typo_transform":"","ocean_menu_typo_transform_tablet":"","ocean_menu_typo_transform_mobile":"","ocean_menu_typo_line_height":0,"ocean_menu_typo_line_height_tablet":0,"ocean_menu_typo_line_height_mobile":0,"ocean_menu_typo_line_height_unit":"","ocean_menu_typo_spacing":0,"ocean_menu_typo_spacing_tablet":0,"ocean_menu_typo_spacing_mobile":0,"ocean_menu_typo_spacing_unit":"","ocean_menu_link_color":"","ocean_menu_link_color_hover":"","ocean_menu_link_color_active":"","ocean_menu_link_background":"","ocean_menu_link_hover_background":"","ocean_menu_link_active_background":"","ocean_menu_social_links_bg":"","ocean_menu_social_hover_links_bg":"","ocean_menu_social_links_color":"","ocean_menu_social_hover_links_color":"","ocean_disable_title":"on","ocean_disable_heading":"default","ocean_post_title":"","ocean_post_subheading":"","ocean_post_title_style":"","ocean_post_title_background_color":"","ocean_post_title_background":0,"ocean_post_title_bg_image_position":"","ocean_post_title_bg_image_attachment":"","ocean_post_title_bg_image_repeat":"","ocean_post_title_bg_image_size":"","ocean_post_title_height":0,"ocean_post_title_bg_overlay":0.5,"ocean_post_title_bg_overlay_color":"","ocean_disable_breadcrumbs":"default","ocean_breadcrumbs_color":"","ocean_breadcrumbs_separator_color":"","ocean_breadcrumbs_links_color":"","ocean_breadcrumbs_links_hover_color":"","ocean_display_footer_widgets":"default","ocean_display_footer_bottom":"default","ocean_custom_footer_template":"","footnotes":""},"aioseo_notices":[],"_links":{"self":[{"href":"https:\/\/alimentacion.conahcyt.mx\/produccionsinglifosato\/wp-json\/wp\/v2\/pages\/11677"}],"collection":[{"href":"https:\/\/alimentacion.conahcyt.mx\/produccionsinglifosato\/wp-json\/wp\/v2\/pages"}],"about":[{"href":"https:\/\/alimentacion.conahcyt.mx\/produccionsinglifosato\/wp-json\/wp\/v2\/types\/page"}],"author":[{"embeddable":true,"href":"https:\/\/alimentacion.conahcyt.mx\/produccionsinglifosato\/wp-json\/wp\/v2\/users\/1"}],"replies":[{"embeddable":true,"href":"https:\/\/alimentacion.conahcyt.mx\/produccionsinglifosato\/wp-json\/wp\/v2\/comments?post=11677"}],"version-history":[{"count":37,"href":"https:\/\/alimentacion.conahcyt.mx\/produccionsinglifosato\/wp-json\/wp\/v2\/pages\/11677\/revisions"}],"predecessor-version":[{"id":18282,"href":"https:\/\/alimentacion.conahcyt.mx\/produccionsinglifosato\/wp-json\/wp\/v2\/pages\/11677\/revisions\/18282"}],"up":[{"embeddable":true,"href":"https:\/\/alimentacion.conahcyt.mx\/produccionsinglifosato\/wp-json\/wp\/v2\/media\/11635"}],"wp:attachment":[{"href":"https:\/\/alimentacion.conahcyt.mx\/produccionsinglifosato\/wp-json\/wp\/v2\/media?parent=11677"}],"curies":[{"name":"wp","href":"https:\/\/api.w.org\/{rel}","templated":true}]}}