{"id":11680,"date":"2023-10-26T19:12:35","date_gmt":"2023-10-26T19:12:35","guid":{"rendered":"https:\/\/alimentacion.conahcyt.mx\/produccionsinglifosato\/masificacion\/"},"modified":"2024-09-26T14:18:19","modified_gmt":"2024-09-26T20:18:19","slug":"masificacion","status":"publish","type":"page","link":"https:\/\/alimentacion.conahcyt.mx\/produccionsinglifosato\/masificacion\/","title":{"rendered":"Colaboraci\u00f3n"},"content":{"rendered":"\n<div style=\"height:40px\" aria-hidden=\"true\" class=\"wp-block-spacer\"><\/div>\n\n\n<style>.wp-block-kadence-advancedheading.kt-adv-heading11680_eefbf2-6b, .wp-block-kadence-advancedheading.kt-adv-heading11680_eefbf2-6b[data-kb-block=\"kb-adv-heading11680_eefbf2-6b\"]{font-style:normal;}.wp-block-kadence-advancedheading.kt-adv-heading11680_eefbf2-6b mark.kt-highlight, .wp-block-kadence-advancedheading.kt-adv-heading11680_eefbf2-6b[data-kb-block=\"kb-adv-heading11680_eefbf2-6b\"] mark.kt-highlight{font-style:normal;color:#f76a0c;-webkit-box-decoration-break:clone;box-decoration-break:clone;padding-top:0px;padding-right:0px;padding-bottom:0px;padding-left:0px;}<\/style>\n<h1 class=\"kt-adv-heading11680_eefbf2-6b wp-block-kadence-advancedheading\" data-kb-block=\"kb-adv-heading11680_eefbf2-6b\">Colaboraci\u00f3n<\/h1>\n\n\n\n<div style=\"height:20px\" aria-hidden=\"true\" class=\"wp-block-spacer\"><\/div>\n\n\n<style>.wp-block-kadence-advancedheading.kt-adv-heading11680_8def2a-85, .wp-block-kadence-advancedheading.kt-adv-heading11680_8def2a-85[data-kb-block=\"kb-adv-heading11680_8def2a-85\"]{font-style:normal;}.wp-block-kadence-advancedheading.kt-adv-heading11680_8def2a-85 mark.kt-highlight, .wp-block-kadence-advancedheading.kt-adv-heading11680_8def2a-85[data-kb-block=\"kb-adv-heading11680_8def2a-85\"] mark.kt-highlight{font-style:normal;color:#f76a0c;-webkit-box-decoration-break:clone;box-decoration-break:clone;padding-top:0px;padding-right:0px;padding-bottom:0px;padding-left:0px;}<\/style>\n<h2 class=\"kt-adv-heading11680_8def2a-85 wp-block-kadence-advancedheading\" data-kb-block=\"kb-adv-heading11680_8def2a-85\">Agroecolog\u00eda<\/h2>\n\n\n\n<div style=\"height:20px\" aria-hidden=\"true\" class=\"wp-block-spacer\"><\/div>\n\n\n\n<p style=\"font-size:18px\">A trav\u00e9s de la pol\u00edtica p\u00fablica implementada por el gobierno de M\u00e9xico, con los programas Producci\u00f3n para el Bienestar de la Secretar\u00eda de Agricultura y Desarrollo Rural (Agricultura) y Sembrando Vida de la Secretar\u00eda de Bienestar, y los faros agroeol\u00f3gicos del Consejo Nacional de Humanidades, Ciencias y Tecnolog\u00edas (Conahcyt), la agroecolog\u00eda es una realidad.<\/p>\n\n\n<style>.wp-block-kadence-advancedheading.kt-adv-heading11680_e02b2f-b1, .wp-block-kadence-advancedheading.kt-adv-heading11680_e02b2f-b1[data-kb-block=\"kb-adv-heading11680_e02b2f-b1\"]{text-align:center;font-style:normal;}.wp-block-kadence-advancedheading.kt-adv-heading11680_e02b2f-b1 mark.kt-highlight, .wp-block-kadence-advancedheading.kt-adv-heading11680_e02b2f-b1[data-kb-block=\"kb-adv-heading11680_e02b2f-b1\"] mark.kt-highlight{font-style:normal;color:#f76a0c;-webkit-box-decoration-break:clone;box-decoration-break:clone;padding-top:0px;padding-right:0px;padding-bottom:0px;padding-left:0px;}<\/style>\n<h3 class=\"kt-adv-heading11680_e02b2f-b1 wp-block-kadence-advancedheading\" data-kb-block=\"kb-adv-heading11680_e02b2f-b1\">Sistemas agroecol\u00f3gicos establecidos<\/h3>\n\n\n\n<div class=\"wp-block-columns is-layout-flex wp-container-core-columns-layout-1 wp-block-columns-is-layout-flex\">\n<div class=\"wp-block-column is-layout-flow wp-block-column-is-layout-flow\"><style>.kb-count-up-11680_56620c-b9 .kb-count-up-title{text-align:center;}.kb-count-up-11680_56620c-b9 .kb-count-up-number{font-size:50px;}.kb-count-up-11680_56620c-b9 .kb-count-up-number{text-align:center;}<\/style>\n<div class=\"wp-block-kadence-countup kb-count-up-11680_56620c-b9 kb-count-up\" data-start=\"0\" data-end=\"5200000\" data-prefix=\"\" data-suffix=\"\" data-duration=\"2\" data-separator=\"\"><div class=\"kb-count-up-process kb-count-up-number\"><\/div><h4 class=\"kb-count-up-title\">Hect\u00e1reas<\/h4><\/div>\n<\/div>\n\n\n\n<div class=\"wp-block-column is-layout-flow wp-block-column-is-layout-flow\"><style>.kb-count-up-11680_5dba27-46 .kb-count-up-title{text-align:center;}.kb-count-up-11680_5dba27-46 .kb-count-up-number{font-size:50px;}.kb-count-up-11680_5dba27-46 .kb-count-up-number{text-align:center;}<\/style>\n<div class=\"wp-block-kadence-countup kb-count-up-11680_5dba27-46 kb-count-up\" data-start=\"0\" data-end=\"1950000\" data-prefix=\"\" data-suffix=\"\" data-duration=\"2\" data-separator=\"\"><div class=\"kb-count-up-process kb-count-up-number\"><\/div><h4 class=\"kb-count-up-title\">Personas productoras<\/h4><\/div>\n<\/div>\n<\/div>\n\n\n\n<div class=\"wp-block-columns is-layout-flex wp-container-core-columns-layout-2 wp-block-columns-is-layout-flex\">\n<div class=\"wp-block-column is-layout-flow wp-block-column-is-layout-flow\" style=\"flex-basis:33.33%\">\n<figure class=\"wp-block-image size-full is-resized is-style-rounded\"><img loading=\"lazy\" decoding=\"async\" width=\"768\" height=\"1024\" src=\"https:\/\/alimentacion.conahcyt.mx\/produccionsinglifosato\/wp-content\/uploads\/2024\/08\/sist-agroecologicos.jpg\" alt=\"\" class=\"wp-image-17767\" style=\"width:271px;height:auto\" srcset=\"https:\/\/alimentacion.conahcyt.mx\/produccionsinglifosato\/wp-content\/uploads\/2024\/08\/sist-agroecologicos.jpg 768w, https:\/\/alimentacion.conahcyt.mx\/produccionsinglifosato\/wp-content\/uploads\/2024\/08\/sist-agroecologicos-225x300.jpg 225w\" sizes=\"(max-width: 768px) 100vw, 768px\" \/><\/figure>\n<\/div>\n\n\n\n<div class=\"wp-block-column is-vertically-aligned-center is-layout-flow wp-block-column-is-layout-flow\" style=\"flex-basis:66.66%\">\n<p class=\"has-text-align-right\" style=\"font-size:18px\">Por medio de esfuerzos interinstitucionales, se ha promovido un menor uso de glifosato y fomentado la implementaci\u00f3n de pr\u00e1cticas ecol\u00f3gicas, teniendo como resultado el incremento documentado de rendimientos (hasta 25% m\u00e1s para ma\u00edz) y utilidades, al disminuir costos de producci\u00f3n hasta en 10%, en comparaci\u00f3n con unidades equivalentes manejadas con glifosato. Asimismo, se ha logrado la disminuci\u00f3n del uso del glifosato en un rango de 90-100% y disminuci\u00f3n de su presencia en los alimentos, favoreciendo al ambiente y la salud humana.<\/p>\n<\/div>\n<\/div>\n\n\n\n<div style=\"height:25px\" aria-hidden=\"true\" class=\"wp-block-spacer\"><\/div>\n\n\n\n<div class=\"wp-block-columns are-vertically-aligned-center is-layout-flex wp-container-core-columns-layout-3 wp-block-columns-is-layout-flex\">\n<div class=\"wp-block-column is-vertically-aligned-center is-layout-flow wp-block-column-is-layout-flow\"><style>.wp-block-kadence-advancedheading.kt-adv-heading11680_70dbe4-09, .wp-block-kadence-advancedheading.kt-adv-heading11680_70dbe4-09[data-kb-block=\"kb-adv-heading11680_70dbe4-09\"]{text-align:center;font-style:normal;background-color:#285c4d;}.wp-block-kadence-advancedheading.kt-adv-heading11680_70dbe4-09 mark.kt-highlight, .wp-block-kadence-advancedheading.kt-adv-heading11680_70dbe4-09[data-kb-block=\"kb-adv-heading11680_70dbe4-09\"] mark.kt-highlight{font-style:normal;color:#f76a0c;-webkit-box-decoration-break:clone;box-decoration-break:clone;padding-top:0px;padding-right:0px;padding-bottom:0px;padding-left:0px;}<\/style>\n<h4 class=\"kt-adv-heading11680_70dbe4-09 wp-block-kadence-advancedheading has-very-light-gray-color has-text-color\" data-kb-block=\"kb-adv-heading11680_70dbe4-09\"><strong>La producci\u00f3n sin glifosato es una realidad en M\u00e9xico y no representa ning\u00fan riesgo<\/strong><\/h4>\n<\/div>\n<\/div>\n\n\n<style>.wp-block-kadence-spacer.kt-block-spacer-11680_d35c18-f4 .kt-block-spacer{height:60px;}.wp-block-kadence-spacer.kt-block-spacer-11680_d35c18-f4 .kt-divider{border-top-width:2px;border-top-color:#b38e5d;width:80%;border-top-style:solid;}<\/style>\n<div class=\"wp-block-kadence-spacer aligncenter kt-block-spacer-11680_d35c18-f4\"><div class=\"kt-block-spacer kt-block-spacer-halign-center\"><hr class=\"kt-divider\"\/><\/div><\/div>\n\n\n<style>.wp-block-kadence-advancedheading.kt-adv-heading11680_6bd514-74, .wp-block-kadence-advancedheading.kt-adv-heading11680_6bd514-74[data-kb-block=\"kb-adv-heading11680_6bd514-74\"]{font-style:normal;}.wp-block-kadence-advancedheading.kt-adv-heading11680_6bd514-74 mark.kt-highlight, .wp-block-kadence-advancedheading.kt-adv-heading11680_6bd514-74[data-kb-block=\"kb-adv-heading11680_6bd514-74\"] mark.kt-highlight{font-style:normal;color:#f76a0c;-webkit-box-decoration-break:clone;box-decoration-break:clone;padding-top:0px;padding-right:0px;padding-bottom:0px;padding-left:0px;}<\/style>\n<h2 class=\"kt-adv-heading11680_6bd514-74 wp-block-kadence-advancedheading\" data-kb-block=\"kb-adv-heading11680_6bd514-74\">Producci\u00f3n Org\u00e1nica<\/h2>\n\n\n\n<p style=\"font-size:18px\">En M\u00e9xico, se ha demostrado que es posible producir sin glifosato, al contar con producci\u00f3n org\u00e1nica certificada para diversos cultivos, como lo son ma\u00edz, naranja, arroz, pl\u00e1tano, trigo, caf\u00e9, entre otros.<\/p>\n\n\n\n<div class=\"wp-block-columns is-layout-flex wp-container-core-columns-layout-4 wp-block-columns-is-layout-flex\">\n<div class=\"wp-block-column is-layout-flow wp-block-column-is-layout-flow\"><style>.kb-count-up-11680_0ee191-9a .kb-count-up-title{text-align:center;}.kb-count-up-11680_0ee191-9a .kb-count-up-number{font-size:50px;}.kb-count-up-11680_0ee191-9a .kb-count-up-number{text-align:center;}<\/style>\n<div class=\"wp-block-kadence-countup kb-count-up-11680_0ee191-9a kb-count-up\" data-start=\"0\" data-end=\"658000\" data-prefix=\"\" data-suffix=\"\" data-duration=\"2.5\" data-separator=\"\"><div class=\"kb-count-up-process kb-count-up-number\"><\/div><h4 class=\"kb-count-up-title\">Hect\u00e1reas de agricultura org\u00e1nica certificada <\/h4><\/div>\n<\/div>\n\n\n\n<div class=\"wp-block-column is-layout-flow wp-block-column-is-layout-flow\"><style>.kb-count-up-11680_394ee8-5f .kb-count-up-title{text-align:center;}.kb-count-up-11680_394ee8-5f .kb-count-up-number{font-size:50px;}.kb-count-up-11680_394ee8-5f .kb-count-up-number{text-align:center;}<\/style>\n<div class=\"wp-block-kadence-countup kb-count-up-11680_394ee8-5f kb-count-up\" data-start=\"0\" data-end=\"215000\" data-prefix=\"\" data-suffix=\"\" data-duration=\"2.5\" data-separator=\"\"><div class=\"kb-count-up-process kb-count-up-number\"><\/div><h4 class=\"kb-count-up-title\">Personas productoras<\/h4><\/div>\n<\/div>\n<\/div>\n\n\n\n<div style=\"height:5px\" aria-hidden=\"true\" class=\"wp-block-spacer\"><\/div>\n\n\n\n<div class=\"wp-block-columns is-layout-flex wp-container-core-columns-layout-5 wp-block-columns-is-layout-flex\">\n<div class=\"wp-block-column is-layout-flow wp-block-column-is-layout-flow\"><style>.wp-block-kadence-advancedbtn.kb-btns11680_785c28-f4{gap:var(--global-kb-gap-xs, 0.5rem );justify-content:center;align-items:center;}.kt-btns11680_785c28-f4 .kt-button{font-weight:normal;font-style:normal;}.kt-btns11680_785c28-f4 .kt-btn-wrap-0{margin-right:5px;}.wp-block-kadence-advancedbtn.kt-btns11680_785c28-f4 .kt-btn-wrap-0 .kt-button{color:#555555;border-color:#555555;}.wp-block-kadence-advancedbtn.kt-btns11680_785c28-f4 .kt-btn-wrap-0 .kt-button:hover, .wp-block-kadence-advancedbtn.kt-btns11680_785c28-f4 .kt-btn-wrap-0 .kt-button:focus{color:#ffffff;border-color:#444444;}.wp-block-kadence-advancedbtn.kt-btns11680_785c28-f4 .kt-btn-wrap-0 .kt-button::before{display:none;}.wp-block-kadence-advancedbtn.kt-btns11680_785c28-f4 .kt-btn-wrap-0 .kt-button:hover, .wp-block-kadence-advancedbtn.kt-btns11680_785c28-f4 .kt-btn-wrap-0 .kt-button:focus{background:#444444;}<\/style>\n<div class=\"wp-block-kadence-advancedbtn kb-buttons-wrap kb-btns11680_785c28-f4\"><style>ul.menu .wp-block-kadence-advancedbtn .kb-btn11680_826a4a-19.kb-button{width:initial;}.wp-block-kadence-advancedbtn .kb-btn11680_826a4a-19.kb-button{background:#d4c19c;}.wp-block-kadence-advancedbtn .kb-btn11680_826a4a-19.kb-button:hover, .wp-block-kadence-advancedbtn .kb-btn11680_826a4a-19.kb-button:focus{color:#285c4d;}<\/style><a class=\"kb-button kt-button button kb-btn11680_826a4a-19 kt-btn-size-standard kt-btn-width-type-auto kb-btn-global-inherit kt-btn-has-text-true kt-btn-has-svg-false wp-block-button__link wp-block-kadence-singlebtn\" href=\"https:\/\/alimentacion.conahcyt.mx\/produccionsinglifosato\/wp-content\/uploads\/2024\/04\/2020-organic-world-2019.pdf\"><span class=\"kt-btn-inner-text\"><strong>The world of organic agriculture 2019<\/strong><\/span><\/a><\/div>\n<\/div>\n\n\n\n<div class=\"wp-block-column is-layout-flow wp-block-column-is-layout-flow\"><style>.wp-block-kadence-advancedbtn.kb-btns11680_039447-b0{gap:var(--global-kb-gap-xs, 0.5rem );justify-content:flex-end;align-items:center;}.kt-btns11680_039447-b0 .kt-button{font-weight:normal;font-style:normal;}.kt-btns11680_039447-b0 .kt-btn-wrap-0{margin-right:5px;}.wp-block-kadence-advancedbtn.kt-btns11680_039447-b0 .kt-btn-wrap-0 .kt-button{color:#555555;border-color:#555555;}.wp-block-kadence-advancedbtn.kt-btns11680_039447-b0 .kt-btn-wrap-0 .kt-button:hover, .wp-block-kadence-advancedbtn.kt-btns11680_039447-b0 .kt-btn-wrap-0 .kt-button:focus{color:#ffffff;border-color:#444444;}.wp-block-kadence-advancedbtn.kt-btns11680_039447-b0 .kt-btn-wrap-0 .kt-button::before{display:none;}.wp-block-kadence-advancedbtn.kt-btns11680_039447-b0 .kt-btn-wrap-0 .kt-button:hover, .wp-block-kadence-advancedbtn.kt-btns11680_039447-b0 .kt-btn-wrap-0 .kt-button:focus{background:#444444;}<\/style>\n<div class=\"wp-block-kadence-advancedbtn kb-buttons-wrap kb-btns11680_039447-b0\"><style>ul.menu .wp-block-kadence-advancedbtn .kb-btn11680_f208fa-f3.kb-button{width:initial;}.wp-block-kadence-advancedbtn .kb-btn11680_f208fa-f3.kb-button{background:#d4c19c;}.wp-block-kadence-advancedbtn .kb-btn11680_f208fa-f3.kb-button:hover, .wp-block-kadence-advancedbtn .kb-btn11680_f208fa-f3.kb-button:focus{color:#285c4d;}<\/style><a class=\"kb-button kt-button button kb-btn11680_f208fa-f3 kt-btn-size-standard kt-btn-width-type-auto kb-btn-global-inherit kt-btn-has-text-true kt-btn-has-svg-false wp-block-button__link wp-block-kadence-singlebtn\" href=\"https:\/\/alimentacion.conahcyt.mx\/produccionsinglifosato\/wp-content\/uploads\/2024\/04\/1254-organic-world-2023.pdf\"><span class=\"kt-btn-inner-text\"><strong>The world of organic agriculture 2023<\/strong><\/span><\/a><\/div>\n<\/div>\n<\/div>\n\n\n\n<div style=\"height:30px\" aria-hidden=\"true\" class=\"wp-block-spacer\"><\/div>\n\n\n\n<p style=\"font-size:18px\">Asimismo, a nivel mundial se ha observado una tendencia al incremento de superficie destinada a la agricultura org\u00e1nica. Actualmente se produce sin glifosato en m\u00e1s de 96 millones de hect\u00e1reas<strong> a nivel mundial<\/strong>, mismas que son manejadas por al menos 4.5 millones de personas productoras. <\/p>\n\n\n<style>.wp-block-kadence-spacer.kt-block-spacer-11680_c93bd2-73 .kt-block-spacer{height:60px;}.wp-block-kadence-spacer.kt-block-spacer-11680_c93bd2-73 .kt-divider{border-top-width:2px;border-top-color:#b38e5d;width:80%;border-top-style:solid;}<\/style>\n<div class=\"wp-block-kadence-spacer aligncenter kt-block-spacer-11680_c93bd2-73\"><div class=\"kt-block-spacer kt-block-spacer-halign-center\"><hr class=\"kt-divider\"\/><\/div><\/div>\n\n\n\n<p class=\"has-text-color has-link-color has-small-font-size wp-elements-e51c9ac8db2f9b4b15c31e9592817d5a\" style=\"color:#8c8c8c\"><strong><em>La informaci\u00f3n contenida en la presente plataforma deriva de los avances y resultados presentados en los proyectos apoyados por el Consejo Nacional de Humanidades Ciencias y Tecnolog\u00edas. Su uso deber\u00e1 realizarse con estricta responsabilidad y en apego a lo dispuesto en la Ley Federal del Derecho de Autor.<\/em><\/strong><\/p>\n\n\n\n<p><\/p>\n","protected":false},"excerpt":{"rendered":"<p>Colaboraci\u00f3n Agroecolog\u00eda A trav\u00e9s de la pol\u00edtica p\u00fablica implementada por el gobierno de M\u00e9xico, con los programas Producci\u00f3n para el Bienestar de la Secretar\u00eda de Agricultura y Desarrollo Rural (Agricultura) y Sembrando Vida de la Secretar\u00eda de Bienestar, y los faros agroeol\u00f3gicos del Consejo Nacional de Humanidades, Ciencias y Tecnolog\u00edas (Conahcyt), la agroecolog\u00eda es una [&hellip;]<\/p>\n","protected":false},"author":1,"featured_media":11683,"parent":0,"menu_order":0,"comment_status":"open","ping_status":"open","template":"","meta":{"ocean_post_layout":"left-sidebar","ocean_both_sidebars_style":"","ocean_both_sidebars_content_width":0,"ocean_both_sidebars_sidebars_width":0,"ocean_sidebar":"ocs-sidebar-04-masificacion","ocean_second_sidebar":"","ocean_disable_margins":"enable","ocean_add_body_class":"","ocean_shortcode_before_top_bar":"","ocean_shortcode_after_top_bar":"","ocean_shortcode_before_header":"","ocean_shortcode_after_header":"","ocean_has_shortcode":"","ocean_shortcode_after_title":"","ocean_shortcode_before_footer_widgets":"","ocean_shortcode_after_footer_widgets":"","ocean_shortcode_before_footer_bottom":"","ocean_shortcode_after_footer_bottom":"","ocean_display_top_bar":"default","ocean_display_header":"default","ocean_header_style":"","ocean_center_header_left_menu":"","ocean_custom_header_template":"","ocean_custom_logo":0,"ocean_custom_retina_logo":0,"ocean_custom_logo_max_width":0,"ocean_custom_logo_tablet_max_width":0,"ocean_custom_logo_mobile_max_width":0,"ocean_custom_logo_max_height":0,"ocean_custom_logo_tablet_max_height":0,"ocean_custom_logo_mobile_max_height":0,"ocean_header_custom_menu":"","ocean_menu_typo_font_family":"","ocean_menu_typo_font_subset":"","ocean_menu_typo_font_size":0,"ocean_menu_typo_font_size_tablet":0,"ocean_menu_typo_font_size_mobile":0,"ocean_menu_typo_font_size_unit":"px","ocean_menu_typo_font_weight":"","ocean_menu_typo_font_weight_tablet":"","ocean_menu_typo_font_weight_mobile":"","ocean_menu_typo_transform":"","ocean_menu_typo_transform_tablet":"","ocean_menu_typo_transform_mobile":"","ocean_menu_typo_line_height":0,"ocean_menu_typo_line_height_tablet":0,"ocean_menu_typo_line_height_mobile":0,"ocean_menu_typo_line_height_unit":"","ocean_menu_typo_spacing":0,"ocean_menu_typo_spacing_tablet":0,"ocean_menu_typo_spacing_mobile":0,"ocean_menu_typo_spacing_unit":"","ocean_menu_link_color":"","ocean_menu_link_color_hover":"","ocean_menu_link_color_active":"","ocean_menu_link_background":"","ocean_menu_link_hover_background":"","ocean_menu_link_active_background":"","ocean_menu_social_links_bg":"","ocean_menu_social_hover_links_bg":"","ocean_menu_social_links_color":"","ocean_menu_social_hover_links_color":"","ocean_disable_title":"on","ocean_disable_heading":"default","ocean_post_title":"","ocean_post_subheading":"","ocean_post_title_style":"","ocean_post_title_background_color":"","ocean_post_title_background":0,"ocean_post_title_bg_image_position":"","ocean_post_title_bg_image_attachment":"","ocean_post_title_bg_image_repeat":"","ocean_post_title_bg_image_size":"","ocean_post_title_height":0,"ocean_post_title_bg_overlay":0.5,"ocean_post_title_bg_overlay_color":"","ocean_disable_breadcrumbs":"default","ocean_breadcrumbs_color":"","ocean_breadcrumbs_separator_color":"","ocean_breadcrumbs_links_color":"","ocean_breadcrumbs_links_hover_color":"","ocean_display_footer_widgets":"default","ocean_display_footer_bottom":"default","ocean_custom_footer_template":"","footnotes":""},"aioseo_notices":[],"_links":{"self":[{"href":"https:\/\/alimentacion.conahcyt.mx\/produccionsinglifosato\/wp-json\/wp\/v2\/pages\/11680"}],"collection":[{"href":"https:\/\/alimentacion.conahcyt.mx\/produccionsinglifosato\/wp-json\/wp\/v2\/pages"}],"about":[{"href":"https:\/\/alimentacion.conahcyt.mx\/produccionsinglifosato\/wp-json\/wp\/v2\/types\/page"}],"author":[{"embeddable":true,"href":"https:\/\/alimentacion.conahcyt.mx\/produccionsinglifosato\/wp-json\/wp\/v2\/users\/1"}],"replies":[{"embeddable":true,"href":"https:\/\/alimentacion.conahcyt.mx\/produccionsinglifosato\/wp-json\/wp\/v2\/comments?post=11680"}],"version-history":[{"count":28,"href":"https:\/\/alimentacion.conahcyt.mx\/produccionsinglifosato\/wp-json\/wp\/v2\/pages\/11680\/revisions"}],"predecessor-version":[{"id":18261,"href":"https:\/\/alimentacion.conahcyt.mx\/produccionsinglifosato\/wp-json\/wp\/v2\/pages\/11680\/revisions\/18261"}],"wp:featuredmedia":[{"embeddable":true,"href":"https:\/\/alimentacion.conahcyt.mx\/produccionsinglifosato\/wp-json\/wp\/v2\/media\/11683"}],"wp:attachment":[{"href":"https:\/\/alimentacion.conahcyt.mx\/produccionsinglifosato\/wp-json\/wp\/v2\/media?parent=11680"}],"curies":[{"name":"wp","href":"https:\/\/api.w.org\/{rel}","templated":true}]}}