{"id":12004,"date":"2023-10-26T03:28:04","date_gmt":"2023-10-26T03:28:04","guid":{"rendered":"https:\/\/alimentacion.conahcyt.mx\/produccionsinglifosato\/sustento\/"},"modified":"2024-09-12T13:43:15","modified_gmt":"2024-09-12T19:43:15","slug":"sustento","status":"publish","type":"page","link":"https:\/\/alimentacion.conahcyt.mx\/produccionsinglifosato\/sustento\/","title":{"rendered":"Sustento"},"content":{"rendered":"\n<div style=\"height:40px\" aria-hidden=\"true\" class=\"wp-block-spacer\"><\/div>\n\n\n\n<h1 class=\"wp-block-heading\">Sustento<\/h1>\n\n\n\n<p>El planeta, el campo y la humanidad no aguantan m\u00e1s el modelo industrial de producci\u00f3n agr\u00edcola, que ha causado la emisi\u00f3n de gases de efecto invernadero, el acaparamiento de tierra, estragos en la salud humana y animal y la p\u00e9rdida de la biodiversidad.<\/p>\n\n\n\n<h3 class=\"wp-block-heading has-text-align-center has-kb-palette-4-color has-text-color has-link-color wp-elements-552a44efed9fee0bca25c144d4c6acf4\" style=\"font-size:20px\"><strong>El 13 de febrero de 2023 se public\u00f3 un decreto, antecedido por el decreto publicado el 31 de diciembre de 2020, en los que se establecen diversas acciones en materia de glifosato y ma\u00edz gen\u00e9ticamente modificado.<\/strong><\/h3>\n\n\n\n<div class=\"wp-block-columns is-layout-flex wp-container-core-columns-layout-1 wp-block-columns-is-layout-flex\">\n<div class=\"wp-block-column is-layout-flow wp-block-column-is-layout-flow\" style=\"flex-basis:33.33%\"><style>.kb-lottie-container12004_5def94-75 dotlottie-player{max-width:auto;}<\/style><div class=\"kb-lottie-container kb-lottie-container12004_5def94-75\"><dotlottie-player loop=\"true\" speed=\"1\" autoplay=\"true\" mode=\"normal\" src=\"https:\/\/lottie.host\/54e62e0f-d343-463a-9ca4-3cc061bafa54\/QWwHAaFNPH.json\"\n\t\t\t\t\t\t\tid=\"kb-lottie-player12004_5def94-75\"\n\t\t\t\t\t\t><\/dotlottie-player><\/div><\/div>\n\n\n\n<div class=\"wp-block-column is-layout-flow wp-block-column-is-layout-flow\" style=\"flex-basis:66.66%\"><style>.wp-block-kadence-iconlist.kt-svg-icon-list-items12004_965810-bd:not(.this-stops-third-party-issues){margin-top:0px;margin-bottom:0px;}.wp-block-kadence-iconlist.kt-svg-icon-list-items12004_965810-bd ul.kt-svg-icon-list:not(.this-prevents-issues):not(.this-stops-third-party-issues):not(.tijsloc){margin-top:0px;margin-right:0px;margin-bottom:var(--global-kb-spacing-sm, 1.5rem);margin-left:0px;}.wp-block-kadence-iconlist.kt-svg-icon-list-items12004_965810-bd ul.kt-svg-icon-list{grid-row-gap:5px;}.wp-block-kadence-iconlist.kt-svg-icon-list-items12004_965810-bd .kb-svg-icon-wrap{font-size:25px;color:#621132;}.wp-block-kadence-iconlist.kt-svg-icon-list-items12004_965810-bd ul.kt-svg-icon-list .kt-svg-icon-list-item-wrap .kt-svg-icon-list-single{margin-right:10px;}.kt-svg-icon-list-items12004_965810-bd ul.kt-svg-icon-list .kt-svg-icon-list-level-0 .kt-svg-icon-list-single svg{font-size:20px;}<\/style>\n<div class=\"wp-block-kadence-iconlist kt-svg-icon-list-items kt-svg-icon-list-items12004_965810-bd kt-svg-icon-list-columns-1 aligncenter kt-list-icon-aligntop\"><ul class=\"kt-svg-icon-list\"><style>.kt-svg-icon-list-item-12004_eaa814-ec .kt-svg-icon-list-text mark.kt-highlight{background-color:unset;font-style:normal;color:#f76a0c;-webkit-box-decoration-break:clone;box-decoration-break:clone;padding-top:0px;padding-right:0px;padding-bottom:0px;padding-left:0px;}<\/style>\n<li class=\"wp-block-kadence-listitem kt-svg-icon-list-item-wrap kt-svg-icon-list-item-12004_eaa814-ec\"><span class=\"kb-svg-icon-wrap kb-svg-icon-fe_logOut kt-svg-icon-list-single\"><svg viewBox=\"0 0 24 24\"  fill=\"none\" stroke=\"currentColor\" stroke-width=\"2\" stroke-linecap=\"round\" stroke-linejoin=\"round\" xmlns=\"http:\/\/www.w3.org\/2000\/svg\"  aria-hidden=\"true\"><path d=\"M9 21H5a2 2 0 0 1-2-2V5a2 2 0 0 1 2-2h4\"\/><polyline points=\"16 17 21 12 16 7\"\/><line x1=\"21\" y1=\"12\" x2=\"9\" y2=\"12\"\/><\/svg><\/span><span class=\"kt-svg-icon-list-text\">Se instruye a las Secretar\u00edas de Agricultura y Desarrollo Rural, y Medio Ambiente y Recursos Naturales, as\u00ed como al Consejo Nacional de Humanidades, Ciencias, y Tecnolog\u00edas a realizar acciones en el \u00e1mbito de su competencia.<\/span><\/li>\n\n\n<style>.kt-svg-icon-list-item-12004_274708-e4 .kt-svg-icon-list-text mark.kt-highlight{background-color:unset;font-style:normal;color:#f76a0c;-webkit-box-decoration-break:clone;box-decoration-break:clone;padding-top:0px;padding-right:0px;padding-bottom:0px;padding-left:0px;}<\/style>\n<li class=\"wp-block-kadence-listitem kt-svg-icon-list-item-wrap kt-svg-icon-list-item-12004_274708-e4\"><span class=\"kb-svg-icon-wrap kb-svg-icon-fe_logOut kt-svg-icon-list-single\"><svg viewBox=\"0 0 24 24\"  fill=\"none\" stroke=\"currentColor\" stroke-width=\"2\" stroke-linecap=\"round\" stroke-linejoin=\"round\" xmlns=\"http:\/\/www.w3.org\/2000\/svg\"  aria-hidden=\"true\"><path d=\"M9 21H5a2 2 0 0 1-2-2V5a2 2 0 0 1 2-2h4\"\/><polyline points=\"16 17 21 12 16 7\"\/><line x1=\"21\" y1=\"12\" x2=\"9\" y2=\"12\"\/><\/svg><\/span><span class=\"kt-svg-icon-list-text\">El Estado reconoce su responsabilidad en promover, respetar, proteger y garantizar el derecho humano a la alimentaci\u00f3n nutritiva, suficiente y de calidad, a la protecci\u00f3n de la salud y a un ambiente sano.<\/span><\/li>\n\n\n<style>.kt-svg-icon-list-item-12004_67a438-08 .kt-svg-icon-list-text mark.kt-highlight{background-color:unset;font-style:normal;color:#f76a0c;-webkit-box-decoration-break:clone;box-decoration-break:clone;padding-top:0px;padding-right:0px;padding-bottom:0px;padding-left:0px;}<\/style>\n<li class=\"wp-block-kadence-listitem kt-svg-icon-list-item-wrap kt-svg-icon-list-item-12004_67a438-08\"><span class=\"kb-svg-icon-wrap kb-svg-icon-fe_logOut kt-svg-icon-list-single\"><svg viewBox=\"0 0 24 24\"  fill=\"none\" stroke=\"currentColor\" stroke-width=\"2\" stroke-linecap=\"round\" stroke-linejoin=\"round\" xmlns=\"http:\/\/www.w3.org\/2000\/svg\"  aria-hidden=\"true\"><path d=\"M9 21H5a2 2 0 0 1-2-2V5a2 2 0 0 1 2-2h4\"\/><polyline points=\"16 17 21 12 16 7\"\/><line x1=\"21\" y1=\"12\" x2=\"9\" y2=\"12\"\/><\/svg><\/span><span class=\"kt-svg-icon-list-text\">Se reconoce que distintas investigaciones cient\u00edficas han alertado sobre los efectos nocivos que el glifosato tiene en la salud de los seres humanos, el ambiente y la diversidad biol\u00f3gica.<\/span><\/li>\n<\/ul><\/div>\n<\/div>\n<\/div>\n\n\n\n<div class=\"wp-block-columns is-layout-flex wp-container-core-columns-layout-2 wp-block-columns-is-layout-flex\">\n<div class=\"wp-block-column is-layout-flow wp-block-column-is-layout-flow\"><style>.wp-block-kadence-advancedbtn.kb-btns12004_88cefd-a4{gap:var(--global-kb-gap-xs, 0.5rem );justify-content:center;align-items:center;}.kt-btns12004_88cefd-a4 .kt-button{font-weight:normal;font-style:normal;}.kt-btns12004_88cefd-a4 .kt-btn-wrap-0{margin-right:5px;}.wp-block-kadence-advancedbtn.kt-btns12004_88cefd-a4 .kt-btn-wrap-0 .kt-button{color:#555555;border-color:#555555;}.wp-block-kadence-advancedbtn.kt-btns12004_88cefd-a4 .kt-btn-wrap-0 .kt-button:hover, .wp-block-kadence-advancedbtn.kt-btns12004_88cefd-a4 .kt-btn-wrap-0 .kt-button:focus{color:#ffffff;border-color:#444444;}.wp-block-kadence-advancedbtn.kt-btns12004_88cefd-a4 .kt-btn-wrap-0 .kt-button::before{display:none;}.wp-block-kadence-advancedbtn.kt-btns12004_88cefd-a4 .kt-btn-wrap-0 .kt-button:hover, .wp-block-kadence-advancedbtn.kt-btns12004_88cefd-a4 .kt-btn-wrap-0 .kt-button:focus{background:#444444;}<\/style>\n<div class=\"wp-block-kadence-advancedbtn kb-buttons-wrap kb-btns12004_88cefd-a4\"><style>ul.menu .wp-block-kadence-advancedbtn .kb-btn12004_fd4a58-83.kb-button{width:initial;}.wp-block-kadence-advancedbtn .kb-btn12004_fd4a58-83.kb-button{color:#eeeeee;background:#b38e5d;}<\/style><a class=\"kb-button kt-button button kb-btn12004_fd4a58-83 kt-btn-size-large kt-btn-width-type-auto kb-btn-global-fill kt-btn-has-text-true kt-btn-has-svg-false wp-block-kadence-singlebtn\" href=\"https:\/\/decreto-glifosato.conacyt.mx\/wp-content\/uploads\/2024\/03\/Decreto-glifosato-y-maiz-2023.pdf\"><span class=\"kt-btn-inner-text\">Decreto<br>13 de febrero de 2023<\/span><\/a><\/div>\n<\/div>\n\n\n\n<div class=\"wp-block-column is-layout-flow wp-block-column-is-layout-flow\"><style>.wp-block-kadence-advancedbtn.kb-btns12004_8c1157-13{gap:var(--global-kb-gap-xs, 0.5rem );justify-content:center;align-items:center;}.kt-btns12004_8c1157-13 .kt-button{font-weight:normal;font-style:normal;}.kt-btns12004_8c1157-13 .kt-btn-wrap-0{margin-right:5px;}.wp-block-kadence-advancedbtn.kt-btns12004_8c1157-13 .kt-btn-wrap-0 .kt-button{color:#555555;border-color:#555555;}.wp-block-kadence-advancedbtn.kt-btns12004_8c1157-13 .kt-btn-wrap-0 .kt-button:hover, .wp-block-kadence-advancedbtn.kt-btns12004_8c1157-13 .kt-btn-wrap-0 .kt-button:focus{color:#ffffff;border-color:#444444;}.wp-block-kadence-advancedbtn.kt-btns12004_8c1157-13 .kt-btn-wrap-0 .kt-button::before{display:none;}.wp-block-kadence-advancedbtn.kt-btns12004_8c1157-13 .kt-btn-wrap-0 .kt-button:hover, .wp-block-kadence-advancedbtn.kt-btns12004_8c1157-13 .kt-btn-wrap-0 .kt-button:focus{background:#444444;}<\/style>\n<div class=\"wp-block-kadence-advancedbtn kb-buttons-wrap kb-btns12004_8c1157-13\"><style>ul.menu .wp-block-kadence-advancedbtn .kb-btn12004_fa884a-97.kb-button{width:initial;}.wp-block-kadence-advancedbtn .kb-btn12004_fa884a-97.kb-button{color:#eeeeee;background:#b38e5d;}<\/style><a class=\"kb-button kt-button button kb-btn12004_fa884a-97 kt-btn-size-large kt-btn-width-type-auto kb-btn-global-fill kt-btn-has-text-true kt-btn-has-svg-false wp-block-kadence-singlebtn\" href=\"https:\/\/decreto-glifosato.conacyt.mx\/wp-content\/uploads\/2024\/03\/Decreto-glifosato-y-maiz-2020.pdf\"><span class=\"kt-btn-inner-text\">Decreto<br>31 de diciembre de 2020<\/span><\/a><\/div>\n<\/div>\n<\/div>\n\n\n\n<div style=\"height:40px\" aria-hidden=\"true\" class=\"wp-block-spacer\"><\/div>\n\n\n\n<p class=\"has-black-color has-text-color has-background has-link-color has-medium-font-size wp-elements-6a3c63ac2b81cc89faa2c8c294caf7ec\" style=\"background-color:#e9e9e9\"><em><strong>La seguridad y soberan\u00eda alimentaria de M\u00e9xico nunca ha dependido ni debe depender de un agrot\u00f3xico importado.<\/strong><\/em><\/p>\n\n\n<style>.kb-row-layout-id12004_0f2680-b4 > .kt-row-column-wrap{align-content:start;}:where(.kb-row-layout-id12004_0f2680-b4 > .kt-row-column-wrap) > .wp-block-kadence-column{justify-content:start;}.kb-row-layout-id12004_0f2680-b4 > .kt-row-column-wrap{column-gap:var(--global-kb-gap-md, 2rem);row-gap:var(--global-kb-gap-md, 2rem);padding-top:var(--global-kb-spacing-sm, 1.5rem);padding-bottom:var(--global-kb-spacing-sm, 1.5rem);grid-template-columns:repeat(2, minmax(0, 1fr));}.kb-row-layout-id12004_0f2680-b4 > .kt-row-layout-overlay{opacity:0.30;}@media all and (max-width: 1024px){.kb-row-layout-id12004_0f2680-b4 > .kt-row-column-wrap{grid-template-columns:repeat(2, minmax(0, 1fr));}}@media all and (max-width: 767px){.kb-row-layout-id12004_0f2680-b4 > .kt-row-column-wrap{grid-template-columns:minmax(0, 1fr);}}<\/style><div class=\"kb-row-layout-wrap kb-row-layout-id12004_0f2680-b4 alignnone wp-block-kadence-rowlayout\"><div class=\"kt-row-column-wrap kt-has-2-columns kt-row-layout-equal kt-tab-layout-inherit kt-mobile-layout-row kt-row-valign-top\">\n<style>.kadence-column12004_9e7af9-c3 > .kt-inside-inner-col{display:flex;}.kadence-column12004_9e7af9-c3 > .kt-inside-inner-col,.kadence-column12004_9e7af9-c3 > .kt-inside-inner-col:before{border-top-left-radius:0px;border-top-right-radius:0px;border-bottom-right-radius:0px;border-bottom-left-radius:0px;}.kadence-column12004_9e7af9-c3 > .kt-inside-inner-col{column-gap:var(--global-kb-gap-sm, 1rem);}.kadence-column12004_9e7af9-c3 > .kt-inside-inner-col{flex-direction:column;justify-content:center;}.kadence-column12004_9e7af9-c3 > .kt-inside-inner-col > .aligncenter{width:100%;}.kt-row-column-wrap > .kadence-column12004_9e7af9-c3{align-self:center;}.kt-inner-column-height-full:not(.kt-has-1-columns) > .wp-block-kadence-column.kadence-column12004_9e7af9-c3{align-self:auto;}.kt-inner-column-height-full:not(.kt-has-1-columns) > .wp-block-kadence-column.kadence-column12004_9e7af9-c3 > .kt-inside-inner-col{flex-direction:column;justify-content:center;}.kadence-column12004_9e7af9-c3 > .kt-inside-inner-col:before{opacity:0.3;}.kadence-column12004_9e7af9-c3{position:relative;}@media all and (max-width: 1024px){.kt-row-column-wrap > .kadence-column12004_9e7af9-c3{align-self:center;}}@media all and (max-width: 1024px){.kt-inner-column-height-full:not(.kt-has-1-columns) > .wp-block-kadence-column.kadence-column12004_9e7af9-c3{align-self:auto;}}@media all and (max-width: 1024px){.kt-inner-column-height-full:not(.kt-has-1-columns) > .wp-block-kadence-column.kadence-column12004_9e7af9-c3 > .kt-inside-inner-col{flex-direction:column;justify-content:center;}}@media all and (max-width: 1024px){.kadence-column12004_9e7af9-c3 > .kt-inside-inner-col{flex-direction:column;}}@media all and (max-width: 767px){.kt-row-column-wrap > .kadence-column12004_9e7af9-c3{align-self:center;}.kt-inner-column-height-full:not(.kt-has-1-columns) > .wp-block-kadence-column.kadence-column12004_9e7af9-c3{align-self:auto;}.kt-inner-column-height-full:not(.kt-has-1-columns) > .wp-block-kadence-column.kadence-column12004_9e7af9-c3 > .kt-inside-inner-col{flex-direction:column;justify-content:center;}.kadence-column12004_9e7af9-c3 > .kt-inside-inner-col{flex-direction:column;}}<\/style>\n<div class=\"wp-block-kadence-column kadence-column12004_9e7af9-c3\"><div class=\"kt-inside-inner-col\">\n<div class=\"wp-block-buttons has-custom-font-size has-medium-font-size is-content-justification-center is-layout-flex wp-container-core-buttons-layout-1 wp-block-buttons-is-layout-flex\">\n<div class=\"wp-block-button\"><a class=\"wp-block-button__link has-background wp-element-button\" href=\"https:\/\/conahcyt.mx\/wp-content\/uploads\/documentos\/glifosato\/Dossier_formato_glifosato.pdf\" style=\"border-radius:20px;background-color:#002663\">Expediente cient\u00edfico sobre glifosato<\/a><\/div>\n<\/div>\n<\/div><\/div>\n\n\n<style>.kadence-column12004_eea35d-84 > .kt-inside-inner-col,.kadence-column12004_eea35d-84 > .kt-inside-inner-col:before{border-top-left-radius:0px;border-top-right-radius:0px;border-bottom-right-radius:0px;border-bottom-left-radius:0px;}.kadence-column12004_eea35d-84 > .kt-inside-inner-col{column-gap:var(--global-kb-gap-sm, 1rem);}.kadence-column12004_eea35d-84 > .kt-inside-inner-col{flex-direction:column;}.kadence-column12004_eea35d-84 > .kt-inside-inner-col > .aligncenter{width:100%;}.kadence-column12004_eea35d-84 > .kt-inside-inner-col:before{opacity:0.3;}.kadence-column12004_eea35d-84{position:relative;}@media all and (max-width: 1024px){.kadence-column12004_eea35d-84 > .kt-inside-inner-col{flex-direction:column;}}@media all and (max-width: 767px){.kadence-column12004_eea35d-84 > .kt-inside-inner-col{flex-direction:column;}}<\/style>\n<div class=\"wp-block-kadence-column kadence-column12004_eea35d-84\"><div class=\"kt-inside-inner-col\">\n<div class=\"wp-block-buttons has-custom-font-size has-medium-font-size is-content-justification-center is-layout-flex wp-container-core-buttons-layout-2 wp-block-buttons-is-layout-flex\">\n<div class=\"wp-block-button\"><a class=\"wp-block-button__link has-background wp-element-button\" href=\"https:\/\/conahcyt.mx\/cibiogem\/index.php\/sistema-nacional-de-informacion\/documentos-y-actividades-en-bioseguridad\/repositorio-glifosato#:~:text=La%20intenci%C3%B3n%20de%20generar%20este,enfoque%20del%20principio%20de%20precauci%C3%B3n]\" style=\"border-radius:20px;background-color:#002663\">Listado de publicaciones efectos nocivos glifosato<\/a><\/div>\n<\/div>\n<\/div><\/div>\n\n<\/div><\/div>\n\n\n<div style=\"height:15px\" aria-hidden=\"true\" class=\"wp-block-spacer\"><\/div>\n\n\n\n<div style=\"height:25px\" aria-hidden=\"true\" class=\"wp-block-spacer\"><\/div>\n\n\n\n<figure class=\"wp-block-embed is-type-video is-provider-youtube wp-block-embed-youtube wp-embed-aspect-16-9 wp-has-aspect-ratio\"><div class=\"wp-block-embed__wrapper\">\n<p class=\"responsive-video-wrap clr\"><iframe loading=\"lazy\" title=\"Glifosato, herbicida t\u00f3xico para la salud humana y el medio ambiente\" width=\"1200\" height=\"675\" src=\"https:\/\/www.youtube.com\/embed\/CJ-Okvg63o4?feature=oembed\" frameborder=\"0\" allow=\"accelerometer; autoplay; clipboard-write; encrypted-media; gyroscope; picture-in-picture; web-share\" referrerpolicy=\"strict-origin-when-cross-origin\" allowfullscreen><\/iframe><\/p>\n<\/div><\/figure>\n\n\n\n<div style=\"height:25px\" aria-hidden=\"true\" class=\"wp-block-spacer\"><\/div>\n","protected":false},"excerpt":{"rendered":"<p>Sustento El planeta, el campo y la humanidad no aguantan m\u00e1s el modelo industrial de producci\u00f3n agr\u00edcola, que ha causado la emisi\u00f3n de gases de efecto invernadero, el acaparamiento de tierra, estragos en la salud humana y animal y la p\u00e9rdida de la biodiversidad. El 13 de febrero de 2023 se public\u00f3 un decreto, antecedido [&hellip;]<\/p>\n","protected":false},"author":1,"featured_media":0,"parent":0,"menu_order":0,"comment_status":"open","ping_status":"open","template":"","meta":{"ocean_post_layout":"left-sidebar","ocean_both_sidebars_style":"","ocean_both_sidebars_content_width":0,"ocean_both_sidebars_sidebars_width":0,"ocean_sidebar":"ocs-sidebar-01-sustento","ocean_second_sidebar":"","ocean_disable_margins":"enable","ocean_add_body_class":"","ocean_shortcode_before_top_bar":"","ocean_shortcode_after_top_bar":"","ocean_shortcode_before_header":"","ocean_shortcode_after_header":"","ocean_has_shortcode":"","ocean_shortcode_after_title":"","ocean_shortcode_before_footer_widgets":"","ocean_shortcode_after_footer_widgets":"","ocean_shortcode_before_footer_bottom":"","ocean_shortcode_after_footer_bottom":"","ocean_display_top_bar":"default","ocean_display_header":"default","ocean_header_style":"","ocean_center_header_left_menu":"","ocean_custom_header_template":"","ocean_custom_logo":0,"ocean_custom_retina_logo":0,"ocean_custom_logo_max_width":0,"ocean_custom_logo_tablet_max_width":0,"ocean_custom_logo_mobile_max_width":0,"ocean_custom_logo_max_height":0,"ocean_custom_logo_tablet_max_height":0,"ocean_custom_logo_mobile_max_height":0,"ocean_header_custom_menu":"","ocean_menu_typo_font_family":"","ocean_menu_typo_font_subset":"","ocean_menu_typo_font_size":0,"ocean_menu_typo_font_size_tablet":0,"ocean_menu_typo_font_size_mobile":0,"ocean_menu_typo_font_size_unit":"px","ocean_menu_typo_font_weight":"","ocean_menu_typo_font_weight_tablet":"","ocean_menu_typo_font_weight_mobile":"","ocean_menu_typo_transform":"","ocean_menu_typo_transform_tablet":"","ocean_menu_typo_transform_mobile":"","ocean_menu_typo_line_height":0,"ocean_menu_typo_line_height_tablet":0,"ocean_menu_typo_line_height_mobile":0,"ocean_menu_typo_line_height_unit":"","ocean_menu_typo_spacing":0,"ocean_menu_typo_spacing_tablet":0,"ocean_menu_typo_spacing_mobile":0,"ocean_menu_typo_spacing_unit":"","ocean_menu_link_color":"","ocean_menu_link_color_hover":"","ocean_menu_link_color_active":"","ocean_menu_link_background":"","ocean_menu_link_hover_background":"","ocean_menu_link_active_background":"","ocean_menu_social_links_bg":"","ocean_menu_social_hover_links_bg":"","ocean_menu_social_links_color":"","ocean_menu_social_hover_links_color":"","ocean_disable_title":"on","ocean_disable_heading":"default","ocean_post_title":"","ocean_post_subheading":"","ocean_post_title_style":"","ocean_post_title_background_color":"","ocean_post_title_background":0,"ocean_post_title_bg_image_position":"","ocean_post_title_bg_image_attachment":"","ocean_post_title_bg_image_repeat":"","ocean_post_title_bg_image_size":"","ocean_post_title_height":0,"ocean_post_title_bg_overlay":0.5,"ocean_post_title_bg_overlay_color":"","ocean_disable_breadcrumbs":"default","ocean_breadcrumbs_color":"","ocean_breadcrumbs_separator_color":"","ocean_breadcrumbs_links_color":"","ocean_breadcrumbs_links_hover_color":"","ocean_display_footer_widgets":"default","ocean_display_footer_bottom":"default","ocean_custom_footer_template":"","footnotes":""},"aioseo_notices":[],"_links":{"self":[{"href":"https:\/\/alimentacion.conahcyt.mx\/produccionsinglifosato\/wp-json\/wp\/v2\/pages\/12004"}],"collection":[{"href":"https:\/\/alimentacion.conahcyt.mx\/produccionsinglifosato\/wp-json\/wp\/v2\/pages"}],"about":[{"href":"https:\/\/alimentacion.conahcyt.mx\/produccionsinglifosato\/wp-json\/wp\/v2\/types\/page"}],"author":[{"embeddable":true,"href":"https:\/\/alimentacion.conahcyt.mx\/produccionsinglifosato\/wp-json\/wp\/v2\/users\/1"}],"replies":[{"embeddable":true,"href":"https:\/\/alimentacion.conahcyt.mx\/produccionsinglifosato\/wp-json\/wp\/v2\/comments?post=12004"}],"version-history":[{"count":13,"href":"https:\/\/alimentacion.conahcyt.mx\/produccionsinglifosato\/wp-json\/wp\/v2\/pages\/12004\/revisions"}],"predecessor-version":[{"id":18203,"href":"https:\/\/alimentacion.conahcyt.mx\/produccionsinglifosato\/wp-json\/wp\/v2\/pages\/12004\/revisions\/18203"}],"wp:attachment":[{"href":"https:\/\/alimentacion.conahcyt.mx\/produccionsinglifosato\/wp-json\/wp\/v2\/media?parent=12004"}],"curies":[{"name":"wp","href":"https:\/\/api.w.org\/{rel}","templated":true}]}}