{"id":12259,"date":"2024-03-25T16:00:22","date_gmt":"2024-03-25T16:00:22","guid":{"rendered":"https:\/\/alimentacion.conahcyt.mx\/produccionsinglifosato\/aprovechamiento-de-residuos\/"},"modified":"2024-09-10T13:39:12","modified_gmt":"2024-09-10T19:39:12","slug":"aprovechamiento-de-residuos","status":"publish","type":"page","link":"https:\/\/alimentacion.conahcyt.mx\/produccionsinglifosato\/aprovechamiento-de-residuos\/","title":{"rendered":"Uso de residuos"},"content":{"rendered":"<style>.wp-block-kadence-advancedheading.kt-adv-heading12259_df44e0-a3, .wp-block-kadence-advancedheading.kt-adv-heading12259_df44e0-a3[data-kb-block=\"kb-adv-heading12259_df44e0-a3\"]{font-style:normal;}.wp-block-kadence-advancedheading.kt-adv-heading12259_df44e0-a3 mark.kt-highlight, .wp-block-kadence-advancedheading.kt-adv-heading12259_df44e0-a3[data-kb-block=\"kb-adv-heading12259_df44e0-a3\"] mark.kt-highlight{font-style:normal;color:#f76a0c;-webkit-box-decoration-break:clone;box-decoration-break:clone;padding-top:0px;padding-right:0px;padding-bottom:0px;padding-left:0px;}<\/style>\n<h1 class=\"kt-adv-heading12259_df44e0-a3 wp-block-kadence-advancedheading\" data-kb-block=\"kb-adv-heading12259_df44e0-a3\">Uso de residuos<\/h1>\n\n\n<style>.kb-row-layout-id12259_1b9ade-fe > .kt-row-column-wrap{align-content:center;}:where(.kb-row-layout-id12259_1b9ade-fe > .kt-row-column-wrap) > .wp-block-kadence-column{justify-content:center;}.kb-row-layout-id12259_1b9ade-fe > .kt-row-column-wrap{column-gap:var(--global-kb-gap-md, 2rem);row-gap:var(--global-kb-gap-md, 2rem);padding-top:var(--global-kb-spacing-sm, 1.5rem);padding-bottom:var(--global-kb-spacing-sm, 1.5rem);grid-template-columns:minmax(0, 1fr) minmax(0, 2fr);}.kb-row-layout-id12259_1b9ade-fe > .kt-row-layout-overlay{opacity:0.30;}.kb-row-layout-id12259_1b9ade-fe .kt-row-layout-bottom-sep{height:45px;}.kb-row-layout-id12259_1b9ade-fe .kt-row-layout-bottom-sep svg{width:100%;}.kb-row-layout-id12259_1b9ade-fe .kt-row-layout-bottom-sep svg{fill:#285c4d!important;}.kb-row-layout-id12259_1b9ade-fe .kt-row-layout-top-sep{height:45px;}.kb-row-layout-id12259_1b9ade-fe .kt-row-layout-top-sep svg{width:100%;}.kb-row-layout-id12259_1b9ade-fe .kt-row-layout-top-sep svg{fill:#285c4d!important;}@media all and (max-width: 1024px){.kb-row-layout-id12259_1b9ade-fe > .kt-row-column-wrap{grid-template-columns:minmax(0, 1fr) minmax(0, 2fr);}}@media all and (max-width: 1024px){.kb-row-layout-id12259_1b9ade-fe .kt-row-layout-bottom-sep{height:px;}}@media all and (max-width: 1024px){.kb-row-layout-id12259_1b9ade-fe .kt-row-layout-bottom-sep svg{width:%;}}@media all and (max-width: 767px){.kb-row-layout-id12259_1b9ade-fe > .kt-row-column-wrap{grid-template-columns:minmax(0, 1fr);}.kb-row-layout-id12259_1b9ade-fe .kt-row-layout-bottom-sep{height:px;}.kb-row-layout-id12259_1b9ade-fe .kt-row-layout-bottom-sep svg{width:%;}}<\/style><div class=\"kb-row-layout-wrap kb-row-layout-id12259_1b9ade-fe alignnone wp-block-kadence-rowlayout\"><div class=\"kt-row-layout-top-sep kt-row-sep-type-threelevels\"><svg viewBox=\"0 0 1000 100\" preserveAspectRatio=\"none\"><path style=\"opacity: 0.33\" d=\"M0 95L1000 0v100H0v-5z\"><\/path><path style=\"opacity: 0.66\" d=\"M0 95l1000-67.944V100H0v-5z\"><\/path><path d=\"M0 95l1000-40.887V100H0v-5z\"><\/path><\/svg><\/div><div class=\"kt-row-layout-bottom-sep kt-row-sep-type-threelevels\"><svg viewBox=\"0 0 1000 100\" preserveAspectRatio=\"none\"><path style=\"opacity: 0.33\" d=\"M0 95L1000 0v100H0v-5z\"><\/path><path style=\"opacity: 0.66\" d=\"M0 95l1000-67.944V100H0v-5z\"><\/path><path d=\"M0 95l1000-40.887V100H0v-5z\"><\/path><\/svg><\/div><div class=\"kt-row-column-wrap kt-has-2-columns kt-row-layout-right-golden kt-tab-layout-inherit kt-mobile-layout-row kt-row-valign-middle\">\n<style>.kadence-column12259_e7f706-93 > .kt-inside-inner-col,.kadence-column12259_e7f706-93 > .kt-inside-inner-col:before{border-top-left-radius:0px;border-top-right-radius:0px;border-bottom-right-radius:0px;border-bottom-left-radius:0px;}.kadence-column12259_e7f706-93 > .kt-inside-inner-col{column-gap:var(--global-kb-gap-sm, 1rem);}.kadence-column12259_e7f706-93 > .kt-inside-inner-col{flex-direction:column;}.kadence-column12259_e7f706-93 > .kt-inside-inner-col > .aligncenter{width:100%;}.kadence-column12259_e7f706-93 > .kt-inside-inner-col:before{opacity:0.3;}.kadence-column12259_e7f706-93{position:relative;}@media all and (max-width: 1024px){.kadence-column12259_e7f706-93 > .kt-inside-inner-col{flex-direction:column;}}@media all and (max-width: 767px){.kadence-column12259_e7f706-93 > .kt-inside-inner-col{flex-direction:column;}}<\/style>\n<div class=\"wp-block-kadence-column kadence-column12259_e7f706-93\"><div class=\"kt-inside-inner-col\"><style>.kb-image12259_e0d317-63.kb-image-is-ratio-size, .kb-image12259_e0d317-63 .kb-image-is-ratio-size{max-width:290px;width:100%;}.wp-block-kadence-column > .kt-inside-inner-col > .kb-image12259_e0d317-63.kb-image-is-ratio-size, .wp-block-kadence-column > .kt-inside-inner-col > .kb-image12259_e0d317-63 .kb-image-is-ratio-size{align-self:unset;}.kb-image12259_e0d317-63{max-width:290px;}.image-is-svg.kb-image12259_e0d317-63{-webkit-flex:0 1 100%;flex:0 1 100%;}.image-is-svg.kb-image12259_e0d317-63 img{width:100%;}.kb-image12259_e0d317-63 .kb-image-has-overlay:after{opacity:0.3;}.kb-image12259_e0d317-63 img.kb-img, .kb-image12259_e0d317-63 .kb-img img{-webkit-mask-image:url(https:\/\/alimentacion.conahcyt.mx\/produccionsinglifosato\/wp-content\/plugins\/kadence-blocks\/includes\/assets\/images\/masks\/blob1.svg);mask-image:url(https:\/\/alimentacion.conahcyt.mx\/produccionsinglifosato\/wp-content\/plugins\/kadence-blocks\/includes\/assets\/images\/masks\/blob1.svg);-webkit-mask-size:auto;mask-size:auto;-webkit-mask-repeat:no-repeat;mask-repeat:no-repeat;-webkit-mask-position:center;mask-position:center;filter:drop-shadow(3px 3px 14px #313131);}<\/style>\n<figure class=\"wp-block-kadence-image kb-image12259_e0d317-63 size-large\"><img loading=\"lazy\" decoding=\"async\" width=\"768\" height=\"1024\" src=\"https:\/\/alimentacion.conahcyt.mx\/produccionsinglifosato\/wp-content\/uploads\/2024\/08\/uso_de_residuos-768x1024.jpg\" alt=\"\" class=\"kb-img wp-image-17779\" srcset=\"https:\/\/alimentacion.conahcyt.mx\/produccionsinglifosato\/wp-content\/uploads\/2024\/08\/uso_de_residuos-768x1024.jpg 768w, https:\/\/alimentacion.conahcyt.mx\/produccionsinglifosato\/wp-content\/uploads\/2024\/08\/uso_de_residuos-225x300.jpg 225w, https:\/\/alimentacion.conahcyt.mx\/produccionsinglifosato\/wp-content\/uploads\/2024\/08\/uso_de_residuos-1152x1536.jpg 1152w, https:\/\/alimentacion.conahcyt.mx\/produccionsinglifosato\/wp-content\/uploads\/2024\/08\/uso_de_residuos.jpg 1200w\" sizes=\"(max-width: 768px) 100vw, 768px\" \/><\/figure>\n<\/div><\/div>\n\n\n<style>.kadence-column12259_95a40a-50 > .kt-inside-inner-col,.kadence-column12259_95a40a-50 > .kt-inside-inner-col:before{border-top-left-radius:0px;border-top-right-radius:0px;border-bottom-right-radius:0px;border-bottom-left-radius:0px;}.kadence-column12259_95a40a-50 > .kt-inside-inner-col{column-gap:var(--global-kb-gap-sm, 1rem);}.kadence-column12259_95a40a-50 > .kt-inside-inner-col{flex-direction:column;}.kadence-column12259_95a40a-50 > .kt-inside-inner-col > .aligncenter{width:100%;}.kadence-column12259_95a40a-50 > .kt-inside-inner-col:before{opacity:0.3;}.kadence-column12259_95a40a-50{position:relative;}@media all and (max-width: 1024px){.kadence-column12259_95a40a-50 > .kt-inside-inner-col{flex-direction:column;}}@media all and (max-width: 767px){.kadence-column12259_95a40a-50 > .kt-inside-inner-col{flex-direction:column;}}<\/style>\n<div class=\"wp-block-kadence-column kadence-column12259_95a40a-50\"><div class=\"kt-inside-inner-col\">\n<p class=\"has-text-align-center\" style=\"font-size:18px\">Como parte de las acciones complementarias del Conahcyt en torno a prescindir del uso de glifosato, se desarrollaron alternativas viables para el aprovechamiento de las arvenses como la obtenci\u00f3n de insumos aprovechables en la agricultura, ganader\u00eda y otras \u00e1reas de inter\u00e9s. Lo anterior se logr\u00f3\u00a0mediante inoculantes microbianos y bioprocesos para el manejo sustentable de\u00a0dichas arvenses, as\u00ed como el desarrollo de maquinaria orientada a la reducci\u00f3n de mermas a causa del desecho de alimentos.<\/p>\n\n\n\n<div class=\"wp-block-columns is-layout-flex wp-container-core-columns-layout-1 wp-block-columns-is-layout-flex\">\n<div class=\"wp-block-column is-layout-flow wp-block-column-is-layout-flow\">\n<div class=\"wp-block-buttons is-horizontal is-content-justification-center is-layout-flex wp-container-core-buttons-layout-1 wp-block-buttons-is-layout-flex\">\n<div class=\"wp-block-button has-custom-font-size is-style-fill has-medium-font-size\"><a class=\"wp-block-button__link has-kb-palette-1-background-color has-background wp-element-button\" href=\"https:\/\/alimentacion.conahcyt.mx\/produccionsinglifosato\/biblioteca\/#proyectos-residuos\">Ver proyectos<\/a><\/div>\n<\/div>\n<\/div>\n<\/div>\n<\/div><\/div>\n\n<\/div><\/div>\n\n<style>.kb-row-layout-id12259_ae697b-ef > .kt-row-column-wrap{align-content:start;}:where(.kb-row-layout-id12259_ae697b-ef > .kt-row-column-wrap) > .wp-block-kadence-column{justify-content:start;}.kb-row-layout-id12259_ae697b-ef > .kt-row-column-wrap{column-gap:var(--global-kb-gap-md, 2rem);row-gap:var(--global-kb-gap-md, 2rem);padding-top:var(--global-kb-spacing-sm, 1.5rem);padding-bottom:var(--global-kb-spacing-sm, 1.5rem);grid-template-columns:minmax(0, 1fr);}.kb-row-layout-id12259_ae697b-ef > .kt-row-layout-overlay{opacity:0.30;}@media all and (max-width: 1024px){.kb-row-layout-id12259_ae697b-ef > .kt-row-column-wrap{grid-template-columns:minmax(0, 1fr);}}@media all and (max-width: 767px){.kb-row-layout-id12259_ae697b-ef > .kt-row-column-wrap{grid-template-columns:minmax(0, 1fr);}}<\/style><div class=\"kb-row-layout-wrap kb-row-layout-id12259_ae697b-ef alignnone wp-block-kadence-rowlayout\"><div class=\"kt-row-column-wrap kt-has-1-columns kt-row-layout-equal kt-tab-layout-inherit kt-mobile-layout-row kt-row-valign-top\">\n<style>.kadence-column12259_d6a856-10 > .kt-inside-inner-col,.kadence-column12259_d6a856-10 > .kt-inside-inner-col:before{border-top-left-radius:0px;border-top-right-radius:0px;border-bottom-right-radius:0px;border-bottom-left-radius:0px;}.kadence-column12259_d6a856-10 > .kt-inside-inner-col{column-gap:var(--global-kb-gap-sm, 1rem);}.kadence-column12259_d6a856-10 > .kt-inside-inner-col{flex-direction:column;}.kadence-column12259_d6a856-10 > .kt-inside-inner-col > .aligncenter{width:100%;}.kadence-column12259_d6a856-10 > .kt-inside-inner-col:before{opacity:0.3;}.kadence-column12259_d6a856-10{position:relative;}@media all and (max-width: 1024px){.kadence-column12259_d6a856-10 > .kt-inside-inner-col{flex-direction:column;}}@media all and (max-width: 767px){.kadence-column12259_d6a856-10 > .kt-inside-inner-col{flex-direction:column;}}<\/style>\n<div class=\"wp-block-kadence-column kadence-column12259_d6a856-10\"><div class=\"kt-inside-inner-col\"><\/div><\/div>\n\n<\/div><\/div>\n\n<style>.wp-block-kadence-spacer.kt-block-spacer-12259_9cd6f3-b7 .kt-block-spacer{height:60px;}.wp-block-kadence-spacer.kt-block-spacer-12259_9cd6f3-b7 .kt-divider{border-top-width:1px;height:1px;border-top-color:#eee;width:80%;border-top-style:solid;}<\/style>\n<div class=\"wp-block-kadence-spacer aligncenter kt-block-spacer-12259_9cd6f3-b7\"><div class=\"kt-block-spacer kt-block-spacer-halign-center\"><hr class=\"kt-divider\"\/><\/div><\/div>\n\n\n\n<p class=\"has-text-color has-link-color has-small-font-size wp-elements-e51c9ac8db2f9b4b15c31e9592817d5a\" style=\"color:#8c8c8c\"><strong><em>La informaci\u00f3n contenida en la presente plataforma deriva de los avances y resultados presentados en los proyectos apoyados por el Consejo Nacional de Humanidades Ciencias y Tecnolog\u00edas. Su uso deber\u00e1 realizarse con estricta responsabilidad y en apego a lo dispuesto en la Ley Federal del Derecho de Autor.<\/em><\/strong><\/p>\n","protected":false},"excerpt":{"rendered":"<p>Uso de residuos Como parte de las acciones complementarias del Conahcyt en torno a prescindir del uso de glifosato, se desarrollaron alternativas viables para el aprovechamiento de las arvenses como la obtenci\u00f3n de insumos aprovechables en la agricultura, ganader\u00eda y otras \u00e1reas de inter\u00e9s. Lo anterior se logr\u00f3\u00a0mediante inoculantes microbianos y bioprocesos para el manejo [&hellip;]<\/p>\n","protected":false},"author":19,"featured_media":12262,"parent":0,"menu_order":0,"comment_status":"open","ping_status":"open","template":"","meta":{"ocean_post_layout":"left-sidebar","ocean_both_sidebars_style":"","ocean_both_sidebars_content_width":0,"ocean_both_sidebars_sidebars_width":0,"ocean_sidebar":"","ocean_second_sidebar":"","ocean_disable_margins":"enable","ocean_add_body_class":"","ocean_shortcode_before_top_bar":"","ocean_shortcode_after_top_bar":"","ocean_shortcode_before_header":"","ocean_shortcode_after_header":"","ocean_has_shortcode":"","ocean_shortcode_after_title":"","ocean_shortcode_before_footer_widgets":"","ocean_shortcode_after_footer_widgets":"","ocean_shortcode_before_footer_bottom":"","ocean_shortcode_after_footer_bottom":"","ocean_display_top_bar":"default","ocean_display_header":"default","ocean_header_style":"","ocean_center_header_left_menu":"","ocean_custom_header_template":"","ocean_custom_logo":0,"ocean_custom_retina_logo":0,"ocean_custom_logo_max_width":0,"ocean_custom_logo_tablet_max_width":0,"ocean_custom_logo_mobile_max_width":0,"ocean_custom_logo_max_height":0,"ocean_custom_logo_tablet_max_height":0,"ocean_custom_logo_mobile_max_height":0,"ocean_header_custom_menu":"","ocean_menu_typo_font_family":"","ocean_menu_typo_font_subset":"","ocean_menu_typo_font_size":0,"ocean_menu_typo_font_size_tablet":0,"ocean_menu_typo_font_size_mobile":0,"ocean_menu_typo_font_size_unit":"px","ocean_menu_typo_font_weight":"","ocean_menu_typo_font_weight_tablet":"","ocean_menu_typo_font_weight_mobile":"","ocean_menu_typo_transform":"","ocean_menu_typo_transform_tablet":"","ocean_menu_typo_transform_mobile":"","ocean_menu_typo_line_height":0,"ocean_menu_typo_line_height_tablet":0,"ocean_menu_typo_line_height_mobile":0,"ocean_menu_typo_line_height_unit":"","ocean_menu_typo_spacing":0,"ocean_menu_typo_spacing_tablet":0,"ocean_menu_typo_spacing_mobile":0,"ocean_menu_typo_spacing_unit":"","ocean_menu_link_color":"","ocean_menu_link_color_hover":"","ocean_menu_link_color_active":"","ocean_menu_link_background":"","ocean_menu_link_hover_background":"","ocean_menu_link_active_background":"","ocean_menu_social_links_bg":"","ocean_menu_social_hover_links_bg":"","ocean_menu_social_links_color":"","ocean_menu_social_hover_links_color":"","ocean_disable_title":"on","ocean_disable_heading":"default","ocean_post_title":"","ocean_post_subheading":"","ocean_post_title_style":"","ocean_post_title_background_color":"","ocean_post_title_background":0,"ocean_post_title_bg_image_position":"","ocean_post_title_bg_image_attachment":"","ocean_post_title_bg_image_repeat":"","ocean_post_title_bg_image_size":"","ocean_post_title_height":0,"ocean_post_title_bg_overlay":0.5,"ocean_post_title_bg_overlay_color":"","ocean_disable_breadcrumbs":"default","ocean_breadcrumbs_color":"","ocean_breadcrumbs_separator_color":"","ocean_breadcrumbs_links_color":"","ocean_breadcrumbs_links_hover_color":"","ocean_display_footer_widgets":"default","ocean_display_footer_bottom":"default","ocean_custom_footer_template":"","footnotes":""},"aioseo_notices":[],"_links":{"self":[{"href":"https:\/\/alimentacion.conahcyt.mx\/produccionsinglifosato\/wp-json\/wp\/v2\/pages\/12259"}],"collection":[{"href":"https:\/\/alimentacion.conahcyt.mx\/produccionsinglifosato\/wp-json\/wp\/v2\/pages"}],"about":[{"href":"https:\/\/alimentacion.conahcyt.mx\/produccionsinglifosato\/wp-json\/wp\/v2\/types\/page"}],"author":[{"embeddable":true,"href":"https:\/\/alimentacion.conahcyt.mx\/produccionsinglifosato\/wp-json\/wp\/v2\/users\/19"}],"replies":[{"embeddable":true,"href":"https:\/\/alimentacion.conahcyt.mx\/produccionsinglifosato\/wp-json\/wp\/v2\/comments?post=12259"}],"version-history":[{"count":11,"href":"https:\/\/alimentacion.conahcyt.mx\/produccionsinglifosato\/wp-json\/wp\/v2\/pages\/12259\/revisions"}],"predecessor-version":[{"id":18134,"href":"https:\/\/alimentacion.conahcyt.mx\/produccionsinglifosato\/wp-json\/wp\/v2\/pages\/12259\/revisions\/18134"}],"wp:featuredmedia":[{"embeddable":true,"href":"https:\/\/alimentacion.conahcyt.mx\/produccionsinglifosato\/wp-json\/wp\/v2\/media\/12262"}],"wp:attachment":[{"href":"https:\/\/alimentacion.conahcyt.mx\/produccionsinglifosato\/wp-json\/wp\/v2\/media?parent=12259"}],"curies":[{"name":"wp","href":"https:\/\/api.w.org\/{rel}","templated":true}]}}