{"id":12289,"date":"2024-03-25T16:07:22","date_gmt":"2024-03-25T16:07:22","guid":{"rendered":"https:\/\/alimentacion.conahcyt.mx\/produccionsinglifosato\/inicio\/biorremediacion\/"},"modified":"2024-09-10T10:11:36","modified_gmt":"2024-09-10T16:11:36","slug":"biorremediacion","status":"publish","type":"page","link":"https:\/\/alimentacion.conahcyt.mx\/produccionsinglifosato\/inicio\/biorremediacion\/","title":{"rendered":"Biorremediaci\u00f3n"},"content":{"rendered":"<style>.wp-block-kadence-advancedheading.kt-adv-heading12289_1df1a6-e8, .wp-block-kadence-advancedheading.kt-adv-heading12289_1df1a6-e8[data-kb-block=\"kb-adv-heading12289_1df1a6-e8\"]{font-style:normal;}.wp-block-kadence-advancedheading.kt-adv-heading12289_1df1a6-e8 mark.kt-highlight, .wp-block-kadence-advancedheading.kt-adv-heading12289_1df1a6-e8[data-kb-block=\"kb-adv-heading12289_1df1a6-e8\"] mark.kt-highlight{font-style:normal;color:#f76a0c;-webkit-box-decoration-break:clone;box-decoration-break:clone;padding-top:0px;padding-right:0px;padding-bottom:0px;padding-left:0px;}<\/style>\n<h1 class=\"kt-adv-heading12289_1df1a6-e8 wp-block-kadence-advancedheading\" data-kb-block=\"kb-adv-heading12289_1df1a6-e8\">Biorremediaci\u00f3n<\/h1>\n\n\n\n<div style=\"height:25px\" aria-hidden=\"true\" class=\"wp-block-spacer\"><\/div>\n\n\n\n<div class=\"wp-block-columns is-layout-flex wp-container-core-columns-layout-1 wp-block-columns-is-layout-flex\">\n<div class=\"wp-block-column is-vertically-aligned-center is-layout-flow wp-block-column-is-layout-flow\">\n<p style=\"font-size:17px\">Como parte de las acciones orientadas a la <strong>mitigaci\u00f3n del impacto ambiental de suelos y cuerpos de agua impactados a causa del uso de glifosato <\/strong>y otros agrot\u00f3xicos en M\u00e9xico, se apoyaron diversos proyectos a trav\u00e9s de los cuales se implementaron acciones destinadas a la biorremediaci\u00f3n de cuerpos de agua, por medio de distintas metodolog\u00edas y equipos, y el desarrollo de una estrategia experimental para su degradaci\u00f3n.<\/p>\n\n\n<style>.wp-block-kadence-advancedbtn.kb-btns12289_75e63a-c2{gap:var(--global-kb-gap-xs, 0.5rem );justify-content:flex-start;align-items:center;}.kt-btns12289_75e63a-c2 .kt-button{font-weight:normal;font-style:normal;}.kt-btns12289_75e63a-c2 .kt-btn-wrap-0{margin-right:5px;}.wp-block-kadence-advancedbtn.kt-btns12289_75e63a-c2 .kt-btn-wrap-0 .kt-button{color:#555555;border-color:#555555;}.wp-block-kadence-advancedbtn.kt-btns12289_75e63a-c2 .kt-btn-wrap-0 .kt-button:hover, .wp-block-kadence-advancedbtn.kt-btns12289_75e63a-c2 .kt-btn-wrap-0 .kt-button:focus{color:#ffffff;border-color:#444444;}.wp-block-kadence-advancedbtn.kt-btns12289_75e63a-c2 .kt-btn-wrap-0 .kt-button::before{display:none;}.wp-block-kadence-advancedbtn.kt-btns12289_75e63a-c2 .kt-btn-wrap-0 .kt-button:hover, .wp-block-kadence-advancedbtn.kt-btns12289_75e63a-c2 .kt-btn-wrap-0 .kt-button:focus{background:#444444;}<\/style>\n<div class=\"wp-block-kadence-advancedbtn kb-buttons-wrap kb-btns12289_75e63a-c2\"><style>ul.menu .wp-block-kadence-advancedbtn .kb-btn12289_a79338-25.kb-button{width:initial;}.wp-block-kadence-advancedbtn .kb-btn12289_a79338-25.kb-button{color:#ffffff;background:#002663;}<\/style><a class=\"kb-button kt-button button kb-btn12289_a79338-25 kt-btn-size-xlarge kt-btn-width-type-auto kb-btn-global-fill kt-btn-has-text-true kt-btn-has-svg-false wp-block-kadence-singlebtn\" href=\"https:\/\/alimentacion.conahcyt.mx\/produccionsinglifosato\/inicio\/biorremediacion\/pronaii-fichas\/\"><span class=\"kt-btn-inner-text\">Consultar fichas t\u00e9cnicas<\/span><\/a><\/div>\n<\/div>\n\n\n\n<div class=\"wp-block-column is-vertically-aligned-center is-layout-flow wp-block-column-is-layout-flow\"><style>.kb-image12289_3a0b4c-98.kb-image-is-ratio-size, .kb-image12289_3a0b4c-98 .kb-image-is-ratio-size{max-width:360px;width:100%;}.wp-block-kadence-column > .kt-inside-inner-col > .kb-image12289_3a0b4c-98.kb-image-is-ratio-size, .wp-block-kadence-column > .kt-inside-inner-col > .kb-image12289_3a0b4c-98 .kb-image-is-ratio-size{align-self:unset;}.kb-image12289_3a0b4c-98{max-width:360px;}.image-is-svg.kb-image12289_3a0b4c-98{-webkit-flex:0 1 100%;flex:0 1 100%;}.image-is-svg.kb-image12289_3a0b4c-98 img{width:100%;}.kb-image12289_3a0b4c-98 .kb-image-has-overlay:after{opacity:0.3;}.kb-image12289_3a0b4c-98 img.kb-img, .kb-image12289_3a0b4c-98 .kb-img img{box-shadow:10px 10px 2px 0px #002663;}<\/style>\n<figure class=\"wp-block-kadence-image kb-image12289_3a0b4c-98 size-ocean-thumb-l\"><img loading=\"lazy\" decoding=\"async\" width=\"800\" height=\"700\" src=\"https:\/\/alimentacion.conahcyt.mx\/produccionsinglifosato\/wp-content\/uploads\/2024\/04\/Analisis-3-2-edited-800x700.jpg\" alt=\"\" class=\"kb-img wp-image-16555\"\/><\/figure>\n<\/div>\n<\/div>\n\n\n\n<div style=\"height:25px\" aria-hidden=\"true\" class=\"wp-block-spacer\"><\/div>\n\n\n<style>.wp-block-kadence-spacer.kt-block-spacer-12289_13f84d-79 .kt-block-spacer{height:60px;}.wp-block-kadence-spacer.kt-block-spacer-12289_13f84d-79 .kt-divider{border-top-width:2px;border-top-color:#002663;width:80%;border-top-style:solid;}<\/style>\n<div class=\"wp-block-kadence-spacer aligncenter kt-block-spacer-12289_13f84d-79\"><div class=\"kt-block-spacer kt-block-spacer-halign-center\"><hr class=\"kt-divider\"\/><\/div><\/div>\n\n\n\n<p class=\"has-text-color has-link-color has-small-font-size wp-elements-e51c9ac8db2f9b4b15c31e9592817d5a\" style=\"color:#8c8c8c\"><strong><em>La informaci\u00f3n contenida en la presente plataforma deriva de los avances y resultados presentados en los proyectos apoyados por el Consejo Nacional de Humanidades Ciencias y Tecnolog\u00edas. Su uso deber\u00e1 realizarse con estricta responsabilidad y en apego a lo dispuesto en la Ley Federal del Derecho de Autor.<\/em><\/strong><\/p>\n","protected":false},"excerpt":{"rendered":"<p>Biorremediaci\u00f3n Como parte de las acciones orientadas a la mitigaci\u00f3n del impacto ambiental de suelos y cuerpos de agua impactados a causa del uso de glifosato y otros agrot\u00f3xicos en M\u00e9xico, se apoyaron diversos proyectos a trav\u00e9s de los cuales se implementaron acciones destinadas a la biorremediaci\u00f3n de cuerpos de agua, por medio de distintas [&hellip;]<\/p>\n","protected":false},"author":19,"featured_media":12298,"parent":10849,"menu_order":0,"comment_status":"open","ping_status":"open","template":"","meta":{"ocean_post_layout":"left-sidebar","ocean_both_sidebars_style":"","ocean_both_sidebars_content_width":0,"ocean_both_sidebars_sidebars_width":0,"ocean_sidebar":"","ocean_second_sidebar":"","ocean_disable_margins":"enable","ocean_add_body_class":"","ocean_shortcode_before_top_bar":"","ocean_shortcode_after_top_bar":"","ocean_shortcode_before_header":"","ocean_shortcode_after_header":"","ocean_has_shortcode":"","ocean_shortcode_after_title":"","ocean_shortcode_before_footer_widgets":"","ocean_shortcode_after_footer_widgets":"","ocean_shortcode_before_footer_bottom":"","ocean_shortcode_after_footer_bottom":"","ocean_display_top_bar":"default","ocean_display_header":"default","ocean_header_style":"","ocean_center_header_left_menu":"","ocean_custom_header_template":"","ocean_custom_logo":0,"ocean_custom_retina_logo":0,"ocean_custom_logo_max_width":0,"ocean_custom_logo_tablet_max_width":0,"ocean_custom_logo_mobile_max_width":0,"ocean_custom_logo_max_height":0,"ocean_custom_logo_tablet_max_height":0,"ocean_custom_logo_mobile_max_height":0,"ocean_header_custom_menu":"","ocean_menu_typo_font_family":"","ocean_menu_typo_font_subset":"","ocean_menu_typo_font_size":0,"ocean_menu_typo_font_size_tablet":0,"ocean_menu_typo_font_size_mobile":0,"ocean_menu_typo_font_size_unit":"px","ocean_menu_typo_font_weight":"","ocean_menu_typo_font_weight_tablet":"","ocean_menu_typo_font_weight_mobile":"","ocean_menu_typo_transform":"","ocean_menu_typo_transform_tablet":"","ocean_menu_typo_transform_mobile":"","ocean_menu_typo_line_height":0,"ocean_menu_typo_line_height_tablet":0,"ocean_menu_typo_line_height_mobile":0,"ocean_menu_typo_line_height_unit":"","ocean_menu_typo_spacing":0,"ocean_menu_typo_spacing_tablet":0,"ocean_menu_typo_spacing_mobile":0,"ocean_menu_typo_spacing_unit":"","ocean_menu_link_color":"","ocean_menu_link_color_hover":"","ocean_menu_link_color_active":"","ocean_menu_link_background":"","ocean_menu_link_hover_background":"","ocean_menu_link_active_background":"","ocean_menu_social_links_bg":"","ocean_menu_social_hover_links_bg":"","ocean_menu_social_links_color":"","ocean_menu_social_hover_links_color":"","ocean_disable_title":"default","ocean_disable_heading":"default","ocean_post_title":"","ocean_post_subheading":"","ocean_post_title_style":"","ocean_post_title_background_color":"","ocean_post_title_background":0,"ocean_post_title_bg_image_position":"","ocean_post_title_bg_image_attachment":"","ocean_post_title_bg_image_repeat":"","ocean_post_title_bg_image_size":"","ocean_post_title_height":0,"ocean_post_title_bg_overlay":0.5,"ocean_post_title_bg_overlay_color":"","ocean_disable_breadcrumbs":"default","ocean_breadcrumbs_color":"","ocean_breadcrumbs_separator_color":"","ocean_breadcrumbs_links_color":"","ocean_breadcrumbs_links_hover_color":"","ocean_display_footer_widgets":"default","ocean_display_footer_bottom":"default","ocean_custom_footer_template":"","footnotes":""},"aioseo_notices":[],"_links":{"self":[{"href":"https:\/\/alimentacion.conahcyt.mx\/produccionsinglifosato\/wp-json\/wp\/v2\/pages\/12289"}],"collection":[{"href":"https:\/\/alimentacion.conahcyt.mx\/produccionsinglifosato\/wp-json\/wp\/v2\/pages"}],"about":[{"href":"https:\/\/alimentacion.conahcyt.mx\/produccionsinglifosato\/wp-json\/wp\/v2\/types\/page"}],"author":[{"embeddable":true,"href":"https:\/\/alimentacion.conahcyt.mx\/produccionsinglifosato\/wp-json\/wp\/v2\/users\/19"}],"replies":[{"embeddable":true,"href":"https:\/\/alimentacion.conahcyt.mx\/produccionsinglifosato\/wp-json\/wp\/v2\/comments?post=12289"}],"version-history":[{"count":11,"href":"https:\/\/alimentacion.conahcyt.mx\/produccionsinglifosato\/wp-json\/wp\/v2\/pages\/12289\/revisions"}],"predecessor-version":[{"id":18104,"href":"https:\/\/alimentacion.conahcyt.mx\/produccionsinglifosato\/wp-json\/wp\/v2\/pages\/12289\/revisions\/18104"}],"up":[{"embeddable":true,"href":"https:\/\/alimentacion.conahcyt.mx\/produccionsinglifosato\/wp-json\/wp\/v2\/pages\/10849"}],"wp:featuredmedia":[{"embeddable":true,"href":"https:\/\/alimentacion.conahcyt.mx\/produccionsinglifosato\/wp-json\/wp\/v2\/media\/12298"}],"wp:attachment":[{"href":"https:\/\/alimentacion.conahcyt.mx\/produccionsinglifosato\/wp-json\/wp\/v2\/media?parent=12289"}],"curies":[{"name":"wp","href":"https:\/\/api.w.org\/{rel}","templated":true}]}}