{"id":14404,"date":"2023-10-26T19:12:35","date_gmt":"2023-10-26T19:12:35","guid":{"rendered":"http:\/\/192.168.4.37\/glifosato\/uso-de-glifosato-en-mexico-y-el-mundo\/"},"modified":"2024-09-11T16:50:59","modified_gmt":"2024-09-11T22:50:59","slug":"practicas","status":"publish","type":"page","link":"https:\/\/alimentacion.conahcyt.mx\/produccionsinglifosato\/faros-agroecologicos\/practicas\/","title":{"rendered":"Pr\u00e1cticas"},"content":{"rendered":"\n<div style=\"height:40px\" aria-hidden=\"true\" class=\"wp-block-spacer\"><\/div>\n\n\n\n<h1 class=\"wp-block-heading\">Pr\u00e1cticas agroecol\u00f3gicas<\/h1>\n\n\n\n<div style=\"height:14px\" aria-hidden=\"true\" class=\"wp-block-spacer\"><\/div>\n\n\n\n<div class=\"wp-block-group is-layout-flow wp-block-group-is-layout-flow\"><div class=\"wp-block-group__inner-container\">\n<p style=\"font-size:18px\">A trav\u00e9s de la implementaci\u00f3n de pr\u00e1cticas agroecol\u00f3gicas se ha demostrado que <strong>es posible producir sin glifosato a peque\u00f1a, mediana y gran escala, <\/strong>sin poner en riesgo los rendimientos ni la productividad para las personas productoras. <\/p>\n\n\n\n<p style=\"font-size:18px\">Se han identificado, evaluado y agrupado <strong>pr\u00e1cticas agroecol\u00f3gicas en 15 tipos<\/strong> de acuerdo con su naturaleza. Su aplicaci\u00f3n oportuna incrementa la probabilidad de \u00e9xito del manejo agroecol\u00f3gico de los cultivos, al impactar directamente en el potencial productivo.<\/p>\n<\/div><\/div>\n\n\n\n<div style=\"height:7px\" aria-hidden=\"true\" class=\"wp-block-spacer\"><\/div>\n\n\n\n<div class=\"wp-block-buttons is-content-justification-center is-layout-flex wp-container-core-buttons-layout-1 wp-block-buttons-is-layout-flex\">\n<div class=\"wp-block-button has-custom-width wp-block-button__width-100 is-style-fill\"><a class=\"wp-block-button__link has-background wp-element-button\" style=\"border-radius:11px;background-color:#621132\"><strong>Listado de pr\u00e1cticas agroecol\u00f3gicas evaluadas<\/strong>&nbsp;<\/a><\/div>\n<\/div>\n\n\n\n<figure class=\"wp-block-table is-style-stripes\"><table class=\"has-background\" style=\"background-color:#d4c19c\"><tbody><tr><td><strong>No.<\/strong>&nbsp;<\/td><td><strong>Pr\u00e1ctica<\/strong>&nbsp;<\/td><td><strong>Funci\u00f3n<\/strong>&nbsp;<\/td><td><strong>Descripci\u00f3n<\/strong>&nbsp;<\/td><\/tr><tr><td>1&nbsp;<\/td><td>Deshierbe manual&nbsp;<\/td><td>Manejo de arvenses&nbsp;<\/td><td>Consiste en eliminar con herramientas y de manera espec\u00edfica las malezas presentes en la zona de cultivo.<\/td><\/tr><tr><td>2&nbsp;<\/td><td>Deshierbe mec\u00e1nico&nbsp;<\/td><td>Manejo de arvenses&nbsp;<\/td><td>Consiste en eliminar con maquinaria y de manera espec\u00edfica las malezas presentes en la zona de cultivo.<\/td><\/tr><tr><td>3&nbsp;<\/td><td>Control biol\u00f3gico&nbsp;<\/td><td>Manejo de plagas y enfermedades&nbsp;<\/td><td>Consiste en introducir un agente control para la erradicaci\u00f3n del organismo objetivo a mediano y largo plazo.<\/td><\/tr><tr><td>4&nbsp;<\/td><td>Composta&nbsp;<\/td><td>Mejoramiento de suelo&nbsp;<\/td><td>Consiste en abono org\u00e1nico que se forma por la degradaci\u00f3n microbiana de materiales acomodados en capas sometidos a un proceso de descomposici\u00f3n.<\/td><\/tr><tr><td>5&nbsp;<\/td><td>Lixiviado&nbsp;<\/td><td>Mejoramiento de suelo&nbsp;<\/td><td>Consiste en sustancias l\u00edquidas que circulan entre los residuos de materia org\u00e1nica y resultan ben\u00e9ficos para el suelo por la cantidad de microorganismos que contienen.<\/td><\/tr><tr><td>6&nbsp;<\/td><td>Cobertura viva&nbsp;<\/td><td>Mejoramiento de suelo&nbsp;<\/td><td>Consiste en utilizar cultivos vivos para generar competencia con las malezas por agua, luz y nutrientes principalmente, del mismo modo evita el proceso de degradaci\u00f3n de las propiedades f\u00edsicas, qu\u00edmicas y biol\u00f3gicas del suelo.<\/td><\/tr><tr><td>7&nbsp;<\/td><td>Cobertura muerta&nbsp;<\/td><td>Mejoramiento de suelo&nbsp;<\/td><td>Consiste en utilizar rastrojos para cubrir el suelo y evitar el proceso de degradaci\u00f3n de las propiedades f\u00edsicas, qu\u00edmicas y biol\u00f3gicas del suelo.<\/td><\/tr><tr><td>8&nbsp;<\/td><td>Fertilizante&nbsp;<\/td><td>Nutrici\u00f3n vegetal&nbsp;<\/td><td>Consiste en sustancias ricas en nutrientes que se utilizan para mejorar las caracter\u00edsticas del suelo para un mayor desarrollo de los cultivos agr\u00edcolas.<\/td><\/tr><tr><td>9&nbsp;<\/td><td>Bioinsumo&nbsp;<\/td><td>Nutrici\u00f3n vegetal&nbsp;<\/td><td>Consiste en productos obtenidos a partir del procesamiento de material vegetal y del aislamiento, multiplicaci\u00f3n y proliferaci\u00f3n de microorganismos ben\u00e9ficos para los cultivos agr\u00edcolas.<\/td><\/tr><tr><td>10&nbsp;<\/td><td>Barreras&nbsp;<\/td><td>Manejo de plagas y enfermedades&nbsp;<\/td><td>Consisten en obst\u00e1culos f\u00edsicos, al margen exterior del cultivo y tienen como principales funciones el control de plagas, protecci\u00f3n contra el viento y en zonas con inclinaci\u00f3n, evitar la erosi\u00f3n del suelo.<\/td><\/tr><tr><td>11&nbsp;<\/td><td>Rotaci\u00f3n de cultivos&nbsp;<\/td><td>Mejoramiento de suelo&nbsp;<\/td><td>Consiste en alternar a lo largo del tiempo distintos cultivos en un mismo suelo, su principal funci\u00f3n es mantener la biodiversidad (plantas, insectos y microorganismos) y el ciclo de absorci\u00f3n de los nutrientes del sustrato.<\/td><\/tr><tr><td>12&nbsp;<\/td><td>Labranza m\u00ednima&nbsp;<\/td><td>Mejoramiento de suelo&nbsp;<\/td><td>Consiste en abrir en el suelo, con m\u00e1quina o manualmente, un peque\u00f1o surco en donde se coloca la semilla, fuera de esta abertura, el suelo no sufre ninguna alteraci\u00f3n y la mayor parte del rastrojo de la cosecha anterior queda en la superficie.<\/td><\/tr><tr><td>13&nbsp;<\/td><td>Cobertura inorg\u00e1nica&nbsp;<\/td><td>Mejoramiento de suelo&nbsp;<\/td><td>Consiste en utilizar materiales sint\u00e9ticos (pl\u00e1sticos) para cubrir el suelo y evitar el proceso de degradaci\u00f3n de las propiedades f\u00edsicas, qu\u00edmicas y biol\u00f3gicas del suelo.<\/td><\/tr><tr><td>14&nbsp;<\/td><td>Tratamiento de semilla&nbsp;<\/td><td>\u202fManejo de plagas y enfermedades&nbsp;<\/td><td>Consiste en el uso de aplicaciones y procesos en las semillas antes de su siembra para protecci\u00f3n y mejoramiento de la consolidaci\u00f3n de cultivos saludables.<\/td><\/tr><tr><td>15&nbsp;<\/td><td>Conservaci\u00f3n de flora y fauna silvestre&nbsp;<\/td><td>Manejo de plagas y enfermedades&nbsp;<\/td><td>Consiste en la protecci\u00f3n a especies nativas (flora y fauna) que prioricen la salud y el buen funcionamiento del ecosistema y as\u00ed evitar el establecimiento de plagas y especies da\u00f1inas para el cultivo objetivo.<\/td><\/tr><\/tbody><\/table><\/figure>\n\n\n\n<div style=\"height:24px\" aria-hidden=\"true\" class=\"wp-block-spacer\"><\/div>\n\n\n\n<div class=\"wp-block-buttons is-layout-flex wp-block-buttons-is-layout-flex\">\n<div class=\"wp-block-button has-custom-width wp-block-button__width-100\"><a class=\"wp-block-button__link has-kb-palette-4-background-color has-background wp-element-button\" href=\"https:\/\/alimentacion.conahcyt.mx\/produccionsinglifosato\/biblioteca\/#practicas-faros\" style=\"border-radius:34px\">Accede a la secci\u00f3n de pr\u00e1cticas en la biblioteca para conocer m\u00e1s<\/a><\/div>\n<\/div>\n\n\n<style>.wp-block-kadence-spacer.kt-block-spacer-14404_4fb387-35 .kt-block-spacer{height:60px;}.wp-block-kadence-spacer.kt-block-spacer-14404_4fb387-35 .kt-divider{border-top-width:2px;border-top-color:#285c4d;width:80%;border-top-style:solid;}<\/style>\n<div class=\"wp-block-kadence-spacer aligncenter kt-block-spacer-14404_4fb387-35\"><div class=\"kt-block-spacer kt-block-spacer-halign-center\"><hr class=\"kt-divider\"\/><\/div><\/div>\n\n\n<style>.wp-block-kadence-advancedheading.kt-adv-heading14404_9847f2-95, .wp-block-kadence-advancedheading.kt-adv-heading14404_9847f2-95[data-kb-block=\"kb-adv-heading14404_9847f2-95\"]{font-style:normal;}.wp-block-kadence-advancedheading.kt-adv-heading14404_9847f2-95 mark.kt-highlight, .wp-block-kadence-advancedheading.kt-adv-heading14404_9847f2-95[data-kb-block=\"kb-adv-heading14404_9847f2-95\"] mark.kt-highlight{font-style:normal;color:#f76a0c;-webkit-box-decoration-break:clone;box-decoration-break:clone;padding-top:0px;padding-right:0px;padding-bottom:0px;padding-left:0px;}<\/style>\n<h2 class=\"kt-adv-heading14404_9847f2-95 wp-block-kadence-advancedheading\" data-kb-block=\"kb-adv-heading14404_9847f2-95\">Gacetas MEIA<\/h2>\n\n\n\n<p style=\"font-size:18px\">Las gacetas del Conahcyt de Manejo Ecol\u00f3gico Integrado de Arvenses (MEIA) son una herramienta que recopila diferentes pr\u00e1cticas de manejo para construir un programa de manejo completo y que atiende diversas necesidades de la parcela. <\/p>\n\n\n\n<p style=\"font-size:18px\">En las gacetas se presentan las pr\u00e1cticas de manejo de arvenses que se pueden mezclar a lo largo del ciclo de vida de las arvenses y los cultivos. Se clasifican en:<\/p>\n\n\n\n<div class=\"wp-block-columns is-layout-flex wp-container-core-columns-layout-2 wp-block-columns-is-layout-flex\">\n<div class=\"wp-block-column is-layout-flow wp-block-column-is-layout-flow\">\n<div class=\"wp-block-columns are-vertically-aligned-center is-layout-flex wp-container-core-columns-layout-1 wp-block-columns-is-layout-flex\">\n<div class=\"wp-block-column is-layout-flow wp-block-column-is-layout-flow\" style=\"flex-basis:15%\"><\/div>\n\n\n\n<div class=\"wp-block-column is-vertically-aligned-center is-layout-flow wp-block-column-is-layout-flow\" style=\"flex-basis:30%\">\n<ol>\n<li style=\"font-size:18px\">Manejo preventivo. <\/li>\n\n\n\n<li style=\"font-size:18px\">Manejo cultural. <\/li>\n\n\n\n<li style=\"font-size:18px\">Manejo f\u00edsico.<\/li>\n\n\n\n<li style=\"font-size:18px\">Manejo mec\u00e1nico.<\/li>\n<\/ol>\n<\/div>\n\n\n\n<div class=\"wp-block-column is-layout-flow wp-block-column-is-layout-flow\" style=\"flex-basis:30%\">\n<ol start=\"5\">\n<li style=\"font-size:18px\">Manejo con coberturas.<\/li>\n\n\n\n<li style=\"font-size:18px\">Manejo biol\u00f3gico.<\/li>\n\n\n\n<li style=\"font-size:18px\">Manejo con herbicidas naturales no t\u00f3xicos<\/li>\n<\/ol>\n<\/div>\n\n\n\n<div class=\"wp-block-column is-layout-flow wp-block-column-is-layout-flow\" style=\"flex-basis:15%\"><\/div>\n<\/div>\n<\/div>\n<\/div>\n\n\n\n<p style=\"font-size:18px\">Tambi\u00e9n se desarrolla la biolog\u00eda y usos de algunas de las arvenses m\u00e1s comunes e importantes en M\u00e9xico; se presentan avances de la administraci\u00f3n p\u00fablica federal relacionadas con el Decreto presidencial del 13 de febrero de 2023 para prescindir gradualmente del glifosato; se comparten experiencias de productores y productoras en peque\u00f1a, mediana y gran escala que ya est\u00e1n produciendo sin glifosato. En los \u00faltimos n\u00fameros se brindan materiales did\u00e1cticos para el estudio de la evoluci\u00f3n y biolog\u00eda de las arvenses en general. Tambi\u00e9n se presenta informaci\u00f3n sobre c\u00f3mo se practica la ciencia de las arvenses en M\u00e9xico en la actualidad as\u00ed como entrevistas a expertos y expertas en el tema que ofrecen perspectivas sobre c\u00f3mo deber\u00eda ense\u00f1arse el manejo ecol\u00f3gico integral de arvenses a los nuevos campesinos e ingenieros agr\u00f3nomos para transformar la visi\u00f3n del manejo de las arvenses en el campo mexicano.<\/p>\n\n\n\n<p style=\"font-size:18px\">A su contenido han contribuido agricultoras y agricultores, organizaciones sociales, centros de investigaci\u00f3n y educaci\u00f3n superior, y secretar\u00edas federales (Sader\/Producci\u00f3n para el Bienestar; Secretar\u00eda de Salud, Semarnat, SRA). Estas mismas actoras y actores contribuyen a difundir ampliamente y usar la gaceta en sus espacios de acci\u00f3n. En suma, la Gaceta MEIA es un instrumento que integra y difunde los saberes de diversos actores convocados por el decreto, y que visibiliza la importancia y la posibilidad real de prescindir del glifosato en M\u00e9xico<\/p>\n\n\n\n<div class=\"wp-block-buttons is-content-justification-center is-layout-flex wp-container-core-buttons-layout-3 wp-block-buttons-is-layout-flex\">\n<div class=\"wp-block-button\"><a class=\"wp-block-button__link has-kb-palette-3-background-color has-background wp-element-button\" href=\"https:\/\/conahcyt.mx\/publicaciones-conacyt\/publicaciones-pronaces-soberania-alimentaria\/\">Conoce las gacetas de Manejo Ecol\u00f3gico Integrado de Arvenses (MEIA)<\/a><\/div>\n<\/div>\n\n\n<style>.wp-block-kadence-spacer.kt-block-spacer-14404_f27617-d6 .kt-block-spacer{height:60px;}.wp-block-kadence-spacer.kt-block-spacer-14404_f27617-d6 .kt-divider{border-top-width:2px;border-top-color:#285c4d;width:80%;border-top-style:solid;}<\/style>\n<div class=\"wp-block-kadence-spacer aligncenter kt-block-spacer-14404_f27617-d6\"><div class=\"kt-block-spacer kt-block-spacer-halign-center\"><hr class=\"kt-divider\"\/><\/div><\/div>\n\n\n\n<p class=\"has-text-color has-link-color has-small-font-size wp-elements-e5f890223b6f689cf2291478e097a682\" style=\"color:#8c8c8c\"><strong><em>La informaci\u00f3n contenida en la presente plataforma deriva de los avances y resultados presentados en los proyectos apoyados por el Consejo Nacional de Humanidades Ciencias y Tecnolog\u00edas. Su uso deber\u00e1 realizarse con estricta responsabilidad y en apego a lo dispuesto en la Ley Federal del Derecho de Autor.<\/em><\/strong><\/p>\n","protected":false},"excerpt":{"rendered":"<p>Pr\u00e1cticas agroecol\u00f3gicas A trav\u00e9s de la implementaci\u00f3n de pr\u00e1cticas agroecol\u00f3gicas se ha demostrado que es posible producir sin glifosato a peque\u00f1a, mediana y gran escala, sin poner en riesgo los rendimientos ni la productividad para las personas productoras. Se han identificado, evaluado y agrupado pr\u00e1cticas agroecol\u00f3gicas en 15 tipos de acuerdo con su naturaleza. Su [&hellip;]<\/p>\n","protected":false},"author":1,"featured_media":0,"parent":11548,"menu_order":0,"comment_status":"closed","ping_status":"closed","template":"","meta":{"ocean_post_layout":"left-sidebar","ocean_both_sidebars_style":"","ocean_both_sidebars_content_width":0,"ocean_both_sidebars_sidebars_width":0,"ocean_sidebar":"ocs-sidebar-06-planes-manejo","ocean_second_sidebar":"","ocean_disable_margins":"enable","ocean_add_body_class":"","ocean_shortcode_before_top_bar":"","ocean_shortcode_after_top_bar":"","ocean_shortcode_before_header":"","ocean_shortcode_after_header":"","ocean_has_shortcode":"","ocean_shortcode_after_title":"","ocean_shortcode_before_footer_widgets":"","ocean_shortcode_after_footer_widgets":"","ocean_shortcode_before_footer_bottom":"","ocean_shortcode_after_footer_bottom":"","ocean_display_top_bar":"default","ocean_display_header":"default","ocean_header_style":"","ocean_center_header_left_menu":"","ocean_custom_header_template":"","ocean_custom_logo":0,"ocean_custom_retina_logo":0,"ocean_custom_logo_max_width":0,"ocean_custom_logo_tablet_max_width":0,"ocean_custom_logo_mobile_max_width":0,"ocean_custom_logo_max_height":0,"ocean_custom_logo_tablet_max_height":0,"ocean_custom_logo_mobile_max_height":0,"ocean_header_custom_menu":"","ocean_menu_typo_font_family":"","ocean_menu_typo_font_subset":"","ocean_menu_typo_font_size":0,"ocean_menu_typo_font_size_tablet":0,"ocean_menu_typo_font_size_mobile":0,"ocean_menu_typo_font_size_unit":"px","ocean_menu_typo_font_weight":"","ocean_menu_typo_font_weight_tablet":"","ocean_menu_typo_font_weight_mobile":"","ocean_menu_typo_transform":"","ocean_menu_typo_transform_tablet":"","ocean_menu_typo_transform_mobile":"","ocean_menu_typo_line_height":0,"ocean_menu_typo_line_height_tablet":0,"ocean_menu_typo_line_height_mobile":0,"ocean_menu_typo_line_height_unit":"","ocean_menu_typo_spacing":0,"ocean_menu_typo_spacing_tablet":0,"ocean_menu_typo_spacing_mobile":0,"ocean_menu_typo_spacing_unit":"","ocean_menu_link_color":"","ocean_menu_link_color_hover":"","ocean_menu_link_color_active":"","ocean_menu_link_background":"","ocean_menu_link_hover_background":"","ocean_menu_link_active_background":"","ocean_menu_social_links_bg":"","ocean_menu_social_hover_links_bg":"","ocean_menu_social_links_color":"","ocean_menu_social_hover_links_color":"","ocean_disable_title":"on","ocean_disable_heading":"default","ocean_post_title":"","ocean_post_subheading":"","ocean_post_title_style":"","ocean_post_title_background_color":"","ocean_post_title_background":0,"ocean_post_title_bg_image_position":"","ocean_post_title_bg_image_attachment":"","ocean_post_title_bg_image_repeat":"","ocean_post_title_bg_image_size":"","ocean_post_title_height":0,"ocean_post_title_bg_overlay":0.5,"ocean_post_title_bg_overlay_color":"","ocean_disable_breadcrumbs":"default","ocean_breadcrumbs_color":"","ocean_breadcrumbs_separator_color":"","ocean_breadcrumbs_links_color":"","ocean_breadcrumbs_links_hover_color":"","ocean_display_footer_widgets":"default","ocean_display_footer_bottom":"default","ocean_custom_footer_template":"","footnotes":""},"aioseo_notices":[],"_links":{"self":[{"href":"https:\/\/alimentacion.conahcyt.mx\/produccionsinglifosato\/wp-json\/wp\/v2\/pages\/14404"}],"collection":[{"href":"https:\/\/alimentacion.conahcyt.mx\/produccionsinglifosato\/wp-json\/wp\/v2\/pages"}],"about":[{"href":"https:\/\/alimentacion.conahcyt.mx\/produccionsinglifosato\/wp-json\/wp\/v2\/types\/page"}],"author":[{"embeddable":true,"href":"https:\/\/alimentacion.conahcyt.mx\/produccionsinglifosato\/wp-json\/wp\/v2\/users\/1"}],"replies":[{"embeddable":true,"href":"https:\/\/alimentacion.conahcyt.mx\/produccionsinglifosato\/wp-json\/wp\/v2\/comments?post=14404"}],"version-history":[{"count":16,"href":"https:\/\/alimentacion.conahcyt.mx\/produccionsinglifosato\/wp-json\/wp\/v2\/pages\/14404\/revisions"}],"predecessor-version":[{"id":18168,"href":"https:\/\/alimentacion.conahcyt.mx\/produccionsinglifosato\/wp-json\/wp\/v2\/pages\/14404\/revisions\/18168"}],"up":[{"embeddable":true,"href":"https:\/\/alimentacion.conahcyt.mx\/produccionsinglifosato\/wp-json\/wp\/v2\/pages\/11548"}],"wp:attachment":[{"href":"https:\/\/alimentacion.conahcyt.mx\/produccionsinglifosato\/wp-json\/wp\/v2\/media?parent=14404"}],"curies":[{"name":"wp","href":"https:\/\/api.w.org\/{rel}","templated":true}]}}