{"id":15844,"date":"2024-03-30T17:37:37","date_gmt":"2024-03-30T23:37:37","guid":{"rendered":"https:\/\/alimentacion.conahcyt.mx\/produccionsinglifosato\/?page_id=15844"},"modified":"2024-08-30T14:19:40","modified_gmt":"2024-08-30T20:19:40","slug":"enug","status":"publish","type":"page","link":"https:\/\/alimentacion.conahcyt.mx\/produccionsinglifosato\/masificacion\/enug\/","title":{"rendered":"Encuesta"},"content":{"rendered":"\n<h1 class=\"wp-block-heading has-text-align-left has-large-font-size\"><strong>Encuesta Nacional sobre el Uso del Glifosato en los n\u00facleos agrarios de M\u00e9xico (ENUG)<\/strong><\/h1>\n\n\n\n<div style=\"height:20px\" aria-hidden=\"true\" class=\"wp-block-spacer\"><\/div>\n\n\n\n<div class=\"wp-block-columns is-layout-flex wp-container-core-columns-layout-2 wp-block-columns-is-layout-flex\">\n<div class=\"wp-block-column is-layout-flow wp-block-column-is-layout-flow\">\n<div class=\"wp-block-columns is-layout-flex wp-container-core-columns-layout-1 wp-block-columns-is-layout-flex\">\n<div class=\"wp-block-column has-very-light-gray-color has-kb-palette-4-background-color has-text-color has-background has-link-color wp-elements-873090afea938a4581255201d0f61430 is-layout-flow wp-block-column-is-layout-flow\">\n<p class=\"has-text-align-center has-medium-font-size\"><strong>El Conahcyt en conjunto con la Procuradur\u00eda Agraria (PA) desarrollaron la Encuesta Nacional de Uso de Glifosato (ENUG)<\/strong><\/p>\n<\/div>\n<\/div>\n<\/div>\n<\/div>\n\n\n\n<div style=\"height:20px\" aria-hidden=\"true\" class=\"wp-block-spacer\"><\/div>\n\n\n\n<div class=\"wp-block-columns is-layout-flex wp-container-core-columns-layout-3 wp-block-columns-is-layout-flex\">\n<div class=\"wp-block-column is-layout-flow wp-block-column-is-layout-flow\">\n<h2 class=\"wp-block-heading\">Antecedente<\/h2>\n<\/div>\n<\/div>\n\n\n\n<p>El 10 de noviembre de 2021, se firm\u00f3 el <strong>Convenio Marco de Colaboraci\u00f3n entre el Consejo Nacional de Humanidades, Ciencias y Tecnolog\u00edas (Conahcyt) y la Procuradur\u00eda Agraria<\/strong> <strong>(PA)<\/strong>, anclado en la coincidencia de visi\u00f3n y voluntad de ambas instancias para generar sinergias en respuesta a las necesidades del pa\u00eds, materializadas en un conjunto de acciones interinstitucionales que consisten en identificar y atender problem\u00e1ticas prioritarias del sector rural que durante mucho tiempo hab\u00eda sido olvidado, en las distintas regiones de M\u00e9xico. En el marco de esta colaboraci\u00f3n se plante\u00f3 y ejecut\u00f3 la <strong>Encuesta nacional sobre el uso de glifosato en los n\u00facleos agrarios de M\u00e9xico (ENUG)<\/strong>.<\/p>\n\n\n<style>.kb-row-layout-id15844_69549a-cd > .kt-row-column-wrap{align-content:start;}:where(.kb-row-layout-id15844_69549a-cd > .kt-row-column-wrap) > .wp-block-kadence-column{justify-content:start;}.kb-row-layout-id15844_69549a-cd > .kt-row-column-wrap{column-gap:var(--global-kb-gap-md, 2rem);row-gap:var(--global-kb-gap-md, 2rem);padding-top:var(--global-kb-spacing-sm, 1.5rem);padding-bottom:var(--global-kb-spacing-sm, 1.5rem);grid-template-columns:minmax(0, 1fr);}.kb-row-layout-id15844_69549a-cd > .kt-row-layout-overlay{opacity:0.30;}.kb-row-layout-id15844_69549a-cd .kt-row-layout-bottom-sep{height:100px;}.kb-row-layout-id15844_69549a-cd .kt-row-layout-bottom-sep svg{width:100%;}.kb-row-layout-id15844_69549a-cd .kt-row-layout-bottom-sep svg{fill:rgba(98,17,50,0.4)!important;}@media all and (max-width: 1024px){.kb-row-layout-id15844_69549a-cd > .kt-row-column-wrap{grid-template-columns:minmax(0, 1fr);}}@media all and (max-width: 1024px){.kb-row-layout-id15844_69549a-cd .kt-row-layout-bottom-sep{height:px;}}@media all and (max-width: 1024px){.kb-row-layout-id15844_69549a-cd .kt-row-layout-bottom-sep svg{width:%;}}@media all and (max-width: 767px){.kb-row-layout-id15844_69549a-cd > .kt-row-column-wrap{grid-template-columns:minmax(0, 1fr);}.kb-row-layout-id15844_69549a-cd .kt-row-layout-bottom-sep{height:px;}.kb-row-layout-id15844_69549a-cd .kt-row-layout-bottom-sep svg{width:%;}}<\/style><div class=\"kb-row-layout-wrap kb-row-layout-id15844_69549a-cd alignnone wp-block-kadence-rowlayout\"><div class=\"kt-row-layout-bottom-sep kt-row-sep-type-threelevels\"><svg viewBox=\"0 0 1000 100\" preserveAspectRatio=\"none\"><path style=\"opacity: 0.33\" d=\"M0 95L1000 0v100H0v-5z\"><\/path><path style=\"opacity: 0.66\" d=\"M0 95l1000-67.944V100H0v-5z\"><\/path><path d=\"M0 95l1000-40.887V100H0v-5z\"><\/path><\/svg><\/div><div class=\"kt-row-column-wrap kt-has-1-columns kt-row-layout-equal kt-tab-layout-inherit kt-mobile-layout-row kt-row-valign-top\">\n<style>.kadence-column15844_3d7d41-95 > .kt-inside-inner-col,.kadence-column15844_3d7d41-95 > .kt-inside-inner-col:before{border-top-left-radius:0px;border-top-right-radius:0px;border-bottom-right-radius:0px;border-bottom-left-radius:0px;}.kadence-column15844_3d7d41-95 > .kt-inside-inner-col{column-gap:var(--global-kb-gap-sm, 1rem);}.kadence-column15844_3d7d41-95 > .kt-inside-inner-col{flex-direction:column;}.kadence-column15844_3d7d41-95 > .kt-inside-inner-col > .aligncenter{width:100%;}.kadence-column15844_3d7d41-95 > .kt-inside-inner-col:before{opacity:0.3;}.kadence-column15844_3d7d41-95{position:relative;}@media all and (max-width: 1024px){.kadence-column15844_3d7d41-95 > .kt-inside-inner-col{flex-direction:column;}}@media all and (max-width: 767px){.kadence-column15844_3d7d41-95 > .kt-inside-inner-col{flex-direction:column;}}<\/style>\n<div class=\"wp-block-kadence-column kadence-column15844_3d7d41-95\"><div class=\"kt-inside-inner-col\">\n<div style=\"height:40px\" aria-hidden=\"true\" class=\"wp-block-spacer\"><\/div>\n<\/div><\/div>\n\n<\/div><\/div>","protected":false},"excerpt":{"rendered":"<p>Encuesta Nacional sobre el Uso del Glifosato en los n\u00facleos agrarios de M\u00e9xico (ENUG) El Conahcyt en conjunto con la Procuradur\u00eda Agraria (PA) desarrollaron la Encuesta Nacional de Uso de Glifosato (ENUG) Antecedente El 10 de noviembre de 2021, se firm\u00f3 el Convenio Marco de Colaboraci\u00f3n entre el Consejo Nacional de Humanidades, Ciencias y Tecnolog\u00edas [&hellip;]<\/p>\n","protected":false},"author":58,"featured_media":0,"parent":11680,"menu_order":0,"comment_status":"closed","ping_status":"closed","template":"","meta":{"ocean_post_layout":"left-sidebar","ocean_both_sidebars_style":"","ocean_both_sidebars_content_width":0,"ocean_both_sidebars_sidebars_width":0,"ocean_sidebar":"ocs-sidebar-08-enug","ocean_second_sidebar":"","ocean_disable_margins":"enable","ocean_add_body_class":"","ocean_shortcode_before_top_bar":"","ocean_shortcode_after_top_bar":"","ocean_shortcode_before_header":"","ocean_shortcode_after_header":"","ocean_has_shortcode":"","ocean_shortcode_after_title":"","ocean_shortcode_before_footer_widgets":"","ocean_shortcode_after_footer_widgets":"","ocean_shortcode_before_footer_bottom":"","ocean_shortcode_after_footer_bottom":"","ocean_display_top_bar":"default","ocean_display_header":"default","ocean_header_style":"","ocean_center_header_left_menu":"","ocean_custom_header_template":"","ocean_custom_logo":0,"ocean_custom_retina_logo":0,"ocean_custom_logo_max_width":0,"ocean_custom_logo_tablet_max_width":0,"ocean_custom_logo_mobile_max_width":0,"ocean_custom_logo_max_height":0,"ocean_custom_logo_tablet_max_height":0,"ocean_custom_logo_mobile_max_height":0,"ocean_header_custom_menu":"","ocean_menu_typo_font_family":"","ocean_menu_typo_font_subset":"","ocean_menu_typo_font_size":0,"ocean_menu_typo_font_size_tablet":0,"ocean_menu_typo_font_size_mobile":0,"ocean_menu_typo_font_size_unit":"px","ocean_menu_typo_font_weight":"","ocean_menu_typo_font_weight_tablet":"","ocean_menu_typo_font_weight_mobile":"","ocean_menu_typo_transform":"","ocean_menu_typo_transform_tablet":"","ocean_menu_typo_transform_mobile":"","ocean_menu_typo_line_height":0,"ocean_menu_typo_line_height_tablet":0,"ocean_menu_typo_line_height_mobile":0,"ocean_menu_typo_line_height_unit":"","ocean_menu_typo_spacing":0,"ocean_menu_typo_spacing_tablet":0,"ocean_menu_typo_spacing_mobile":0,"ocean_menu_typo_spacing_unit":"","ocean_menu_link_color":"","ocean_menu_link_color_hover":"","ocean_menu_link_color_active":"","ocean_menu_link_background":"","ocean_menu_link_hover_background":"","ocean_menu_link_active_background":"","ocean_menu_social_links_bg":"","ocean_menu_social_hover_links_bg":"","ocean_menu_social_links_color":"","ocean_menu_social_hover_links_color":"","ocean_disable_title":"on","ocean_disable_heading":"default","ocean_post_title":"","ocean_post_subheading":"","ocean_post_title_style":"","ocean_post_title_background_color":"","ocean_post_title_background":0,"ocean_post_title_bg_image_position":"","ocean_post_title_bg_image_attachment":"","ocean_post_title_bg_image_repeat":"","ocean_post_title_bg_image_size":"","ocean_post_title_height":0,"ocean_post_title_bg_overlay":0.5,"ocean_post_title_bg_overlay_color":"","ocean_disable_breadcrumbs":"default","ocean_breadcrumbs_color":"","ocean_breadcrumbs_separator_color":"","ocean_breadcrumbs_links_color":"","ocean_breadcrumbs_links_hover_color":"","ocean_display_footer_widgets":"default","ocean_display_footer_bottom":"default","ocean_custom_footer_template":"","footnotes":""},"aioseo_notices":[],"_links":{"self":[{"href":"https:\/\/alimentacion.conahcyt.mx\/produccionsinglifosato\/wp-json\/wp\/v2\/pages\/15844"}],"collection":[{"href":"https:\/\/alimentacion.conahcyt.mx\/produccionsinglifosato\/wp-json\/wp\/v2\/pages"}],"about":[{"href":"https:\/\/alimentacion.conahcyt.mx\/produccionsinglifosato\/wp-json\/wp\/v2\/types\/page"}],"author":[{"embeddable":true,"href":"https:\/\/alimentacion.conahcyt.mx\/produccionsinglifosato\/wp-json\/wp\/v2\/users\/58"}],"replies":[{"embeddable":true,"href":"https:\/\/alimentacion.conahcyt.mx\/produccionsinglifosato\/wp-json\/wp\/v2\/comments?post=15844"}],"version-history":[{"count":14,"href":"https:\/\/alimentacion.conahcyt.mx\/produccionsinglifosato\/wp-json\/wp\/v2\/pages\/15844\/revisions"}],"predecessor-version":[{"id":18107,"href":"https:\/\/alimentacion.conahcyt.mx\/produccionsinglifosato\/wp-json\/wp\/v2\/pages\/15844\/revisions\/18107"}],"up":[{"embeddable":true,"href":"https:\/\/alimentacion.conahcyt.mx\/produccionsinglifosato\/wp-json\/wp\/v2\/pages\/11680"}],"wp:attachment":[{"href":"https:\/\/alimentacion.conahcyt.mx\/produccionsinglifosato\/wp-json\/wp\/v2\/media?parent=15844"}],"curies":[{"name":"wp","href":"https:\/\/api.w.org\/{rel}","templated":true}]}}