{"id":16063,"date":"2024-04-03T12:48:33","date_gmt":"2024-04-03T18:48:33","guid":{"rendered":"https:\/\/alimentacion.conahcyt.mx\/produccionsinglifosato\/?page_id=16063"},"modified":"2024-09-26T13:28:11","modified_gmt":"2024-09-26T19:28:11","slug":"validacion-cientifica","status":"publish","type":"page","link":"https:\/\/alimentacion.conahcyt.mx\/produccionsinglifosato\/validacion-cientifica\/","title":{"rendered":"Validaci\u00f3n"},"content":{"rendered":"\n<div style=\"height:20px\" aria-hidden=\"true\" class=\"wp-block-spacer\"><\/div>\n\n\n<style>.wp-block-kadence-advancedheading.kt-adv-heading16063_d02e44-2d, .wp-block-kadence-advancedheading.kt-adv-heading16063_d02e44-2d[data-kb-block=\"kb-adv-heading16063_d02e44-2d\"]{font-style:normal;}.wp-block-kadence-advancedheading.kt-adv-heading16063_d02e44-2d mark.kt-highlight, .wp-block-kadence-advancedheading.kt-adv-heading16063_d02e44-2d[data-kb-block=\"kb-adv-heading16063_d02e44-2d\"] mark.kt-highlight{font-style:normal;color:#f76a0c;-webkit-box-decoration-break:clone;box-decoration-break:clone;padding-top:0px;padding-right:0px;padding-bottom:0px;padding-left:0px;}<\/style>\n<h1 class=\"kt-adv-heading16063_d02e44-2d wp-block-kadence-advancedheading\" data-kb-block=\"kb-adv-heading16063_d02e44-2d\">Validaci\u00f3n cient\u00edfica<\/h1>\n\n\n\n<div style=\"height:20px\" aria-hidden=\"true\" class=\"wp-block-spacer\"><\/div>\n\n\n\n<p>En los faros agroecol\u00f3gicos establecidos en el marco de los proyectos apoyados por el Conahcyt, se implementaron y validaron las pr\u00e1cticas agroecol\u00f3gicas y sus diversas combinaciones, optimizando procesos e identificando aquellas que mostraron mayor eficiencia para el control de arvenses, control de plagas y enfermedades, nutrici\u00f3n de suelo, entre otras.<\/p>\n\n\n\n<div class=\"wp-block-columns is-layout-flex wp-container-core-columns-layout-1 wp-block-columns-is-layout-flex\">\n<div class=\"wp-block-column is-vertically-aligned-center is-layout-flow wp-block-column-is-layout-flow\" style=\"flex-basis:60%\">\n<p>A efecto de conocer las condiciones presentadas en los suelos de las parcelas establecidas en los faros agroecol\u00f3gicos, se realizaron diversos an\u00e1lisis:<\/p>\n\n\n<style>.wp-block-kadence-iconlist.kt-svg-icon-list-items16063_e50955-03:not(.this-stops-third-party-issues){margin-top:0px;margin-bottom:0px;}.wp-block-kadence-iconlist.kt-svg-icon-list-items16063_e50955-03 ul.kt-svg-icon-list:not(.this-prevents-issues):not(.this-stops-third-party-issues):not(.tijsloc){margin-top:0px;margin-right:0px;margin-bottom:var(--global-kb-spacing-sm, 1.5rem);margin-left:0px;}.wp-block-kadence-iconlist.kt-svg-icon-list-items16063_e50955-03 ul.kt-svg-icon-list{grid-row-gap:5px;}.wp-block-kadence-iconlist.kt-svg-icon-list-items16063_e50955-03 .kb-svg-icon-wrap{color:#b38e5d;}.wp-block-kadence-iconlist.kt-svg-icon-list-items16063_e50955-03 ul.kt-svg-icon-list .kt-svg-icon-list-item-wrap .kt-svg-icon-list-single{margin-right:10px;}.kt-svg-icon-list-items16063_e50955-03 ul.kt-svg-icon-list .kt-svg-icon-list-level-0 .kt-svg-icon-list-single svg{font-size:20px;}<\/style>\n<div class=\"wp-block-kadence-iconlist kt-svg-icon-list-items kt-svg-icon-list-items16063_e50955-03 kt-svg-icon-list-columns-1 alignnone kt-list-icon-aligntop\"><ul class=\"kt-svg-icon-list\"><style>.kt-svg-icon-list-item-16063_9a0e47-84 .kt-svg-icon-list-single{color:#b38e5d !important;}.kt-svg-icon-list-item-16063_9a0e47-84 .kt-svg-icon-list-text mark.kt-highlight{background-color:unset;font-style:normal;color:#f76a0c;-webkit-box-decoration-break:clone;box-decoration-break:clone;padding-top:0px;padding-right:0px;padding-bottom:0px;padding-left:0px;}<\/style>\n<li class=\"wp-block-kadence-listitem kt-svg-icon-list-item-wrap kt-svg-icon-list-item-16063_9a0e47-84\"><span class=\"kb-svg-icon-wrap kb-svg-icon-fa_pied-piper-hat kt-svg-icon-list-single\"><svg viewBox=\"0 0 640 512\"  fill=\"currentColor\" xmlns=\"http:\/\/www.w3.org\/2000\/svg\"  aria-hidden=\"true\"><path d=\"M640 24.9c-80.8 53.6-89.4 92.5-96.4 104.4-6.7 12.2-11.7 60.3-23.3 83.6-11.7 23.6-54.2 42.2-66.1 50-11.7 7.8-28.3 38.1-41.9 64.2-108.1-4.4-167.4 38.8-259.2 93.6 29.4-9.7 43.3-16.7 43.3-16.7 94.2-36 139.3-68.3 281.1-49.2 1.1 0 1.9.6 2.8.8 3.9 2.2 5.3 6.9 3.1 10.8l-53.9 95.8c-2.5 4.7-7.8 7.2-13.1 6.1-126.8-23.8-226.9 17.3-318.9 18.6C24.1 488 0 453.4 0 451.8c0-1.1.6-1.7 1.7-1.7 0 0 38.3 0 103.1-15.3C178.4 294.5 244 245.4 315.4 245.4c0 0 71.7 0 90.6 61.9 22.8-39.7 28.3-49.2 28.3-49.2 5.3-9.4 35-77.2 86.4-141.4 51.5-64 90.4-79.9 119.3-91.8z\"\/><\/svg><\/span><span class=\"kt-svg-icon-list-text\">Cuantificaci\u00f3n de las trazas de glifosato y su principal metabolito (AMPA) en diversas matrices, destacando suelos, plantas, granos de ma\u00edz y jugo de naranja.<\/span><\/li>\n\n\n<style>.kt-svg-icon-list-item-16063_c25c72-80 .kt-svg-icon-list-single{color:#b38e5d !important;}.kt-svg-icon-list-item-16063_c25c72-80 .kt-svg-icon-list-text mark.kt-highlight{background-color:unset;font-style:normal;color:#f76a0c;-webkit-box-decoration-break:clone;box-decoration-break:clone;padding-top:0px;padding-right:0px;padding-bottom:0px;padding-left:0px;}<\/style>\n<li class=\"wp-block-kadence-listitem kt-svg-icon-list-item-wrap kt-svg-icon-list-item-16063_c25c72-80\"><span class=\"kb-svg-icon-wrap kb-svg-icon-fa_pied-piper-hat kt-svg-icon-list-single\"><svg viewBox=\"0 0 640 512\"  fill=\"currentColor\" xmlns=\"http:\/\/www.w3.org\/2000\/svg\"  aria-hidden=\"true\"><path d=\"M640 24.9c-80.8 53.6-89.4 92.5-96.4 104.4-6.7 12.2-11.7 60.3-23.3 83.6-11.7 23.6-54.2 42.2-66.1 50-11.7 7.8-28.3 38.1-41.9 64.2-108.1-4.4-167.4 38.8-259.2 93.6 29.4-9.7 43.3-16.7 43.3-16.7 94.2-36 139.3-68.3 281.1-49.2 1.1 0 1.9.6 2.8.8 3.9 2.2 5.3 6.9 3.1 10.8l-53.9 95.8c-2.5 4.7-7.8 7.2-13.1 6.1-126.8-23.8-226.9 17.3-318.9 18.6C24.1 488 0 453.4 0 451.8c0-1.1.6-1.7 1.7-1.7 0 0 38.3 0 103.1-15.3C178.4 294.5 244 245.4 315.4 245.4c0 0 71.7 0 90.6 61.9 22.8-39.7 28.3-49.2 28.3-49.2 5.3-9.4 35-77.2 86.4-141.4 51.5-64 90.4-79.9 119.3-91.8z\"\/><\/svg><\/span><span class=\"kt-svg-icon-list-text\">An\u00e1lisis de composici\u00f3n del microbioma de los suelos.<\/span><\/li>\n\n\n<style>.kt-svg-icon-list-item-16063_f59719-5f .kt-svg-icon-list-single{color:#b38e5d !important;}.kt-svg-icon-list-item-16063_f59719-5f .kt-svg-icon-list-text mark.kt-highlight{background-color:unset;font-style:normal;color:#f76a0c;-webkit-box-decoration-break:clone;box-decoration-break:clone;padding-top:0px;padding-right:0px;padding-bottom:0px;padding-left:0px;}<\/style>\n<li class=\"wp-block-kadence-listitem kt-svg-icon-list-item-wrap kt-svg-icon-list-item-16063_f59719-5f\"><span class=\"kb-svg-icon-wrap kb-svg-icon-fa_pied-piper-hat kt-svg-icon-list-single\"><svg viewBox=\"0 0 640 512\"  fill=\"currentColor\" xmlns=\"http:\/\/www.w3.org\/2000\/svg\"  aria-hidden=\"true\"><path d=\"M640 24.9c-80.8 53.6-89.4 92.5-96.4 104.4-6.7 12.2-11.7 60.3-23.3 83.6-11.7 23.6-54.2 42.2-66.1 50-11.7 7.8-28.3 38.1-41.9 64.2-108.1-4.4-167.4 38.8-259.2 93.6 29.4-9.7 43.3-16.7 43.3-16.7 94.2-36 139.3-68.3 281.1-49.2 1.1 0 1.9.6 2.8.8 3.9 2.2 5.3 6.9 3.1 10.8l-53.9 95.8c-2.5 4.7-7.8 7.2-13.1 6.1-126.8-23.8-226.9 17.3-318.9 18.6C24.1 488 0 453.4 0 451.8c0-1.1.6-1.7 1.7-1.7 0 0 38.3 0 103.1-15.3C178.4 294.5 244 245.4 315.4 245.4c0 0 71.7 0 90.6 61.9 22.8-39.7 28.3-49.2 28.3-49.2 5.3-9.4 35-77.2 86.4-141.4 51.5-64 90.4-79.9 119.3-91.8z\"\/><\/svg><\/span><span class=\"kt-svg-icon-list-text\">An\u00e1lisis de propiedades f\u00edsicas y nutrientes en suelos.<\/span><\/li>\n\n\n<style>.kt-svg-icon-list-item-16063_7809a6-4b .kt-svg-icon-list-single{color:#b38e5d !important;}.kt-svg-icon-list-item-16063_7809a6-4b .kt-svg-icon-list-text mark.kt-highlight{background-color:unset;font-style:normal;color:#f76a0c;-webkit-box-decoration-break:clone;box-decoration-break:clone;padding-top:0px;padding-right:0px;padding-bottom:0px;padding-left:0px;}<\/style>\n<li class=\"wp-block-kadence-listitem kt-svg-icon-list-item-wrap kt-svg-icon-list-item-16063_7809a6-4b\"><span class=\"kb-svg-icon-wrap kb-svg-icon-fa_pied-piper-hat kt-svg-icon-list-single\"><svg viewBox=\"0 0 640 512\"  fill=\"currentColor\" xmlns=\"http:\/\/www.w3.org\/2000\/svg\"  aria-hidden=\"true\"><path d=\"M640 24.9c-80.8 53.6-89.4 92.5-96.4 104.4-6.7 12.2-11.7 60.3-23.3 83.6-11.7 23.6-54.2 42.2-66.1 50-11.7 7.8-28.3 38.1-41.9 64.2-108.1-4.4-167.4 38.8-259.2 93.6 29.4-9.7 43.3-16.7 43.3-16.7 94.2-36 139.3-68.3 281.1-49.2 1.1 0 1.9.6 2.8.8 3.9 2.2 5.3 6.9 3.1 10.8l-53.9 95.8c-2.5 4.7-7.8 7.2-13.1 6.1-126.8-23.8-226.9 17.3-318.9 18.6C24.1 488 0 453.4 0 451.8c0-1.1.6-1.7 1.7-1.7 0 0 38.3 0 103.1-15.3C178.4 294.5 244 245.4 315.4 245.4c0 0 71.7 0 90.6 61.9 22.8-39.7 28.3-49.2 28.3-49.2 5.3-9.4 35-77.2 86.4-141.4 51.5-64 90.4-79.9 119.3-91.8z\"\/><\/svg><\/span><span class=\"kt-svg-icon-list-text\">Determinaci\u00f3n de la abundancia y diversidad de artr\u00f3podos en plantaciones de naranja.<\/span><\/li>\n\n\n<style>.kt-svg-icon-list-item-16063_79bf9b-e4 .kt-svg-icon-list-single{color:#b38e5d !important;}.kt-svg-icon-list-item-16063_79bf9b-e4 .kt-svg-icon-list-text mark.kt-highlight{background-color:unset;font-style:normal;color:#f76a0c;-webkit-box-decoration-break:clone;box-decoration-break:clone;padding-top:0px;padding-right:0px;padding-bottom:0px;padding-left:0px;}<\/style>\n<li class=\"wp-block-kadence-listitem kt-svg-icon-list-item-wrap kt-svg-icon-list-item-16063_79bf9b-e4\"><span class=\"kb-svg-icon-wrap kb-svg-icon-fa_pied-piper-hat kt-svg-icon-list-single\"><svg viewBox=\"0 0 640 512\"  fill=\"currentColor\" xmlns=\"http:\/\/www.w3.org\/2000\/svg\"  aria-hidden=\"true\"><path d=\"M640 24.9c-80.8 53.6-89.4 92.5-96.4 104.4-6.7 12.2-11.7 60.3-23.3 83.6-11.7 23.6-54.2 42.2-66.1 50-11.7 7.8-28.3 38.1-41.9 64.2-108.1-4.4-167.4 38.8-259.2 93.6 29.4-9.7 43.3-16.7 43.3-16.7 94.2-36 139.3-68.3 281.1-49.2 1.1 0 1.9.6 2.8.8 3.9 2.2 5.3 6.9 3.1 10.8l-53.9 95.8c-2.5 4.7-7.8 7.2-13.1 6.1-126.8-23.8-226.9 17.3-318.9 18.6C24.1 488 0 453.4 0 451.8c0-1.1.6-1.7 1.7-1.7 0 0 38.3 0 103.1-15.3C178.4 294.5 244 245.4 315.4 245.4c0 0 71.7 0 90.6 61.9 22.8-39.7 28.3-49.2 28.3-49.2 5.3-9.4 35-77.2 86.4-141.4 51.5-64 90.4-79.9 119.3-91.8z\"\/><\/svg><\/span><span class=\"kt-svg-icon-list-text\">Determinaci\u00f3n de la compactaci\u00f3n de los suelos del cultivo.<\/span><\/li>\n<\/ul><\/div>\n<\/div>\n\n\n\n<div class=\"wp-block-column is-layout-flow wp-block-column-is-layout-flow\"><div class=\"wp-block-image\">\n<figure class=\"aligncenter size-large is-resized\"><img loading=\"lazy\" decoding=\"async\" width=\"1024\" height=\"677\" src=\"https:\/\/alimentacion.conahcyt.mx\/produccionsinglifosato\/wp-content\/uploads\/2024\/09\/Validacion-1024x677.jpg\" alt=\"\" class=\"wp-image-18062\" style=\"aspect-ratio:1;object-fit:cover;width:334px;height:auto\" srcset=\"https:\/\/alimentacion.conahcyt.mx\/produccionsinglifosato\/wp-content\/uploads\/2024\/09\/Validacion-1024x677.jpg 1024w, https:\/\/alimentacion.conahcyt.mx\/produccionsinglifosato\/wp-content\/uploads\/2024\/09\/Validacion-300x198.jpg 300w, https:\/\/alimentacion.conahcyt.mx\/produccionsinglifosato\/wp-content\/uploads\/2024\/09\/Validacion-768x508.jpg 768w, https:\/\/alimentacion.conahcyt.mx\/produccionsinglifosato\/wp-content\/uploads\/2024\/09\/Validacion.jpg 1029w\" sizes=\"(max-width: 1024px) 100vw, 1024px\" \/><\/figure><\/div><\/div>\n<\/div>\n\n\n<style>.kb-row-layout-id16063_e87962-1c > .kt-row-column-wrap{align-content:start;}:where(.kb-row-layout-id16063_e87962-1c > .kt-row-column-wrap) > .wp-block-kadence-column{justify-content:start;}.kb-row-layout-id16063_e87962-1c > .kt-row-column-wrap{column-gap:var(--global-kb-gap-md, 2rem);row-gap:var(--global-kb-gap-md, 2rem);padding-top:var(--global-kb-spacing-sm, 1.5rem);padding-bottom:var(--global-kb-spacing-sm, 1.5rem);grid-template-columns:minmax(0, 1fr);}.kb-row-layout-id16063_e87962-1c > .kt-row-layout-overlay{opacity:0.30;}.kb-row-layout-id16063_e87962-1c .kt-row-layout-bottom-sep{height:100px;}.kb-row-layout-id16063_e87962-1c .kt-row-layout-bottom-sep svg{width:100%;}.kb-row-layout-id16063_e87962-1c .kt-row-layout-bottom-sep svg{fill:rgba(179,142,93,0.3)!important;}@media all and (max-width: 1024px){.kb-row-layout-id16063_e87962-1c > .kt-row-column-wrap{grid-template-columns:minmax(0, 1fr);}}@media all and (max-width: 1024px){.kb-row-layout-id16063_e87962-1c .kt-row-layout-bottom-sep{height:px;}}@media all and (max-width: 1024px){.kb-row-layout-id16063_e87962-1c .kt-row-layout-bottom-sep svg{width:%;}}@media all and (max-width: 767px){.kb-row-layout-id16063_e87962-1c > .kt-row-column-wrap{grid-template-columns:minmax(0, 1fr);}.kb-row-layout-id16063_e87962-1c .kt-row-layout-bottom-sep{height:px;}.kb-row-layout-id16063_e87962-1c .kt-row-layout-bottom-sep svg{width:%;}}<\/style><div class=\"kb-row-layout-wrap kb-row-layout-id16063_e87962-1c alignnone wp-block-kadence-rowlayout\"><div class=\"kt-row-layout-bottom-sep kt-row-sep-type-mtns\"><svg viewBox=\"0 0 1000 100\" preserveAspectRatio=\"none\"><path d=\"M1000,50l-182.69,-45.286l-292.031,61.197l-190.875,-41.075l-143.748,28.794l-190.656,-23.63l0,70l1000,0l0,-50Z\" style=\"opacity: 0.4\" \/><path d=\"M1000,57l-152.781,-22.589l-214.383,19.81l-159.318,-21.471l-177.44,25.875l-192.722,5.627l-103.356,-27.275l0,63.023l1000,0l0,-43Z\" \/><\/svg><\/div><div class=\"kt-row-column-wrap kt-has-1-columns kt-row-layout-equal kt-tab-layout-inherit kt-mobile-layout-row kt-row-valign-top\">\n<style>.kadence-column16063_18692c-12 > .kt-inside-inner-col,.kadence-column16063_18692c-12 > .kt-inside-inner-col:before{border-top-left-radius:0px;border-top-right-radius:0px;border-bottom-right-radius:0px;border-bottom-left-radius:0px;}.kadence-column16063_18692c-12 > .kt-inside-inner-col{column-gap:var(--global-kb-gap-sm, 1rem);}.kadence-column16063_18692c-12 > .kt-inside-inner-col{flex-direction:column;}.kadence-column16063_18692c-12 > .kt-inside-inner-col > .aligncenter{width:100%;}.kadence-column16063_18692c-12 > .kt-inside-inner-col:before{opacity:0.3;}.kadence-column16063_18692c-12{position:relative;}@media all and (max-width: 1024px){.kadence-column16063_18692c-12 > .kt-inside-inner-col{flex-direction:column;}}@media all and (max-width: 767px){.kadence-column16063_18692c-12 > .kt-inside-inner-col{flex-direction:column;}}<\/style>\n<div class=\"wp-block-kadence-column kadence-column16063_18692c-12\"><div class=\"kt-inside-inner-col\">\n<div style=\"height:30px\" aria-hidden=\"true\" class=\"wp-block-spacer\"><\/div>\n<\/div><\/div>\n\n<\/div><\/div>\n\n\n<p><\/p>\n","protected":false},"excerpt":{"rendered":"<p>Validaci\u00f3n cient\u00edfica En los faros agroecol\u00f3gicos establecidos en el marco de los proyectos apoyados por el Conahcyt, se implementaron y validaron las pr\u00e1cticas agroecol\u00f3gicas y sus diversas combinaciones, optimizando procesos e identificando aquellas que mostraron mayor eficiencia para el control de arvenses, control de plagas y enfermedades, nutrici\u00f3n de suelo, entre otras. A efecto de [&hellip;]<\/p>\n","protected":false},"author":58,"featured_media":0,"parent":0,"menu_order":0,"comment_status":"closed","ping_status":"closed","template":"","meta":{"ocean_post_layout":"left-sidebar","ocean_both_sidebars_style":"","ocean_both_sidebars_content_width":0,"ocean_both_sidebars_sidebars_width":0,"ocean_sidebar":"ocs-sidebar-07-validacion-cientifica","ocean_second_sidebar":"","ocean_disable_margins":"enable","ocean_add_body_class":"","ocean_shortcode_before_top_bar":"","ocean_shortcode_after_top_bar":"","ocean_shortcode_before_header":"","ocean_shortcode_after_header":"","ocean_has_shortcode":"","ocean_shortcode_after_title":"","ocean_shortcode_before_footer_widgets":"","ocean_shortcode_after_footer_widgets":"","ocean_shortcode_before_footer_bottom":"","ocean_shortcode_after_footer_bottom":"","ocean_display_top_bar":"default","ocean_display_header":"default","ocean_header_style":"","ocean_center_header_left_menu":"","ocean_custom_header_template":"","ocean_custom_logo":0,"ocean_custom_retina_logo":0,"ocean_custom_logo_max_width":0,"ocean_custom_logo_tablet_max_width":0,"ocean_custom_logo_mobile_max_width":0,"ocean_custom_logo_max_height":0,"ocean_custom_logo_tablet_max_height":0,"ocean_custom_logo_mobile_max_height":0,"ocean_header_custom_menu":"","ocean_menu_typo_font_family":"","ocean_menu_typo_font_subset":"","ocean_menu_typo_font_size":0,"ocean_menu_typo_font_size_tablet":0,"ocean_menu_typo_font_size_mobile":0,"ocean_menu_typo_font_size_unit":"px","ocean_menu_typo_font_weight":"","ocean_menu_typo_font_weight_tablet":"","ocean_menu_typo_font_weight_mobile":"","ocean_menu_typo_transform":"","ocean_menu_typo_transform_tablet":"","ocean_menu_typo_transform_mobile":"","ocean_menu_typo_line_height":0,"ocean_menu_typo_line_height_tablet":0,"ocean_menu_typo_line_height_mobile":0,"ocean_menu_typo_line_height_unit":"","ocean_menu_typo_spacing":0,"ocean_menu_typo_spacing_tablet":0,"ocean_menu_typo_spacing_mobile":0,"ocean_menu_typo_spacing_unit":"","ocean_menu_link_color":"","ocean_menu_link_color_hover":"","ocean_menu_link_color_active":"","ocean_menu_link_background":"","ocean_menu_link_hover_background":"","ocean_menu_link_active_background":"","ocean_menu_social_links_bg":"","ocean_menu_social_hover_links_bg":"","ocean_menu_social_links_color":"","ocean_menu_social_hover_links_color":"","ocean_disable_title":"on","ocean_disable_heading":"default","ocean_post_title":"","ocean_post_subheading":"","ocean_post_title_style":"","ocean_post_title_background_color":"","ocean_post_title_background":0,"ocean_post_title_bg_image_position":"","ocean_post_title_bg_image_attachment":"","ocean_post_title_bg_image_repeat":"","ocean_post_title_bg_image_size":"","ocean_post_title_height":0,"ocean_post_title_bg_overlay":0.5,"ocean_post_title_bg_overlay_color":"","ocean_disable_breadcrumbs":"default","ocean_breadcrumbs_color":"","ocean_breadcrumbs_separator_color":"","ocean_breadcrumbs_links_color":"","ocean_breadcrumbs_links_hover_color":"","ocean_display_footer_widgets":"default","ocean_display_footer_bottom":"default","ocean_custom_footer_template":"","footnotes":""},"aioseo_notices":[],"_links":{"self":[{"href":"https:\/\/alimentacion.conahcyt.mx\/produccionsinglifosato\/wp-json\/wp\/v2\/pages\/16063"}],"collection":[{"href":"https:\/\/alimentacion.conahcyt.mx\/produccionsinglifosato\/wp-json\/wp\/v2\/pages"}],"about":[{"href":"https:\/\/alimentacion.conahcyt.mx\/produccionsinglifosato\/wp-json\/wp\/v2\/types\/page"}],"author":[{"embeddable":true,"href":"https:\/\/alimentacion.conahcyt.mx\/produccionsinglifosato\/wp-json\/wp\/v2\/users\/58"}],"replies":[{"embeddable":true,"href":"https:\/\/alimentacion.conahcyt.mx\/produccionsinglifosato\/wp-json\/wp\/v2\/comments?post=16063"}],"version-history":[{"count":11,"href":"https:\/\/alimentacion.conahcyt.mx\/produccionsinglifosato\/wp-json\/wp\/v2\/pages\/16063\/revisions"}],"predecessor-version":[{"id":18262,"href":"https:\/\/alimentacion.conahcyt.mx\/produccionsinglifosato\/wp-json\/wp\/v2\/pages\/16063\/revisions\/18262"}],"wp:attachment":[{"href":"https:\/\/alimentacion.conahcyt.mx\/produccionsinglifosato\/wp-json\/wp\/v2\/media?parent=16063"}],"curies":[{"name":"wp","href":"https:\/\/api.w.org\/{rel}","templated":true}]}}