{"id":16081,"date":"2024-04-03T12:57:09","date_gmt":"2024-04-03T18:57:09","guid":{"rendered":"https:\/\/alimentacion.conahcyt.mx\/produccionsinglifosato\/?page_id=16081"},"modified":"2024-08-23T14:55:27","modified_gmt":"2024-08-23T20:55:27","slug":"analisis-de-glifosato","status":"publish","type":"page","link":"https:\/\/alimentacion.conahcyt.mx\/produccionsinglifosato\/analisis-de-glifosato\/","title":{"rendered":"An\u00e1lisis de glifosato"},"content":{"rendered":"<style>.wp-block-kadence-advancedheading.kt-adv-heading16081_8b0ede-a0, .wp-block-kadence-advancedheading.kt-adv-heading16081_8b0ede-a0[data-kb-block=\"kb-adv-heading16081_8b0ede-a0\"]{font-style:normal;}.wp-block-kadence-advancedheading.kt-adv-heading16081_8b0ede-a0 mark.kt-highlight, .wp-block-kadence-advancedheading.kt-adv-heading16081_8b0ede-a0[data-kb-block=\"kb-adv-heading16081_8b0ede-a0\"] mark.kt-highlight{font-style:normal;color:#f76a0c;-webkit-box-decoration-break:clone;box-decoration-break:clone;padding-top:0px;padding-right:0px;padding-bottom:0px;padding-left:0px;}<\/style>\n<h1 class=\"kt-adv-heading16081_8b0ede-a0 wp-block-kadence-advancedheading\" data-kb-block=\"kb-adv-heading16081_8b0ede-a0\">An\u00e1lisis de glifosato<\/h1>\n\n\n<style>.kb-row-layout-id16081_1ecdd0-f0 > .kt-row-column-wrap{align-content:end;}:where(.kb-row-layout-id16081_1ecdd0-f0 > .kt-row-column-wrap) > .wp-block-kadence-column{justify-content:end;}.kb-row-layout-id16081_1ecdd0-f0 > .kt-row-column-wrap{column-gap:var(--global-kb-gap-md, 2rem);row-gap:var(--global-kb-gap-md, 2rem);padding-top:var(--global-kb-spacing-sm, 1.5rem);padding-bottom:var(--global-kb-spacing-sm, 1.5rem);grid-template-columns:repeat(2, minmax(0, 1fr));}.kb-row-layout-id16081_1ecdd0-f0 > .kt-row-layout-overlay{opacity:0.30;}.kb-row-layout-id16081_1ecdd0-f0 .kt-row-layout-bottom-sep{height:100px;}.kb-row-layout-id16081_1ecdd0-f0 .kt-row-layout-bottom-sep svg{width:154%;}.kb-row-layout-id16081_1ecdd0-f0 .kt-row-layout-bottom-sep svg{fill:#285c4d!important;}.kb-row-layout-id16081_1ecdd0-f0 .kt-row-layout-top-sep{height:56px;}.kb-row-layout-id16081_1ecdd0-f0 .kt-row-layout-top-sep svg{width:125%;}.kb-row-layout-id16081_1ecdd0-f0 .kt-row-layout-top-sep svg{fill:#285c4d!important;}@media all and (max-width: 1024px){.kb-row-layout-id16081_1ecdd0-f0 > .kt-row-column-wrap{grid-template-columns:repeat(2, minmax(0, 1fr));}}@media all and (max-width: 1024px){.kb-row-layout-id16081_1ecdd0-f0 .kt-row-layout-bottom-sep{height:px;}}@media all and (max-width: 1024px){.kb-row-layout-id16081_1ecdd0-f0 .kt-row-layout-bottom-sep svg{width:%;}}@media all and (max-width: 767px){.kb-row-layout-id16081_1ecdd0-f0 > .kt-row-column-wrap{grid-template-columns:minmax(0, 1fr);}.kb-row-layout-id16081_1ecdd0-f0 .kt-row-layout-bottom-sep{height:px;}.kb-row-layout-id16081_1ecdd0-f0 .kt-row-layout-bottom-sep svg{width:%;}}<\/style><div class=\"kb-row-layout-wrap kb-row-layout-id16081_1ecdd0-f0 alignnone wp-block-kadence-rowlayout\"><div class=\"kt-row-layout-bottom-sep kt-row-sep-type-waves\"><svg viewBox=\"0 0 1000 100\" preserveAspectRatio=\"none\"><path d=\"M1000,40c0,0 -120.077,-38.076 -250,-38c-129.923,0.076 -345.105,78 -500,78c-154.895,0 -250,-30 -250,-30l0,50l1000,0l0,-60Z\" \/><path d=\"M1000,40c0,0 -120.077,-38.076 -250,-38c-129.923,0.076 -345.105,73 -500,73c-154.895,0 -250,-45 -250,-45l0,70l1000,0l0,-60Z\" style=\"opacity: 0.4\" \/><path d=\"M1000,40c0,0 -120.077,-38.076 -250,-38c-129.923,0.076 -345.105,68 -500,68c-154.895,0 -250,-65 -250,-65l0,95l1000,0l0,-60Z\" style=\"opacity: 0.4\" \/><\/svg><\/div><div class=\"kt-row-column-wrap kt-has-2-columns kt-row-layout-equal kt-tab-layout-inherit kt-mobile-layout-row kt-row-valign-bottom\">\n<style>.kadence-column16081_53bc70-61 > .kt-inside-inner-col,.kadence-column16081_53bc70-61 > .kt-inside-inner-col:before{border-top-left-radius:0px;border-top-right-radius:0px;border-bottom-right-radius:0px;border-bottom-left-radius:0px;}.kadence-column16081_53bc70-61 > .kt-inside-inner-col{column-gap:var(--global-kb-gap-sm, 1rem);}.kadence-column16081_53bc70-61 > .kt-inside-inner-col{flex-direction:column;}.kadence-column16081_53bc70-61 > .kt-inside-inner-col > .aligncenter{width:100%;}.kadence-column16081_53bc70-61 > .kt-inside-inner-col:before{opacity:0.3;}.kadence-column16081_53bc70-61{position:relative;}@media all and (max-width: 1024px){.kadence-column16081_53bc70-61 > .kt-inside-inner-col{flex-direction:column;}}@media all and (max-width: 767px){.kadence-column16081_53bc70-61 > .kt-inside-inner-col{flex-direction:column;}}<\/style>\n<div class=\"wp-block-kadence-column kadence-column16081_53bc70-61\"><div class=\"kt-inside-inner-col\">\n<p>El glifosato es el herbicida de amplio espectro m\u00e1s utilizado en el mundo, cuya aplicaci\u00f3n ha sido causante de da\u00f1o social, cultural, ambiental y econ\u00f3mico hacia los campesinos, la agricultura, la alimentaci\u00f3n, la salud y al pa\u00eds.<\/p>\n\n\n\n<p>Como parte de los esfuerzos del Conahcyt, se han apoyado diversos proyectos orientados a la detecci\u00f3n y monitoreo de glifosato y su principal metabolito (AMPA) en distintas matrices, a efecto de determinar su presencia a lo largo de los niveles de transici\u00f3n agroecol\u00f3gica y el impacto que esto conlleva. As\u00ed, como resultado de los muestreos realizados en parcelas ubicadas en los faros agroecol\u00f3gicos, se ha detectado su presencia en los suelos de cultivos de naranja y de ma\u00edz, en plantas y granos de ma\u00edz.<\/p>\n<\/div><\/div>\n\n\n<style>.kadence-column16081_35d9b4-25 > .kt-inside-inner-col{display:flex;}.kadence-column16081_35d9b4-25 > .kt-inside-inner-col,.kadence-column16081_35d9b4-25 > .kt-inside-inner-col:before{border-top-left-radius:0px;border-top-right-radius:0px;border-bottom-right-radius:0px;border-bottom-left-radius:0px;}.kadence-column16081_35d9b4-25 > .kt-inside-inner-col{column-gap:var(--global-kb-gap-sm, 1rem);}.kadence-column16081_35d9b4-25 > .kt-inside-inner-col{flex-direction:column;justify-content:center;}.kadence-column16081_35d9b4-25 > .kt-inside-inner-col > .aligncenter{width:100%;}.kt-row-column-wrap > .kadence-column16081_35d9b4-25{align-self:center;}.kt-inner-column-height-full:not(.kt-has-1-columns) > .wp-block-kadence-column.kadence-column16081_35d9b4-25{align-self:auto;}.kt-inner-column-height-full:not(.kt-has-1-columns) > .wp-block-kadence-column.kadence-column16081_35d9b4-25 > .kt-inside-inner-col{flex-direction:column;justify-content:center;}.kadence-column16081_35d9b4-25 > .kt-inside-inner-col:before{opacity:0.3;}.kadence-column16081_35d9b4-25{position:relative;}@media all and (max-width: 1024px){.kt-row-column-wrap > .kadence-column16081_35d9b4-25{align-self:center;}}@media all and (max-width: 1024px){.kt-inner-column-height-full:not(.kt-has-1-columns) > .wp-block-kadence-column.kadence-column16081_35d9b4-25{align-self:auto;}}@media all and (max-width: 1024px){.kt-inner-column-height-full:not(.kt-has-1-columns) > .wp-block-kadence-column.kadence-column16081_35d9b4-25 > .kt-inside-inner-col{flex-direction:column;justify-content:center;}}@media all and (max-width: 1024px){.kadence-column16081_35d9b4-25 > .kt-inside-inner-col{flex-direction:column;}}@media all and (max-width: 767px){.kt-row-column-wrap > .kadence-column16081_35d9b4-25{align-self:center;}.kt-inner-column-height-full:not(.kt-has-1-columns) > .wp-block-kadence-column.kadence-column16081_35d9b4-25{align-self:auto;}.kt-inner-column-height-full:not(.kt-has-1-columns) > .wp-block-kadence-column.kadence-column16081_35d9b4-25 > .kt-inside-inner-col{flex-direction:column;justify-content:center;}.kadence-column16081_35d9b4-25 > .kt-inside-inner-col{flex-direction:column;}}<\/style>\n<div class=\"wp-block-kadence-column kadence-column16081_35d9b4-25\"><div class=\"kt-inside-inner-col\">\n<figure class=\"wp-block-image size-large is-resized is-style-rounded\"><img loading=\"lazy\" decoding=\"async\" width=\"769\" height=\"1024\" src=\"https:\/\/alimentacion.conahcyt.mx\/produccionsinglifosato\/wp-content\/uploads\/2024\/08\/faros-769x1024.jpg\" alt=\"\" class=\"wp-image-17828\" style=\"aspect-ratio:1;object-fit:cover;width:368px;height:auto\" srcset=\"https:\/\/alimentacion.conahcyt.mx\/produccionsinglifosato\/wp-content\/uploads\/2024\/08\/faros-769x1024.jpg 769w, https:\/\/alimentacion.conahcyt.mx\/produccionsinglifosato\/wp-content\/uploads\/2024\/08\/faros-225x300.jpg 225w, https:\/\/alimentacion.conahcyt.mx\/produccionsinglifosato\/wp-content\/uploads\/2024\/08\/faros-768x1023.jpg 768w, https:\/\/alimentacion.conahcyt.mx\/produccionsinglifosato\/wp-content\/uploads\/2024\/08\/faros-1153x1536.jpg 1153w, https:\/\/alimentacion.conahcyt.mx\/produccionsinglifosato\/wp-content\/uploads\/2024\/08\/faros.jpg 1201w\" sizes=\"(max-width: 769px) 100vw, 769px\" \/><\/figure>\n\n\n<style>.wp-block-kadence-advancedbtn.kb-btns16081_bbf814-8d{gap:var(--global-kb-gap-xs, 0.5rem );justify-content:center;align-items:center;}.kt-btns16081_bbf814-8d .kt-button{font-weight:normal;font-style:normal;}.kt-btns16081_bbf814-8d .kt-btn-wrap-0{margin-right:5px;}.wp-block-kadence-advancedbtn.kt-btns16081_bbf814-8d .kt-btn-wrap-0 .kt-button{color:#555555;border-color:#555555;}.wp-block-kadence-advancedbtn.kt-btns16081_bbf814-8d .kt-btn-wrap-0 .kt-button:hover, .wp-block-kadence-advancedbtn.kt-btns16081_bbf814-8d .kt-btn-wrap-0 .kt-button:focus{color:#ffffff;border-color:#444444;}.wp-block-kadence-advancedbtn.kt-btns16081_bbf814-8d .kt-btn-wrap-0 .kt-button::before{display:none;}.wp-block-kadence-advancedbtn.kt-btns16081_bbf814-8d .kt-btn-wrap-0 .kt-button:hover, .wp-block-kadence-advancedbtn.kt-btns16081_bbf814-8d .kt-btn-wrap-0 .kt-button:focus{background:#444444;}<\/style>\n<div class=\"wp-block-kadence-advancedbtn kb-buttons-wrap kb-btns16081_bbf814-8d\"><style>ul.menu .wp-block-kadence-advancedbtn .kb-btn16081_d99672-c9.kb-button{width:initial;}.wp-block-kadence-advancedbtn .kb-btn16081_d99672-c9.kb-button{color:#ffffff;background:#b38e5d;}<\/style><a class=\"kb-button kt-button button kb-btn16081_d99672-c9 kt-btn-size-standard kt-btn-width-type-auto kb-btn-global-inherit kt-btn-has-text-true kt-btn-has-svg-false wp-block-button__link wp-block-kadence-singlebtn\" href=\"https:\/\/alimentacion.conahcyt.mx\/produccionsinglifosato\/biblioteca\/\"><span class=\"kt-btn-inner-text\">Conoce los resultados en la biblioteca<\/span><\/a><\/div>\n<\/div><\/div>\n\n<\/div><\/div>","protected":false},"excerpt":{"rendered":"<p>An\u00e1lisis de glifosato El glifosato es el herbicida de amplio espectro m\u00e1s utilizado en el mundo, cuya aplicaci\u00f3n ha sido causante de da\u00f1o social, cultural, ambiental y econ\u00f3mico hacia los campesinos, la agricultura, la alimentaci\u00f3n, la salud y al pa\u00eds. Como parte de los esfuerzos del Conahcyt, se han apoyado diversos proyectos orientados a la [&hellip;]<\/p>\n","protected":false},"author":58,"featured_media":0,"parent":0,"menu_order":0,"comment_status":"closed","ping_status":"closed","template":"","meta":{"ocean_post_layout":"left-sidebar","ocean_both_sidebars_style":"","ocean_both_sidebars_content_width":0,"ocean_both_sidebars_sidebars_width":0,"ocean_sidebar":"ocs-sidebar-07-validacion-cientifica","ocean_second_sidebar":"","ocean_disable_margins":"enable","ocean_add_body_class":"","ocean_shortcode_before_top_bar":"","ocean_shortcode_after_top_bar":"","ocean_shortcode_before_header":"","ocean_shortcode_after_header":"","ocean_has_shortcode":"","ocean_shortcode_after_title":"","ocean_shortcode_before_footer_widgets":"","ocean_shortcode_after_footer_widgets":"","ocean_shortcode_before_footer_bottom":"","ocean_shortcode_after_footer_bottom":"","ocean_display_top_bar":"default","ocean_display_header":"default","ocean_header_style":"","ocean_center_header_left_menu":"","ocean_custom_header_template":"","ocean_custom_logo":0,"ocean_custom_retina_logo":0,"ocean_custom_logo_max_width":0,"ocean_custom_logo_tablet_max_width":0,"ocean_custom_logo_mobile_max_width":0,"ocean_custom_logo_max_height":0,"ocean_custom_logo_tablet_max_height":0,"ocean_custom_logo_mobile_max_height":0,"ocean_header_custom_menu":"","ocean_menu_typo_font_family":"","ocean_menu_typo_font_subset":"","ocean_menu_typo_font_size":0,"ocean_menu_typo_font_size_tablet":0,"ocean_menu_typo_font_size_mobile":0,"ocean_menu_typo_font_size_unit":"px","ocean_menu_typo_font_weight":"","ocean_menu_typo_font_weight_tablet":"","ocean_menu_typo_font_weight_mobile":"","ocean_menu_typo_transform":"","ocean_menu_typo_transform_tablet":"","ocean_menu_typo_transform_mobile":"","ocean_menu_typo_line_height":0,"ocean_menu_typo_line_height_tablet":0,"ocean_menu_typo_line_height_mobile":0,"ocean_menu_typo_line_height_unit":"","ocean_menu_typo_spacing":0,"ocean_menu_typo_spacing_tablet":0,"ocean_menu_typo_spacing_mobile":0,"ocean_menu_typo_spacing_unit":"","ocean_menu_link_color":"","ocean_menu_link_color_hover":"","ocean_menu_link_color_active":"","ocean_menu_link_background":"","ocean_menu_link_hover_background":"","ocean_menu_link_active_background":"","ocean_menu_social_links_bg":"","ocean_menu_social_hover_links_bg":"","ocean_menu_social_links_color":"","ocean_menu_social_hover_links_color":"","ocean_disable_title":"on","ocean_disable_heading":"default","ocean_post_title":"","ocean_post_subheading":"","ocean_post_title_style":"","ocean_post_title_background_color":"","ocean_post_title_background":0,"ocean_post_title_bg_image_position":"","ocean_post_title_bg_image_attachment":"","ocean_post_title_bg_image_repeat":"","ocean_post_title_bg_image_size":"","ocean_post_title_height":0,"ocean_post_title_bg_overlay":0.5,"ocean_post_title_bg_overlay_color":"","ocean_disable_breadcrumbs":"default","ocean_breadcrumbs_color":"","ocean_breadcrumbs_separator_color":"","ocean_breadcrumbs_links_color":"","ocean_breadcrumbs_links_hover_color":"","ocean_display_footer_widgets":"default","ocean_display_footer_bottom":"default","ocean_custom_footer_template":"","footnotes":""},"aioseo_notices":[],"_links":{"self":[{"href":"https:\/\/alimentacion.conahcyt.mx\/produccionsinglifosato\/wp-json\/wp\/v2\/pages\/16081"}],"collection":[{"href":"https:\/\/alimentacion.conahcyt.mx\/produccionsinglifosato\/wp-json\/wp\/v2\/pages"}],"about":[{"href":"https:\/\/alimentacion.conahcyt.mx\/produccionsinglifosato\/wp-json\/wp\/v2\/types\/page"}],"author":[{"embeddable":true,"href":"https:\/\/alimentacion.conahcyt.mx\/produccionsinglifosato\/wp-json\/wp\/v2\/users\/58"}],"replies":[{"embeddable":true,"href":"https:\/\/alimentacion.conahcyt.mx\/produccionsinglifosato\/wp-json\/wp\/v2\/comments?post=16081"}],"version-history":[{"count":6,"href":"https:\/\/alimentacion.conahcyt.mx\/produccionsinglifosato\/wp-json\/wp\/v2\/pages\/16081\/revisions"}],"predecessor-version":[{"id":18060,"href":"https:\/\/alimentacion.conahcyt.mx\/produccionsinglifosato\/wp-json\/wp\/v2\/pages\/16081\/revisions\/18060"}],"wp:attachment":[{"href":"https:\/\/alimentacion.conahcyt.mx\/produccionsinglifosato\/wp-json\/wp\/v2\/media?parent=16081"}],"curies":[{"name":"wp","href":"https:\/\/api.w.org\/{rel}","templated":true}]}}