{"id":16093,"date":"2024-04-03T12:59:55","date_gmt":"2024-04-03T18:59:55","guid":{"rendered":"https:\/\/alimentacion.conahcyt.mx\/produccionsinglifosato\/?page_id=16093"},"modified":"2024-09-11T13:34:47","modified_gmt":"2024-09-11T19:34:47","slug":"rendimientos-y-productividad","status":"publish","type":"page","link":"https:\/\/alimentacion.conahcyt.mx\/produccionsinglifosato\/rendimientos-y-productividad\/","title":{"rendered":"Rendimientos y productividad"},"content":{"rendered":"<style>.wp-block-kadence-advancedheading.kt-adv-heading16093_96c1a3-32, .wp-block-kadence-advancedheading.kt-adv-heading16093_96c1a3-32[data-kb-block=\"kb-adv-heading16093_96c1a3-32\"]{font-style:normal;}.wp-block-kadence-advancedheading.kt-adv-heading16093_96c1a3-32 mark.kt-highlight, .wp-block-kadence-advancedheading.kt-adv-heading16093_96c1a3-32[data-kb-block=\"kb-adv-heading16093_96c1a3-32\"] mark.kt-highlight{font-style:normal;color:#f76a0c;-webkit-box-decoration-break:clone;box-decoration-break:clone;padding-top:0px;padding-right:0px;padding-bottom:0px;padding-left:0px;}<\/style>\n<h1 class=\"kt-adv-heading16093_96c1a3-32 wp-block-kadence-advancedheading\" data-kb-block=\"kb-adv-heading16093_96c1a3-32\">Rendimientos y productividad<\/h1>\n\n\n\n<p style=\"font-size:18px\">A partir de la implementaci\u00f3n de planes de manejo que incluyen el uso de pr\u00e1cticas agroecol\u00f3gicas y bioinsumos en la superficie de los faros agroecol\u00f3gicos, se demostr\u00f3 que es posible producir sin uso de glifosato y obtener mayores rendimientos a partir de la producci\u00f3n agroecol\u00f3gica, as\u00ed como mayores utilidades.<\/p>\n\n\n\n<p style=\"font-size:18px\">Para el caso de ma\u00edz, la informaci\u00f3n fue obtenida de parcelas ubicadas en 14 estados de la rep\u00fablica, que corresponden a productores de peque\u00f1a, mediana y gran escala.<\/p>\n\n\n\n<div class=\"wp-block-columns is-layout-flex wp-container-core-columns-layout-1 wp-block-columns-is-layout-flex\">\n<div class=\"wp-block-column is-layout-flow wp-block-column-is-layout-flow\">\n<p><\/p>\n\n\n\n<p class=\"has-text-align-center has-text-color has-link-color wp-elements-43b896bd825173f6c81d8ff4e22763dc\" style=\"color:#285c4d;font-size:20px\"><strong>Porcentaje de utilidad respecto al costo en cultivos de ma\u00edz<\/strong><\/p>\n\n\n<style>.kb-image16093_6a17da-53.kb-image-is-ratio-size, .kb-image16093_6a17da-53 .kb-image-is-ratio-size{max-width:405px;width:100%;}.wp-block-kadence-column > .kt-inside-inner-col > .kb-image16093_6a17da-53.kb-image-is-ratio-size, .wp-block-kadence-column > .kt-inside-inner-col > .kb-image16093_6a17da-53 .kb-image-is-ratio-size{align-self:unset;}.kb-image16093_6a17da-53{max-width:405px;}.image-is-svg.kb-image16093_6a17da-53{-webkit-flex:0 1 100%;flex:0 1 100%;}.image-is-svg.kb-image16093_6a17da-53 img{width:100%;}.kb-image16093_6a17da-53 .kb-image-has-overlay:after{opacity:0.3;}<\/style>\n<figure class=\"wp-block-kadence-image kb-image16093_6a17da-53 size-full\"><img loading=\"lazy\" decoding=\"async\" width=\"589\" height=\"423\" src=\"https:\/\/alimentacion.conahcyt.mx\/produccionsinglifosato\/wp-content\/uploads\/2024\/09\/grafico_utilidad_K.jpg\" alt=\"\" class=\"kb-img wp-image-18151\" srcset=\"https:\/\/alimentacion.conahcyt.mx\/produccionsinglifosato\/wp-content\/uploads\/2024\/09\/grafico_utilidad_K.jpg 589w, https:\/\/alimentacion.conahcyt.mx\/produccionsinglifosato\/wp-content\/uploads\/2024\/09\/grafico_utilidad_K-300x215.jpg 300w\" sizes=\"(max-width: 589px) 100vw, 589px\" \/><\/figure>\n\n\n\n<p class=\"has-text-align-center\" style=\"font-size:18px\">Se registr\u00f3 <strong>mayor utilidad <\/strong>en los cultivos sin el uso de glifosato en los 14 estados, en donde se implementaron pr\u00e1cticas agroecol\u00f3gicas.<\/p>\n<\/div>\n\n\n\n<div class=\"wp-block-column is-layout-flow wp-block-column-is-layout-flow\">\n<p><\/p>\n\n\n\n<p class=\"has-text-align-center has-text-color has-link-color wp-elements-0dba8a70933b032f15bddc6edfbb6550\" style=\"color:#285c4d;font-size:20px\"><strong>Rendimiento en cultivos de ma\u00edz, 14 estados de la rep\u00fablica mexicana<\/strong><\/p>\n\n\n<style>.kb-image16093_ea13ee-5a.kb-image-is-ratio-size, .kb-image16093_ea13ee-5a .kb-image-is-ratio-size{max-width:422px;width:100%;}.wp-block-kadence-column > .kt-inside-inner-col > .kb-image16093_ea13ee-5a.kb-image-is-ratio-size, .wp-block-kadence-column > .kt-inside-inner-col > .kb-image16093_ea13ee-5a .kb-image-is-ratio-size{align-self:unset;}.kb-image16093_ea13ee-5a{max-width:422px;}.image-is-svg.kb-image16093_ea13ee-5a{-webkit-flex:0 1 100%;flex:0 1 100%;}.image-is-svg.kb-image16093_ea13ee-5a img{width:100%;}.kb-image16093_ea13ee-5a .kb-image-has-overlay:after{opacity:0.3;}<\/style>\n<figure class=\"wp-block-kadence-image kb-image16093_ea13ee-5a size-full\"><img loading=\"lazy\" decoding=\"async\" width=\"589\" height=\"386\" src=\"https:\/\/alimentacion.conahcyt.mx\/produccionsinglifosato\/wp-content\/uploads\/2024\/09\/grafica_rendimiento_K.jpg\" alt=\"\" class=\"kb-img wp-image-18154\" srcset=\"https:\/\/alimentacion.conahcyt.mx\/produccionsinglifosato\/wp-content\/uploads\/2024\/09\/grafica_rendimiento_K.jpg 589w, https:\/\/alimentacion.conahcyt.mx\/produccionsinglifosato\/wp-content\/uploads\/2024\/09\/grafica_rendimiento_K-300x197.jpg 300w\" sizes=\"(max-width: 589px) 100vw, 589px\" \/><\/figure>\n\n\n\n<div style=\"height:12px\" aria-hidden=\"true\" class=\"wp-block-spacer\"><\/div>\n\n\n\n<p class=\"has-text-align-center\" style=\"font-size:18px\">Los cultivos registraron un <strong>mayor rendimiento sin el uso de glifosato<\/strong> en 12 de los 14 estados, en donde se implementaron pr\u00e1cticas agroecol\u00f3gicas.<\/p>\n<\/div>\n<\/div>\n\n\n<style>.wp-block-kadence-spacer.kt-block-spacer-16093_b7a995-76 .kt-block-spacer{height:60px;}.wp-block-kadence-spacer.kt-block-spacer-16093_b7a995-76 .kt-divider{border-top-width:2px;border-top-color:#285c4d;width:80%;border-top-style:solid;}<\/style>\n<div class=\"wp-block-kadence-spacer aligncenter kt-block-spacer-16093_b7a995-76\"><div class=\"kt-block-spacer kt-block-spacer-halign-center\"><hr class=\"kt-divider\"\/><\/div><\/div>\n","protected":false},"excerpt":{"rendered":"<p>Rendimientos y productividad A partir de la implementaci\u00f3n de planes de manejo que incluyen el uso de pr\u00e1cticas agroecol\u00f3gicas y bioinsumos en la superficie de los faros agroecol\u00f3gicos, se demostr\u00f3 que es posible producir sin uso de glifosato y obtener mayores rendimientos a partir de la producci\u00f3n agroecol\u00f3gica, as\u00ed como mayores utilidades. Para el caso [&hellip;]<\/p>\n","protected":false},"author":58,"featured_media":0,"parent":0,"menu_order":0,"comment_status":"closed","ping_status":"closed","template":"","meta":{"ocean_post_layout":"left-sidebar","ocean_both_sidebars_style":"","ocean_both_sidebars_content_width":0,"ocean_both_sidebars_sidebars_width":0,"ocean_sidebar":"ocs-sidebar-07-validacion-cientifica","ocean_second_sidebar":"","ocean_disable_margins":"enable","ocean_add_body_class":"","ocean_shortcode_before_top_bar":"","ocean_shortcode_after_top_bar":"","ocean_shortcode_before_header":"","ocean_shortcode_after_header":"","ocean_has_shortcode":"","ocean_shortcode_after_title":"","ocean_shortcode_before_footer_widgets":"","ocean_shortcode_after_footer_widgets":"","ocean_shortcode_before_footer_bottom":"","ocean_shortcode_after_footer_bottom":"","ocean_display_top_bar":"default","ocean_display_header":"default","ocean_header_style":"","ocean_center_header_left_menu":"","ocean_custom_header_template":"","ocean_custom_logo":0,"ocean_custom_retina_logo":0,"ocean_custom_logo_max_width":0,"ocean_custom_logo_tablet_max_width":0,"ocean_custom_logo_mobile_max_width":0,"ocean_custom_logo_max_height":0,"ocean_custom_logo_tablet_max_height":0,"ocean_custom_logo_mobile_max_height":0,"ocean_header_custom_menu":"","ocean_menu_typo_font_family":"","ocean_menu_typo_font_subset":"","ocean_menu_typo_font_size":0,"ocean_menu_typo_font_size_tablet":0,"ocean_menu_typo_font_size_mobile":0,"ocean_menu_typo_font_size_unit":"px","ocean_menu_typo_font_weight":"","ocean_menu_typo_font_weight_tablet":"","ocean_menu_typo_font_weight_mobile":"","ocean_menu_typo_transform":"","ocean_menu_typo_transform_tablet":"","ocean_menu_typo_transform_mobile":"","ocean_menu_typo_line_height":0,"ocean_menu_typo_line_height_tablet":0,"ocean_menu_typo_line_height_mobile":0,"ocean_menu_typo_line_height_unit":"","ocean_menu_typo_spacing":0,"ocean_menu_typo_spacing_tablet":0,"ocean_menu_typo_spacing_mobile":0,"ocean_menu_typo_spacing_unit":"","ocean_menu_link_color":"","ocean_menu_link_color_hover":"","ocean_menu_link_color_active":"","ocean_menu_link_background":"","ocean_menu_link_hover_background":"","ocean_menu_link_active_background":"","ocean_menu_social_links_bg":"","ocean_menu_social_hover_links_bg":"","ocean_menu_social_links_color":"","ocean_menu_social_hover_links_color":"","ocean_disable_title":"on","ocean_disable_heading":"default","ocean_post_title":"","ocean_post_subheading":"","ocean_post_title_style":"","ocean_post_title_background_color":"","ocean_post_title_background":0,"ocean_post_title_bg_image_position":"","ocean_post_title_bg_image_attachment":"","ocean_post_title_bg_image_repeat":"","ocean_post_title_bg_image_size":"","ocean_post_title_height":0,"ocean_post_title_bg_overlay":0.5,"ocean_post_title_bg_overlay_color":"","ocean_disable_breadcrumbs":"default","ocean_breadcrumbs_color":"","ocean_breadcrumbs_separator_color":"","ocean_breadcrumbs_links_color":"","ocean_breadcrumbs_links_hover_color":"","ocean_display_footer_widgets":"default","ocean_display_footer_bottom":"default","ocean_custom_footer_template":"","footnotes":""},"aioseo_notices":[],"_links":{"self":[{"href":"https:\/\/alimentacion.conahcyt.mx\/produccionsinglifosato\/wp-json\/wp\/v2\/pages\/16093"}],"collection":[{"href":"https:\/\/alimentacion.conahcyt.mx\/produccionsinglifosato\/wp-json\/wp\/v2\/pages"}],"about":[{"href":"https:\/\/alimentacion.conahcyt.mx\/produccionsinglifosato\/wp-json\/wp\/v2\/types\/page"}],"author":[{"embeddable":true,"href":"https:\/\/alimentacion.conahcyt.mx\/produccionsinglifosato\/wp-json\/wp\/v2\/users\/58"}],"replies":[{"embeddable":true,"href":"https:\/\/alimentacion.conahcyt.mx\/produccionsinglifosato\/wp-json\/wp\/v2\/comments?post=16093"}],"version-history":[{"count":13,"href":"https:\/\/alimentacion.conahcyt.mx\/produccionsinglifosato\/wp-json\/wp\/v2\/pages\/16093\/revisions"}],"predecessor-version":[{"id":18171,"href":"https:\/\/alimentacion.conahcyt.mx\/produccionsinglifosato\/wp-json\/wp\/v2\/pages\/16093\/revisions\/18171"}],"wp:attachment":[{"href":"https:\/\/alimentacion.conahcyt.mx\/produccionsinglifosato\/wp-json\/wp\/v2\/media?parent=16093"}],"curies":[{"name":"wp","href":"https:\/\/api.w.org\/{rel}","templated":true}]}}