{"id":16840,"date":"2024-04-10T07:30:14","date_gmt":"2024-04-10T13:30:14","guid":{"rendered":"https:\/\/alimentacion.conahcyt.mx\/produccionsinglifosato\/?page_id=16840"},"modified":"2024-09-10T12:35:43","modified_gmt":"2024-09-10T18:35:43","slug":"metodo","status":"publish","type":"page","link":"https:\/\/alimentacion.conahcyt.mx\/produccionsinglifosato\/metodo\/","title":{"rendered":"M\u00e9todo"},"content":{"rendered":"\n<div style=\"height:30px\" aria-hidden=\"true\" class=\"wp-block-spacer\"><\/div>\n\n\n<style>.wp-block-kadence-advancedheading.kt-adv-heading16840_7c6138-0d, .wp-block-kadence-advancedheading.kt-adv-heading16840_7c6138-0d[data-kb-block=\"kb-adv-heading16840_7c6138-0d\"]{font-style:normal;}.wp-block-kadence-advancedheading.kt-adv-heading16840_7c6138-0d mark.kt-highlight, .wp-block-kadence-advancedheading.kt-adv-heading16840_7c6138-0d[data-kb-block=\"kb-adv-heading16840_7c6138-0d\"] mark.kt-highlight{font-style:normal;color:#f76a0c;-webkit-box-decoration-break:clone;box-decoration-break:clone;padding-top:0px;padding-right:0px;padding-bottom:0px;padding-left:0px;}<\/style>\n<h1 class=\"kt-adv-heading16840_7c6138-0d wp-block-kadence-advancedheading\" data-kb-block=\"kb-adv-heading16840_7c6138-0d\">M\u00e9todo<\/h1>\n\n\n\n<div style=\"height:30px\" aria-hidden=\"true\" class=\"wp-block-spacer\"><\/div>\n\n\n\n<p>Con base en Cochran (1977), el dise\u00f1o de muestreo y el tama\u00f1o de muestra se definieron tomando en cuenta el n\u00famero total de n\u00facleos agrarios (NA) a nivel nacional por entidad federativa, de acuerdo con las cifras presentadas en el Programa Institucional 2020-2024 de la Procuradur\u00eda Agraria (PA, 2020), los cuales cubren la propiedad social de M\u00e9xico (ejidos y comunidades).<\/p>\n\n\n\n<div class=\"wp-block-columns is-layout-flex wp-container-core-columns-layout-1 wp-block-columns-is-layout-flex\">\n<div class=\"wp-block-column is-vertically-aligned-center has-very-light-gray-color has-kb-palette-3-background-color has-text-color has-background has-link-color wp-elements-3e5bcc037614265c3cc3b1f78a8c2f56 is-layout-flow wp-block-column-is-layout-flow\">\n<p class=\"has-text-align-center has-medium-font-size\"><strong>Periodo de aplicaci\u00f3n: marzo a mayo del 2022<\/strong><\/p>\n<\/div>\n<\/div>\n\n\n\n<div style=\"height:20px\" aria-hidden=\"true\" class=\"wp-block-spacer\"><\/div>\n\n\n\n<div class=\"wp-block-columns is-layout-flex wp-container-core-columns-layout-5 wp-block-columns-is-layout-flex\">\n<div class=\"wp-block-column is-layout-flow wp-block-column-is-layout-flow\">\n<p class=\"has-text-align-center has-medium-font-size\"><strong><strong>Tama\u00f1o de muestra<\/strong><\/strong><\/p>\n\n\n\n<div class=\"wp-block-columns is-layout-flex wp-container-core-columns-layout-2 wp-block-columns-is-layout-flex\">\n<div class=\"wp-block-column is-layout-flow wp-block-column-is-layout-flow\"><style>.kb-count-up-16840_6ac645-c0 .kb-count-up-title{text-align:center;}.kb-count-up-16840_6ac645-c0 .kb-count-up-number{font-size:50px;}.kb-count-up-16840_6ac645-c0 .kb-count-up-number{text-align:center;}<\/style>\n<div class=\"wp-block-kadence-countup kb-count-up-16840_6ac645-c0 kb-count-up\" data-start=\"0\" data-end=\"8000\" data-prefix=\"\" data-suffix=\"\" data-duration=\"2\" data-separator=\"\"><div class=\"kb-count-up-process kb-count-up-number\"><\/div><div class=\"kb-count-up-title\">Encuestas estructuradas a cuatro sujetos agrarios (SA)<\/div><\/div>\n<\/div>\n<\/div>\n<\/div>\n\n\n\n<div class=\"wp-block-column is-layout-flow wp-block-column-is-layout-flow\">\n<p class=\"has-text-align-center has-medium-font-size\"><strong>Universo muestral<\/strong><\/p>\n\n\n\n<div class=\"wp-block-columns is-layout-flex wp-container-core-columns-layout-3 wp-block-columns-is-layout-flex\">\n<div class=\"wp-block-column is-layout-flow wp-block-column-is-layout-flow\"><style>.kb-count-up-16840_9a7e05-17 .kb-count-up-title{text-align:center;}.kb-count-up-16840_9a7e05-17 .kb-count-up-number{font-size:50px;}.kb-count-up-16840_9a7e05-17 .kb-count-up-number{text-align:center;}<\/style>\n<div class=\"wp-block-kadence-countup kb-count-up-16840_9a7e05-17 kb-count-up\" data-start=\"0\" data-end=\"2000\" data-prefix=\"\" data-suffix=\"\" data-duration=\"2\" data-separator=\"\"><div class=\"kb-count-up-process kb-count-up-number\"><\/div><div class=\"kb-count-up-title\">N\u00facleos agrarios<\/div><\/div>\n<\/div>\n<\/div>\n<\/div>\n\n\n\n<div class=\"wp-block-column is-layout-flow wp-block-column-is-layout-flow\">\n<p class=\"has-text-align-center has-medium-font-size\"><strong>Personas aplicadoras<\/strong><\/p>\n\n\n\n<div class=\"wp-block-columns is-layout-flex wp-container-core-columns-layout-4 wp-block-columns-is-layout-flex\">\n<div class=\"wp-block-column is-layout-flow wp-block-column-is-layout-flow\"><style>.kb-count-up-16840_37d284-7c .kb-count-up-title{text-align:center;}.kb-count-up-16840_37d284-7c .kb-count-up-number{font-size:50px;}.kb-count-up-16840_37d284-7c .kb-count-up-number{text-align:center;}<\/style>\n<div class=\"wp-block-kadence-countup kb-count-up-16840_37d284-7c kb-count-up\" data-start=\"0\" data-end=\"700\" data-prefix=\"\" data-suffix=\"\" data-duration=\"2\" data-separator=\"\"><div class=\"kb-count-up-process kb-count-up-number\"><\/div><div class=\"kb-count-up-title\">Personas visitadoras agrarias de las 32 representaciones estatales de la PA<\/div><\/div>\n<\/div>\n<\/div>\n<\/div>\n<\/div>\n\n\n\n<div class=\"wp-block-columns is-layout-flex wp-container-core-columns-layout-6 wp-block-columns-is-layout-flex\">\n<div class=\"wp-block-column is-layout-flow wp-block-column-is-layout-flow\">\n<p><strong>Dise\u00f1o de muestreo<\/strong>: probabil\u00edstico estratificado en dos etapas:<\/p>\n\n\n\n<ol>\n<li>Se definieron los estados como estratos de muestreo, asignando de manera proporcional el n\u00famero de NA por entidad federativa y se seleccion\u00f3 aleatoriamente el n\u00famero de NA asignados a cada entidad federativa.<\/li>\n\n\n\n<li>Selecci\u00f3n aleatoria de cuatro sujetos agrarios por cada NA asignado en la etapa anterior, a quienes les fue aplicada la encuesta.<\/li>\n<\/ol>\n<\/div>\n<\/div>\n\n\n\n<p><strong>Regionalizaci\u00f3n<\/strong>: Para la aplicaci\u00f3n y an\u00e1lisis de los resultados de la ENUG, se definieron las siguientes regiones, como se puede apreciar en la Figura 1:<\/p>\n\n\n\n<div class=\"wp-block-columns is-layout-flex wp-container-core-columns-layout-7 wp-block-columns-is-layout-flex\">\n<div class=\"wp-block-column is-vertically-aligned-center is-layout-flow wp-block-column-is-layout-flow\"><style>.wp-block-kadence-iconlist.kt-svg-icon-list-items16840_b52a11-d8:not(.this-stops-third-party-issues){margin-top:0px;margin-bottom:0px;}.wp-block-kadence-iconlist.kt-svg-icon-list-items16840_b52a11-d8 ul.kt-svg-icon-list:not(.this-prevents-issues):not(.this-stops-third-party-issues):not(.tijsloc){margin-top:0px;margin-right:0px;margin-bottom:var(--global-kb-spacing-sm, 1.5rem);margin-left:0px;}.wp-block-kadence-iconlist.kt-svg-icon-list-items16840_b52a11-d8 ul.kt-svg-icon-list{grid-row-gap:5px;}.wp-block-kadence-iconlist.kt-svg-icon-list-items16840_b52a11-d8 ul.kt-svg-icon-list .kt-svg-icon-list-item-wrap .kt-svg-icon-list-single{margin-right:10px;}.kt-svg-icon-list-items16840_b52a11-d8 ul.kt-svg-icon-list .kt-svg-icon-list-level-0 .kt-svg-icon-list-single svg{font-size:20px;}<\/style>\n<div class=\"wp-block-kadence-iconlist kt-svg-icon-list-items kt-svg-icon-list-items16840_b52a11-d8 kt-svg-icon-list-columns-1 alignnone\"><ul class=\"kt-svg-icon-list\"><style>.kt-svg-icon-list-item-16840_31fc30-23 .kt-svg-icon-list-text mark.kt-highlight{background-color:unset;font-style:normal;color:#f76a0c;-webkit-box-decoration-break:clone;box-decoration-break:clone;padding-top:0px;padding-right:0px;padding-bottom:0px;padding-left:0px;}<\/style>\n<li class=\"wp-block-kadence-listitem kt-svg-icon-list-item-wrap kt-svg-icon-list-item-16840_31fc30-23\"><span class=\"kb-svg-icon-wrap kb-svg-icon-fe_mapPin kt-svg-icon-list-single\"><svg viewBox=\"0 0 24 24\"  fill=\"none\" stroke=\"currentColor\" stroke-width=\"2\" stroke-linecap=\"round\" stroke-linejoin=\"round\" xmlns=\"http:\/\/www.w3.org\/2000\/svg\"  aria-hidden=\"true\"><path d=\"M21 10c0 7-9 13-9 13s-9-6-9-13a9 9 0 0 1 18 0z\"\/><circle cx=\"12\" cy=\"10\" r=\"3\"\/><\/svg><\/span><span class=\"kt-svg-icon-list-text\">Regi\u00f3n 1, noroeste: Baja California, Baja California Sur, Chihuahua, Sinaloa y Sonora.<\/span><\/li>\n\n\n<style>.kt-svg-icon-list-item-16840_a48cd5-62 .kt-svg-icon-list-text mark.kt-highlight{background-color:unset;font-style:normal;color:#f76a0c;-webkit-box-decoration-break:clone;box-decoration-break:clone;padding-top:0px;padding-right:0px;padding-bottom:0px;padding-left:0px;}<\/style>\n<li class=\"wp-block-kadence-listitem kt-svg-icon-list-item-wrap kt-svg-icon-list-item-16840_a48cd5-62\"><span class=\"kb-svg-icon-wrap kb-svg-icon-fe_mapPin kt-svg-icon-list-single\"><svg viewBox=\"0 0 24 24\"  fill=\"none\" stroke=\"currentColor\" stroke-width=\"2\" stroke-linecap=\"round\" stroke-linejoin=\"round\" xmlns=\"http:\/\/www.w3.org\/2000\/svg\"  aria-hidden=\"true\"><path d=\"M21 10c0 7-9 13-9 13s-9-6-9-13a9 9 0 0 1 18 0z\"\/><circle cx=\"12\" cy=\"10\" r=\"3\"\/><\/svg><\/span><span class=\"kt-svg-icon-list-text\">Regi\u00f3n 2, noreste: Coahuila, Durango, Nuevo Le\u00f3n y Tamaulipas.<\/span><\/li>\n\n\n<style>.kt-svg-icon-list-item-16840_e20b7f-52 .kt-svg-icon-list-text mark.kt-highlight{background-color:unset;font-style:normal;color:#f76a0c;-webkit-box-decoration-break:clone;box-decoration-break:clone;padding-top:0px;padding-right:0px;padding-bottom:0px;padding-left:0px;}<\/style>\n<li class=\"wp-block-kadence-listitem kt-svg-icon-list-item-wrap kt-svg-icon-list-item-16840_e20b7f-52\"><span class=\"kb-svg-icon-wrap kb-svg-icon-fe_mapPin kt-svg-icon-list-single\"><svg viewBox=\"0 0 24 24\"  fill=\"none\" stroke=\"currentColor\" stroke-width=\"2\" stroke-linecap=\"round\" stroke-linejoin=\"round\" xmlns=\"http:\/\/www.w3.org\/2000\/svg\"  aria-hidden=\"true\"><path d=\"M21 10c0 7-9 13-9 13s-9-6-9-13a9 9 0 0 1 18 0z\"\/><circle cx=\"12\" cy=\"10\" r=\"3\"\/><\/svg><\/span><span class=\"kt-svg-icon-list-text\">Regi\u00f3n 3, centro-norte: Aguascalientes, Guanajuato, Quer\u00e9taro, San Luis Potos\u00ed y Zacatecas.<\/span><\/li>\n\n\n<style>.kt-svg-icon-list-item-16840_741731-df .kt-svg-icon-list-text mark.kt-highlight{background-color:unset;font-style:normal;color:#f76a0c;-webkit-box-decoration-break:clone;box-decoration-break:clone;padding-top:0px;padding-right:0px;padding-bottom:0px;padding-left:0px;}<\/style>\n<li class=\"wp-block-kadence-listitem kt-svg-icon-list-item-wrap kt-svg-icon-list-item-16840_741731-df\"><span class=\"kb-svg-icon-wrap kb-svg-icon-fe_mapPin kt-svg-icon-list-single\"><svg viewBox=\"0 0 24 24\"  fill=\"none\" stroke=\"currentColor\" stroke-width=\"2\" stroke-linecap=\"round\" stroke-linejoin=\"round\" xmlns=\"http:\/\/www.w3.org\/2000\/svg\"  aria-hidden=\"true\"><path d=\"M21 10c0 7-9 13-9 13s-9-6-9-13a9 9 0 0 1 18 0z\"\/><circle cx=\"12\" cy=\"10\" r=\"3\"\/><\/svg><\/span><span class=\"kt-svg-icon-list-text\">Regi\u00f3n 4, centro: Ciudad de M\u00e9xico, Estado de M\u00e9xico, Hidalgo, Morelos, Puebla y Tlaxcala.<\/span><\/li>\n\n\n<style>.kt-svg-icon-list-item-16840_27ebc9-66 .kt-svg-icon-list-text mark.kt-highlight{background-color:unset;font-style:normal;color:#f76a0c;-webkit-box-decoration-break:clone;box-decoration-break:clone;padding-top:0px;padding-right:0px;padding-bottom:0px;padding-left:0px;}<\/style>\n<li class=\"wp-block-kadence-listitem kt-svg-icon-list-item-wrap kt-svg-icon-list-item-16840_27ebc9-66\"><span class=\"kb-svg-icon-wrap kb-svg-icon-fe_mapPin kt-svg-icon-list-single\"><svg viewBox=\"0 0 24 24\"  fill=\"none\" stroke=\"currentColor\" stroke-width=\"2\" stroke-linecap=\"round\" stroke-linejoin=\"round\" xmlns=\"http:\/\/www.w3.org\/2000\/svg\"  aria-hidden=\"true\"><path d=\"M21 10c0 7-9 13-9 13s-9-6-9-13a9 9 0 0 1 18 0z\"\/><circle cx=\"12\" cy=\"10\" r=\"3\"\/><\/svg><\/span><span class=\"kt-svg-icon-list-text\">Regi\u00f3n 5, occidente: Colima, Jalisco, Michoac\u00e1n y Nayarit.<\/span><\/li>\n\n\n<style>.kt-svg-icon-list-item-16840_24bb89-d3 .kt-svg-icon-list-text mark.kt-highlight{background-color:unset;font-style:normal;color:#f76a0c;-webkit-box-decoration-break:clone;box-decoration-break:clone;padding-top:0px;padding-right:0px;padding-bottom:0px;padding-left:0px;}<\/style>\n<li class=\"wp-block-kadence-listitem kt-svg-icon-list-item-wrap kt-svg-icon-list-item-16840_24bb89-d3\"><span class=\"kb-svg-icon-wrap kb-svg-icon-fe_mapPin kt-svg-icon-list-single\"><svg viewBox=\"0 0 24 24\"  fill=\"none\" stroke=\"currentColor\" stroke-width=\"2\" stroke-linecap=\"round\" stroke-linejoin=\"round\" xmlns=\"http:\/\/www.w3.org\/2000\/svg\"  aria-hidden=\"true\"><path d=\"M21 10c0 7-9 13-9 13s-9-6-9-13a9 9 0 0 1 18 0z\"\/><circle cx=\"12\" cy=\"10\" r=\"3\"\/><\/svg><\/span><span class=\"kt-svg-icon-list-text\">Regi\u00f3n 6, sur-sureste: Chiapas, Guerrero, Oaxaca y Veracruz.<\/span><\/li>\n\n\n<style>.kt-svg-icon-list-item-16840_b6f15d-f2 .kt-svg-icon-list-text mark.kt-highlight{background-color:unset;font-style:normal;color:#f76a0c;-webkit-box-decoration-break:clone;box-decoration-break:clone;padding-top:0px;padding-right:0px;padding-bottom:0px;padding-left:0px;}<\/style>\n<li class=\"wp-block-kadence-listitem kt-svg-icon-list-item-wrap kt-svg-icon-list-item-16840_b6f15d-f2\"><span class=\"kb-svg-icon-wrap kb-svg-icon-fe_mapPin kt-svg-icon-list-single\"><svg viewBox=\"0 0 24 24\"  fill=\"none\" stroke=\"currentColor\" stroke-width=\"2\" stroke-linecap=\"round\" stroke-linejoin=\"round\" xmlns=\"http:\/\/www.w3.org\/2000\/svg\"  aria-hidden=\"true\"><path d=\"M21 10c0 7-9 13-9 13s-9-6-9-13a9 9 0 0 1 18 0z\"\/><circle cx=\"12\" cy=\"10\" r=\"3\"\/><\/svg><\/span><span class=\"kt-svg-icon-list-text\">Regi\u00f3n 7, pen\u00ednsula de Yucat\u00e1n: Campeche, Quintana Roo, Tabasco y Yucat\u00e1n.<\/span><\/li>\n<\/ul><\/div>\n<\/div>\n<\/div>\n\n\n\n<figure class=\"wp-block-image size-large is-resized\"><img loading=\"lazy\" decoding=\"async\" width=\"1024\" height=\"724\" src=\"https:\/\/alimentacion.conahcyt.mx\/produccionsinglifosato\/wp-content\/uploads\/2024\/04\/F1_Regiones_-1024x724.jpg\" alt=\"\" class=\"wp-image-16966\" style=\"width:846px;height:auto\" srcset=\"https:\/\/alimentacion.conahcyt.mx\/produccionsinglifosato\/wp-content\/uploads\/2024\/04\/F1_Regiones_-1024x724.jpg 1024w, https:\/\/alimentacion.conahcyt.mx\/produccionsinglifosato\/wp-content\/uploads\/2024\/04\/F1_Regiones_-300x212.jpg 300w, https:\/\/alimentacion.conahcyt.mx\/produccionsinglifosato\/wp-content\/uploads\/2024\/04\/F1_Regiones_-768x543.jpg 768w, https:\/\/alimentacion.conahcyt.mx\/produccionsinglifosato\/wp-content\/uploads\/2024\/04\/F1_Regiones_-1536x1086.jpg 1536w, https:\/\/alimentacion.conahcyt.mx\/produccionsinglifosato\/wp-content\/uploads\/2024\/04\/F1_Regiones_-2048x1447.jpg 2048w\" sizes=\"(max-width: 1024px) 100vw, 1024px\" \/><\/figure>\n\n\n\n<p class=\"has-text-align-center\"><em>Figura 1. Distribuci\u00f3n espacial de las regiones. Elaboraci\u00f3n propia con datos de la ENUG, marzo-mayo, 2022<\/em><\/p>\n\n\n<style>.wp-block-kadence-spacer.kt-block-spacer-16840_1c6352-74 .kt-block-spacer{height:60px;}.wp-block-kadence-spacer.kt-block-spacer-16840_1c6352-74 .kt-divider{border-top-width:2px;border-top-color:#285c4d;width:80%;border-top-style:solid;}<\/style>\n<div class=\"wp-block-kadence-spacer aligncenter kt-block-spacer-16840_1c6352-74\"><div class=\"kt-block-spacer kt-block-spacer-halign-center\"><hr class=\"kt-divider\"\/><\/div><\/div>\n\n\n\n<div style=\"height:30px\" aria-hidden=\"true\" class=\"wp-block-spacer\"><\/div>\n","protected":false},"excerpt":{"rendered":"<p>M\u00e9todo Con base en Cochran (1977), el dise\u00f1o de muestreo y el tama\u00f1o de muestra se definieron tomando en cuenta el n\u00famero total de n\u00facleos agrarios (NA) a nivel nacional por entidad federativa, de acuerdo con las cifras presentadas en el Programa Institucional 2020-2024 de la Procuradur\u00eda Agraria (PA, 2020), los cuales cubren la propiedad [&hellip;]<\/p>\n","protected":false},"author":58,"featured_media":0,"parent":0,"menu_order":0,"comment_status":"closed","ping_status":"closed","template":"","meta":{"ocean_post_layout":"left-sidebar","ocean_both_sidebars_style":"","ocean_both_sidebars_content_width":0,"ocean_both_sidebars_sidebars_width":0,"ocean_sidebar":"ocs-sidebar-08-enug","ocean_second_sidebar":"","ocean_disable_margins":"enable","ocean_add_body_class":"","ocean_shortcode_before_top_bar":"","ocean_shortcode_after_top_bar":"","ocean_shortcode_before_header":"","ocean_shortcode_after_header":"","ocean_has_shortcode":"","ocean_shortcode_after_title":"","ocean_shortcode_before_footer_widgets":"","ocean_shortcode_after_footer_widgets":"","ocean_shortcode_before_footer_bottom":"","ocean_shortcode_after_footer_bottom":"","ocean_display_top_bar":"default","ocean_display_header":"default","ocean_header_style":"","ocean_center_header_left_menu":"","ocean_custom_header_template":"","ocean_custom_logo":0,"ocean_custom_retina_logo":0,"ocean_custom_logo_max_width":0,"ocean_custom_logo_tablet_max_width":0,"ocean_custom_logo_mobile_max_width":0,"ocean_custom_logo_max_height":0,"ocean_custom_logo_tablet_max_height":0,"ocean_custom_logo_mobile_max_height":0,"ocean_header_custom_menu":"","ocean_menu_typo_font_family":"","ocean_menu_typo_font_subset":"","ocean_menu_typo_font_size":0,"ocean_menu_typo_font_size_tablet":0,"ocean_menu_typo_font_size_mobile":0,"ocean_menu_typo_font_size_unit":"px","ocean_menu_typo_font_weight":"","ocean_menu_typo_font_weight_tablet":"","ocean_menu_typo_font_weight_mobile":"","ocean_menu_typo_transform":"","ocean_menu_typo_transform_tablet":"","ocean_menu_typo_transform_mobile":"","ocean_menu_typo_line_height":0,"ocean_menu_typo_line_height_tablet":0,"ocean_menu_typo_line_height_mobile":0,"ocean_menu_typo_line_height_unit":"","ocean_menu_typo_spacing":0,"ocean_menu_typo_spacing_tablet":0,"ocean_menu_typo_spacing_mobile":0,"ocean_menu_typo_spacing_unit":"","ocean_menu_link_color":"","ocean_menu_link_color_hover":"","ocean_menu_link_color_active":"","ocean_menu_link_background":"","ocean_menu_link_hover_background":"","ocean_menu_link_active_background":"","ocean_menu_social_links_bg":"","ocean_menu_social_hover_links_bg":"","ocean_menu_social_links_color":"","ocean_menu_social_hover_links_color":"","ocean_disable_title":"on","ocean_disable_heading":"default","ocean_post_title":"","ocean_post_subheading":"","ocean_post_title_style":"","ocean_post_title_background_color":"","ocean_post_title_background":0,"ocean_post_title_bg_image_position":"","ocean_post_title_bg_image_attachment":"","ocean_post_title_bg_image_repeat":"","ocean_post_title_bg_image_size":"","ocean_post_title_height":0,"ocean_post_title_bg_overlay":0.5,"ocean_post_title_bg_overlay_color":"","ocean_disable_breadcrumbs":"default","ocean_breadcrumbs_color":"","ocean_breadcrumbs_separator_color":"","ocean_breadcrumbs_links_color":"","ocean_breadcrumbs_links_hover_color":"","ocean_display_footer_widgets":"default","ocean_display_footer_bottom":"default","ocean_custom_footer_template":"","footnotes":""},"aioseo_notices":[],"_links":{"self":[{"href":"https:\/\/alimentacion.conahcyt.mx\/produccionsinglifosato\/wp-json\/wp\/v2\/pages\/16840"}],"collection":[{"href":"https:\/\/alimentacion.conahcyt.mx\/produccionsinglifosato\/wp-json\/wp\/v2\/pages"}],"about":[{"href":"https:\/\/alimentacion.conahcyt.mx\/produccionsinglifosato\/wp-json\/wp\/v2\/types\/page"}],"author":[{"embeddable":true,"href":"https:\/\/alimentacion.conahcyt.mx\/produccionsinglifosato\/wp-json\/wp\/v2\/users\/58"}],"replies":[{"embeddable":true,"href":"https:\/\/alimentacion.conahcyt.mx\/produccionsinglifosato\/wp-json\/wp\/v2\/comments?post=16840"}],"version-history":[{"count":17,"href":"https:\/\/alimentacion.conahcyt.mx\/produccionsinglifosato\/wp-json\/wp\/v2\/pages\/16840\/revisions"}],"predecessor-version":[{"id":18122,"href":"https:\/\/alimentacion.conahcyt.mx\/produccionsinglifosato\/wp-json\/wp\/v2\/pages\/16840\/revisions\/18122"}],"wp:attachment":[{"href":"https:\/\/alimentacion.conahcyt.mx\/produccionsinglifosato\/wp-json\/wp\/v2\/media?parent=16840"}],"curies":[{"name":"wp","href":"https:\/\/api.w.org\/{rel}","templated":true}]}}