{"id":308,"date":"2023-10-26T19:12:35","date_gmt":"2023-10-26T19:12:35","guid":{"rendered":"http:\/\/192.168.4.37\/maiz\/"},"modified":"2024-09-09T16:36:36","modified_gmt":"2024-09-09T22:36:36","slug":"bioinsumos","status":"publish","type":"page","link":"https:\/\/alimentacion.conahcyt.mx\/produccionsinglifosato\/bioinsumos\/","title":{"rendered":"Bioinsumos"},"content":{"rendered":"\n<div style=\"height:40px\" aria-hidden=\"true\" class=\"wp-block-spacer\"><\/div>\n\n\n\n<h1 class=\"wp-block-heading\">Bioinsumos<\/h1>\n\n\n\n<div style=\"height:6px\" aria-hidden=\"true\" class=\"wp-block-spacer\"><\/div>\n\n\n<style>.wp-block-kadence-advancedheading.kt-adv-heading308_9f0693-32, .wp-block-kadence-advancedheading.kt-adv-heading308_9f0693-32[data-kb-block=\"kb-adv-heading308_9f0693-32\"]{font-style:normal;}.wp-block-kadence-advancedheading.kt-adv-heading308_9f0693-32 mark.kt-highlight, .wp-block-kadence-advancedheading.kt-adv-heading308_9f0693-32[data-kb-block=\"kb-adv-heading308_9f0693-32\"] mark.kt-highlight{font-style:normal;color:#f76a0c;-webkit-box-decoration-break:clone;box-decoration-break:clone;padding-top:0px;padding-right:0px;padding-bottom:0px;padding-left:0px;}<\/style>\n<h2 class=\"kt-adv-heading308_9f0693-32 wp-block-kadence-advancedheading\" data-kb-block=\"kb-adv-heading308_9f0693-32\">\u00bfQu\u00e9 son los bioinsumos?<\/h2>\n\n\n\n<div class=\"wp-block-columns are-vertically-aligned-center is-layout-flex wp-container-core-columns-layout-1 wp-block-columns-is-layout-flex\">\n<div class=\"wp-block-column is-vertically-aligned-center is-layout-flow wp-block-column-is-layout-flow\" style=\"flex-basis:55%\">\n<p class=\"has-text-align-center\" style=\"font-size:18px\">Son una<strong> alternativa agroecol\u00f3gica,<\/strong> cuya aplicaci\u00f3n&nbsp;contribuye al aumento de rendimientos en los cultivos, mejora de las condiciones de los suelos y no genera impactos a la salud humana ni de los agroecosistemas. Actualmente, se cuenta con una estrategia y capacidades instaladas para continuar y potenciar su producci\u00f3n.<\/p>\n<\/div>\n\n\n\n<div class=\"wp-block-column is-vertically-aligned-center is-layout-flow wp-block-column-is-layout-flow\" style=\"flex-basis:66.66%\">\n<figure class=\"wp-block-image size-large is-style-rounded\"><img loading=\"lazy\" decoding=\"async\" width=\"1024\" height=\"678\" src=\"https:\/\/alimentacion.conahcyt.mx\/produccionsinglifosato\/wp-content\/uploads\/2024\/03\/PHOTO-2022-08-01-11-28-33-1-1024x678.jpg\" alt=\"\" class=\"wp-image-11659\" srcset=\"https:\/\/alimentacion.conahcyt.mx\/produccionsinglifosato\/wp-content\/uploads\/2024\/03\/PHOTO-2022-08-01-11-28-33-1-1024x678.jpg 1024w, https:\/\/alimentacion.conahcyt.mx\/produccionsinglifosato\/wp-content\/uploads\/2024\/03\/PHOTO-2022-08-01-11-28-33-1-300x199.jpg 300w, https:\/\/alimentacion.conahcyt.mx\/produccionsinglifosato\/wp-content\/uploads\/2024\/03\/PHOTO-2022-08-01-11-28-33-1-768x508.jpg 768w, https:\/\/alimentacion.conahcyt.mx\/produccionsinglifosato\/wp-content\/uploads\/2024\/03\/PHOTO-2022-08-01-11-28-33-1-1536x1017.jpg 1536w, https:\/\/alimentacion.conahcyt.mx\/produccionsinglifosato\/wp-content\/uploads\/2024\/03\/PHOTO-2022-08-01-11-28-33-1.jpg 1600w\" sizes=\"(max-width: 1024px) 100vw, 1024px\" \/><\/figure>\n<\/div>\n<\/div>\n\n\n<style>.kb-row-layout-id308_cbf811-14 > .kt-row-column-wrap{align-content:start;}:where(.kb-row-layout-id308_cbf811-14 > .kt-row-column-wrap) > .wp-block-kadence-column{justify-content:start;}.kb-row-layout-id308_cbf811-14 > .kt-row-column-wrap{column-gap:var(--global-kb-gap-md, 2rem);row-gap:var(--global-kb-gap-sm, 1rem);padding-top:var(--global-kb-spacing-sm, 1.5rem);padding-bottom:var(--global-kb-spacing-sm, 1.5rem);grid-template-columns:minmax(0, 1fr);}.kb-row-layout-id308_cbf811-14 > .kt-row-layout-overlay{opacity:0.30;}.kb-row-layout-id308_cbf811-14 .kt-row-layout-bottom-sep{height:85px;}.kb-row-layout-id308_cbf811-14 .kt-row-layout-bottom-sep svg{width:100%;}.kb-row-layout-id308_cbf811-14 .kt-row-layout-bottom-sep svg{fill:rgba(179,142,93,0.6)!important;}@media all and (max-width: 1024px){.kb-row-layout-id308_cbf811-14 > .kt-row-column-wrap{grid-template-columns:minmax(0, 1fr);}}@media all and (max-width: 1024px){.kb-row-layout-id308_cbf811-14 .kt-row-layout-bottom-sep{height:px;}}@media all and (max-width: 1024px){.kb-row-layout-id308_cbf811-14 .kt-row-layout-bottom-sep svg{width:%;}}@media all and (max-width: 767px){.kb-row-layout-id308_cbf811-14 > .kt-row-column-wrap{grid-template-columns:minmax(0, 1fr);}.kb-row-layout-id308_cbf811-14 .kt-row-layout-bottom-sep{height:px;}.kb-row-layout-id308_cbf811-14 .kt-row-layout-bottom-sep svg{width:%;}}<\/style><div class=\"kb-row-layout-wrap kb-row-layout-id308_cbf811-14 alignnone wp-block-kadence-rowlayout\"><div class=\"kt-row-layout-bottom-sep kt-row-sep-type-wavesi\"><svg viewBox=\"0 0 1000 100\" preserveAspectRatio=\"none\"><path d=\"M0,40c0,0 120.077,-38.076 250,-38c129.923,0.076 345.105,78 500,78c154.895,0 250,-30 250,-30l0,50l-1000,0l0,-60Z\" \/><path d=\"M0,40c0,0 120.077,-38.076 250,-38c129.923,0.076 345.105,73 500,73c154.895,0 250,-45 250,-45l0,70l-1000,0l0,-60Z\" style=\"opacity: 0.4\" \/><path d=\"M0,40c0,0 120.077,-38.076 250,-38c129.923,0.076 345.105,68 500,68c154.895,0 250,-65 250,-65l0,95l-1000,0l0,-60Z\" style=\"opacity: 0.4\" \/><\/svg><\/div><div class=\"kt-row-column-wrap kt-has-1-columns kt-row-layout-equal kt-tab-layout-inherit kt-mobile-layout-row kt-row-valign-top\">\n<style>.kadence-column308_f7e7eb-f0 > .kt-inside-inner-col,.kadence-column308_f7e7eb-f0 > .kt-inside-inner-col:before{border-top-left-radius:0px;border-top-right-radius:0px;border-bottom-right-radius:0px;border-bottom-left-radius:0px;}.kadence-column308_f7e7eb-f0 > .kt-inside-inner-col{column-gap:var(--global-kb-gap-sm, 1rem);}.kadence-column308_f7e7eb-f0 > .kt-inside-inner-col{flex-direction:column;}.kadence-column308_f7e7eb-f0 > .kt-inside-inner-col > .aligncenter{width:100%;}.kadence-column308_f7e7eb-f0 > .kt-inside-inner-col:before{opacity:0.3;}.kadence-column308_f7e7eb-f0{position:relative;}@media all and (max-width: 1024px){.kadence-column308_f7e7eb-f0 > .kt-inside-inner-col{flex-direction:column;}}@media all and (max-width: 767px){.kadence-column308_f7e7eb-f0 > .kt-inside-inner-col{flex-direction:column;}}<\/style>\n<div class=\"wp-block-kadence-column kadence-column308_f7e7eb-f0\"><div class=\"kt-inside-inner-col\"><\/div><\/div>\n\n<\/div><\/div>\n\n\n<div style=\"height:25px\" aria-hidden=\"true\" class=\"wp-block-spacer\"><\/div>\n\n\n<style>.wp-block-kadence-spacer.kt-block-spacer-308_b899d9-f7 .kt-block-spacer{height:60px;}.wp-block-kadence-spacer.kt-block-spacer-308_b899d9-f7 .kt-divider{border-top-width:1px;height:1px;border-top-color:#eee;width:80%;border-top-style:solid;}<\/style>\n<div class=\"wp-block-kadence-spacer aligncenter kt-block-spacer-308_b899d9-f7\"><div class=\"kt-block-spacer kt-block-spacer-halign-center\"><hr class=\"kt-divider\"\/><\/div><\/div>\n\n\n\n<p class=\"has-text-color has-link-color has-small-font-size wp-elements-e51c9ac8db2f9b4b15c31e9592817d5a\" style=\"color:#8c8c8c\"><strong><em>La informaci\u00f3n contenida en la presente plataforma deriva de los avances y resultados presentados en los proyectos apoyados por el Consejo Nacional de Humanidades Ciencias y Tecnolog\u00edas. Su uso deber\u00e1 realizarse con estricta responsabilidad y en apego a lo dispuesto en la Ley Federal del Derecho de Autor.<\/em><\/strong><\/p>\n","protected":false},"excerpt":{"rendered":"<p>Bioinsumos \u00bfQu\u00e9 son los bioinsumos? Son una alternativa agroecol\u00f3gica, cuya aplicaci\u00f3n&nbsp;contribuye al aumento de rendimientos en los cultivos, mejora de las condiciones de los suelos y no genera impactos a la salud humana ni de los agroecosistemas. Actualmente, se cuenta con una estrategia y capacidades instaladas para continuar y potenciar su producci\u00f3n. La informaci\u00f3n contenida [&hellip;]<\/p>\n","protected":false},"author":1,"featured_media":0,"parent":0,"menu_order":0,"comment_status":"closed","ping_status":"closed","template":"","meta":{"ocean_post_layout":"left-sidebar","ocean_both_sidebars_style":"","ocean_both_sidebars_content_width":0,"ocean_both_sidebars_sidebars_width":0,"ocean_sidebar":"ocs-sidebar-03-bioinsumos","ocean_second_sidebar":"","ocean_disable_margins":"enable","ocean_add_body_class":"","ocean_shortcode_before_top_bar":"","ocean_shortcode_after_top_bar":"","ocean_shortcode_before_header":"","ocean_shortcode_after_header":"","ocean_has_shortcode":"","ocean_shortcode_after_title":"","ocean_shortcode_before_footer_widgets":"","ocean_shortcode_after_footer_widgets":"","ocean_shortcode_before_footer_bottom":"","ocean_shortcode_after_footer_bottom":"","ocean_display_top_bar":"default","ocean_display_header":"default","ocean_header_style":"","ocean_center_header_left_menu":"","ocean_custom_header_template":"","ocean_custom_logo":0,"ocean_custom_retina_logo":0,"ocean_custom_logo_max_width":0,"ocean_custom_logo_tablet_max_width":0,"ocean_custom_logo_mobile_max_width":0,"ocean_custom_logo_max_height":0,"ocean_custom_logo_tablet_max_height":0,"ocean_custom_logo_mobile_max_height":0,"ocean_header_custom_menu":"","ocean_menu_typo_font_family":"","ocean_menu_typo_font_subset":"","ocean_menu_typo_font_size":0,"ocean_menu_typo_font_size_tablet":0,"ocean_menu_typo_font_size_mobile":0,"ocean_menu_typo_font_size_unit":"px","ocean_menu_typo_font_weight":"","ocean_menu_typo_font_weight_tablet":"","ocean_menu_typo_font_weight_mobile":"","ocean_menu_typo_transform":"","ocean_menu_typo_transform_tablet":"","ocean_menu_typo_transform_mobile":"","ocean_menu_typo_line_height":0,"ocean_menu_typo_line_height_tablet":0,"ocean_menu_typo_line_height_mobile":0,"ocean_menu_typo_line_height_unit":"","ocean_menu_typo_spacing":0,"ocean_menu_typo_spacing_tablet":0,"ocean_menu_typo_spacing_mobile":0,"ocean_menu_typo_spacing_unit":"","ocean_menu_link_color":"","ocean_menu_link_color_hover":"","ocean_menu_link_color_active":"","ocean_menu_link_background":"","ocean_menu_link_hover_background":"","ocean_menu_link_active_background":"","ocean_menu_social_links_bg":"","ocean_menu_social_hover_links_bg":"","ocean_menu_social_links_color":"","ocean_menu_social_hover_links_color":"","ocean_disable_title":"on","ocean_disable_heading":"default","ocean_post_title":"","ocean_post_subheading":"","ocean_post_title_style":"","ocean_post_title_background_color":"","ocean_post_title_background":0,"ocean_post_title_bg_image_position":"","ocean_post_title_bg_image_attachment":"","ocean_post_title_bg_image_repeat":"","ocean_post_title_bg_image_size":"","ocean_post_title_height":0,"ocean_post_title_bg_overlay":0.5,"ocean_post_title_bg_overlay_color":"","ocean_disable_breadcrumbs":"default","ocean_breadcrumbs_color":"","ocean_breadcrumbs_separator_color":"","ocean_breadcrumbs_links_color":"","ocean_breadcrumbs_links_hover_color":"","ocean_display_footer_widgets":"default","ocean_display_footer_bottom":"default","ocean_custom_footer_template":"","footnotes":""},"aioseo_notices":[],"_links":{"self":[{"href":"https:\/\/alimentacion.conahcyt.mx\/produccionsinglifosato\/wp-json\/wp\/v2\/pages\/308"}],"collection":[{"href":"https:\/\/alimentacion.conahcyt.mx\/produccionsinglifosato\/wp-json\/wp\/v2\/pages"}],"about":[{"href":"https:\/\/alimentacion.conahcyt.mx\/produccionsinglifosato\/wp-json\/wp\/v2\/types\/page"}],"author":[{"embeddable":true,"href":"https:\/\/alimentacion.conahcyt.mx\/produccionsinglifosato\/wp-json\/wp\/v2\/users\/1"}],"replies":[{"embeddable":true,"href":"https:\/\/alimentacion.conahcyt.mx\/produccionsinglifosato\/wp-json\/wp\/v2\/comments?post=308"}],"version-history":[{"count":6,"href":"https:\/\/alimentacion.conahcyt.mx\/produccionsinglifosato\/wp-json\/wp\/v2\/pages\/308\/revisions"}],"predecessor-version":[{"id":18074,"href":"https:\/\/alimentacion.conahcyt.mx\/produccionsinglifosato\/wp-json\/wp\/v2\/pages\/308\/revisions\/18074"}],"wp:attachment":[{"href":"https:\/\/alimentacion.conahcyt.mx\/produccionsinglifosato\/wp-json\/wp\/v2\/media?parent=308"}],"curies":[{"name":"wp","href":"https:\/\/api.w.org\/{rel}","templated":true}]}}